{"id":861,"date":"2019-07-30T12:36:47","date_gmt":"2019-07-30T12:36:47","guid":{"rendered":"https:\/\/lookingfortheperfectfood.eu\/?page_id=861"},"modified":"2019-07-30T12:36:47","modified_gmt":"2019-07-30T12:36:47","slug":"astuces-cuisine","status":"publish","type":"page","link":"https:\/\/lookingfortheperfectfood.eu\/fr\/astuces-cuisine\/","title":{"rendered":"Astuces cuisine"},"content":{"rendered":"<div class=\"fusion-fullwidth fullwidth-box fusion-builder-row-1 nonhundred-percent-fullwidth non-hundred-percent-height-scrolling\" style=\"--awb-border-radius-top-left:0px;--awb-border-radius-top-right:0px;--awb-border-radius-bottom-right:0px;--awb-border-radius-bottom-left:0px;--awb-flex-wrap:wrap;\" ><div class=\"fusion-builder-row fusion-row\"><div class=\"fusion-layout-column fusion_builder_column fusion-builder-column-0 fusion_builder_column_1_1 1_1 fusion-one-full fusion-column-first fusion-column-last\" style=\"--awb-bg-size:cover;\"><div class=\"fusion-column-wrapper fusion-column-has-shadow fusion-flex-column-wrapper-legacy\"><div class=\"fusion-text fusion-text-1\"><p>L\u2019huile d\u2019olive est un ingr\u00e9dient indispensable \u00e0 avoir dans son placard. Gr\u00e2ce \u00e0 leur diversit\u00e9, les huiles do\u2019live en AOP accompagnent toutes les cuisine aussi bien \u00e0 chaud qu\u2019\u00e0 froid.<\/p>\n<p><b>&#8211; Assaisonnement<\/b>\u00a0: l&rsquo;huile d&rsquo;olive peut \u00eatre vers\u00e9e directement en filet sur la salade ou sur un carpaccio. On peut aussi la pr\u00e9parer en vinaigrette avec de la moutarde, du sel, du poivre et du vinaigre. Vous pouvez remplacer le vinaigre par du citron. L&rsquo;huile d&rsquo;olive se marie divinement avec beaucoup d&rsquo;herbes fra\u00eeches, en particulier au basilic.<\/p>\n<p><b>&#8211; Cuisson<\/b>\u00a0: l&rsquo;huile d&rsquo;olive supporte des temp\u00e9ratures jusqu&rsquo;\u00e0 210 degr\u00e9s. On peut donc l&rsquo;utiliser pour des cuissons \u00e0 la po\u00eale, au four, en papillote ou pour assaisonner des\u00a0<a href=\"http:\/\/www.plurielles.fr\/tag\/plat\/plat-1.html\">plats<\/a>\u00a0mijot\u00e9s. L\u2019huile d\u2019olive peut m\u00eame s\u2019utiliser en friture, on choisira alors une huile gout subtil, plut\u00f4t douce.<\/p>\n<p><b>&#8211; Marinade\u00a0:<\/b> faire mariner de la viande ou du poisson dans l\u2019huile d\u2019olive vierge extra (pendant 2\/3h) pour am\u00e9liore la tendret\u00e9 et la saveur de la chair.<\/p>\n<p>Pour plus de saveur, agr\u00e9menter la marinade d\u2019herbes aromatiques, de poivre, piment, citron, ail, oignon ou \u00e9pices, \u2026<\/p>\n<p><b>&#8211; B\u00e9chamel\u00a0:<\/b> remplacer le beurre la b\u00e9chamel par de l\u2019huile d\u2019olive vierge extra pour rendre la sauce plus onctueuse et parfum\u00e9e.<\/p>\n<p><b>&#8211; Tartine\u00a0:<\/b> placer un r\u00e9cipient rempli d\u2019huile d\u2019olive au cong\u00e9lateur pour le laisser se figer\u00a0: on obtient le beurre du soleil. Le sortir au dernier moment pour tartiner des toasts pour l\u2019ap\u00e9ritif.<\/p>\n<p><b>&#8211; Fraises\u00a0:<\/b> ajouter un filet d\u2019huile d\u2019olive sur des fraises au sucre et ajouter quelques feuilles de basilic.<\/p>\n<p><b>&#8211; \u0152ufs\u00a0<\/b>: utiliser de l\u2019huile d\u2019olive pour cuisiner les \u0153ufs au plat, ils se transformeront de suite en \u0153uf 4 \u00e9toiles\u00a0!<\/p>\n<p><b>&#8211; Poissons\u00a0:<\/b> entailler la chair du poisson et arroser d\u2019un filet d\u2019huile d\u2019olive (type Aglandau) avant d\u2019enfourner cela \u00e9vitera qu\u2019il se dess\u00e8che et lui donnera un petit go\u00fbt de m\u00e9diterran\u00e9e.<\/p>\n<p><b>&#8211; P\u00e2tes\u00a0:<\/b> ajouter quelques gouttes d\u2019huile d\u2019olive dans l\u2019eau de cuisson des p\u00e2tes (ou du riz) pour \u00e9viter qu\u2019elles ne collent.<\/p>\n<p><b>&#8211; Oignons\u00a0:<\/b> Faire mac\u00e9rer des petits oignons blancs pour la salade dans l\u2019huile d\u2019olive vierge extra adoucit leur caract\u00e8re.<\/p>\n<p><b>&#8211; Fromage de ch\u00e8vre\u00a0:<\/b> disposer un fromage de ch\u00e8vre un peu trop sec dans un bocal, ajouter un peu de sarriette, de poivre vert, de geni\u00e8vre, de thym et\/ou de laurier, et terminer en couvrant d\u2019huile d\u2019olive. Laisser mac\u00e9rer pendant un mois avant de d\u00e9guster.<\/p>\n<p><b>&#8211; P\u00e2te sabl\u00e9e<\/b>\u00a0: remplacer la mati\u00e8re grasse par de l\u2019huile d\u2019olive vierge extra, elle apporte la couleur du soleil, un petit croustillant tr\u00e8s agr\u00e9able et un go\u00fbt qui se mari parfaitement avec les fruits ou les l\u00e9gumes dont vous recouvrirez votre p\u00e2te.<\/p>\n<p><b>&#8211; Radis\u00a0:<\/b> pour relever la saveur des radis un peu trop fade, les couper en rondelles puis les mettre dans un r\u00e9cipient et ajouter 3 cuill\u00e9r\u00e9es d&rsquo;huile d&rsquo;olive, 1 cuill\u00e9r\u00e9e de vinaigre et du persil hach\u00e9.<\/p>\n<p><b>&#8211; L\u00e9gumes vapeur\u00a0:<\/b><i> <\/i>arroser les l\u00e9gumes vapeur (pommes de terre, brocolis, chou-fleur, fonds d&rsquo;artichauts, asperges,\u2026 d\u2019un filet d\u2019huile d\u2019olive juste avant de servir pour r\u00e9v\u00e9ler le go\u00fbt des l\u00e9gumes.<\/p>\n<p>&#8211; <b>Flageolets\u00a0:<\/b> pour rendre les flageolets qui accompagnent le gigot ou les saucisses de Toulouse grill\u00e9es, plus digeste, ajouter au dernier moment un filet d&rsquo;huile d&rsquo;olive.<\/p>\n<p><b>&#8211; Viande blanche r\u00f4tie\u00a0:<\/b><i> <\/i>enduire toute la surface de la viande (veau, volaille ou dos de lapereau&#8230;) d\u2019huile d\u2019olive \u00e0 l&rsquo;aide d&rsquo;un pinceau pour r\u00e9v\u00e9ler sa saveur.<\/p>\n<p><b>&#8211; Mayonnaise\u00a0:<\/b> remplacer l\u2019huile de tournesol par de l\u2019huile d\u2019olive dans la pr\u00e9paration de la mayonnaise\u00a0: elle sera beaucoup plus parfum\u00e9e et aura la couleur du soleil\u00a0!<\/p>\n<p><b>&#8211; Huile d\u2019olive aromatis\u00e9e\u00a0:<\/b> Ajouter quelques brins d\u2019herbes aromatiques dans votre bouteille d\u2019huile d\u2019olive (aneth, basilic, estragon, fenouil, laurier, romarin, thym, sarriette, \u2026puis r\u00e9server la bouteille au r\u00e9frig\u00e9rateur \u00e0 l\u2019abri de la lumi\u00e8re pendant 3 semaines pour laisser le temps aux herbes de diffuser aux herbes tous leurs ar\u00f4mes.<\/p>\n<p>A d\u00e9guster dans des p\u00e2tes, avec des pommes de terre, des l\u00e9gumes ou en salade.<\/p>\n<\/div><div class=\"fusion-clearfix\"><\/div><\/div><\/div><\/div><\/div>\n","protected":false},"excerpt":{"rendered":"","protected":false},"author":1,"featured_media":0,"parent":0,"menu_order":0,"comment_status":"closed","ping_status":"closed","template":"","meta":{"_monsterinsights_skip_tracking":false,"_monsterinsights_sitenote_active":false,"_monsterinsights_sitenote_note":"","_monsterinsights_sitenote_category":0,"footnotes":""},"class_list":["post-861","page","type-page","status-publish","hentry"],"yoast_head":"<!-- This site is optimized with the Yoast SEO plugin v27.3 - https:\/\/yoast.com\/product\/yoast-seo-wordpress\/ -->\n<title>Astuces cuisine - LOOKING FOR THE PERFECT FOOD<\/title>\n<meta name=\"robots\" content=\"index, follow, max-snippet:-1, max-image-preview:large, max-video-preview:-1\" \/>\n<link rel=\"canonical\" href=\"https:\/\/lookingfortheperfectfood.eu\/fr\/astuces-cuisine\/\" \/>\n<meta property=\"og:locale\" content=\"fr_FR\" \/>\n<meta property=\"og:type\" content=\"article\" \/>\n<meta property=\"og:title\" content=\"Astuces cuisine - LOOKING FOR THE PERFECT FOOD\" \/>\n<meta property=\"og:url\" content=\"https:\/\/lookingfortheperfectfood.eu\/fr\/astuces-cuisine\/\" \/>\n<meta property=\"og:site_name\" content=\"LOOKING FOR THE PERFECT FOOD\" \/>\n<meta name=\"twitter:card\" content=\"summary_large_image\" \/>\n<meta name=\"twitter:label1\" content=\"Dur\u00e9e de lecture estim\u00e9e\" \/>\n\t<meta name=\"twitter:data1\" content=\"5 minutes\" \/>\n<script type=\"application\/ld+json\" class=\"yoast-schema-graph\">{\"@context\":\"https:\\\/\\\/schema.org\",\"@graph\":[{\"@type\":\"WebPage\",\"@id\":\"https:\\\/\\\/lookingfortheperfectfood.eu\\\/fr\\\/astuces-cuisine\\\/\",\"url\":\"https:\\\/\\\/lookingfortheperfectfood.eu\\\/fr\\\/astuces-cuisine\\\/\",\"name\":\"Astuces cuisine - LOOKING FOR THE PERFECT FOOD\",\"isPartOf\":{\"@id\":\"https:\\\/\\\/lookingfortheperfectfood.eu\\\/fr\\\/#website\"},\"datePublished\":\"2019-07-30T12:36:47+00:00\",\"breadcrumb\":{\"@id\":\"https:\\\/\\\/lookingfortheperfectfood.eu\\\/fr\\\/astuces-cuisine\\\/#breadcrumb\"},\"inLanguage\":\"fr-FR\",\"potentialAction\":[{\"@type\":\"ReadAction\",\"target\":[\"https:\\\/\\\/lookingfortheperfectfood.eu\\\/fr\\\/astuces-cuisine\\\/\"]}]},{\"@type\":\"BreadcrumbList\",\"@id\":\"https:\\\/\\\/lookingfortheperfectfood.eu\\\/fr\\\/astuces-cuisine\\\/#breadcrumb\",\"itemListElement\":[{\"@type\":\"ListItem\",\"position\":1,\"name\":\"Home\",\"item\":\"https:\\\/\\\/lookingfortheperfectfood.eu\\\/fr\\\/\"},{\"@type\":\"ListItem\",\"position\":2,\"name\":\"Astuces cuisine\"}]},{\"@type\":\"WebSite\",\"@id\":\"https:\\\/\\\/lookingfortheperfectfood.eu\\\/fr\\\/#website\",\"url\":\"https:\\\/\\\/lookingfortheperfectfood.eu\\\/fr\\\/\",\"name\":\"LOOKING FOR THE PERFECT FOOD\",\"description\":\"OLIO EXTRAVERGINE DI OLIVA EUROPEO UNICO COME LA SUA QUALIT\u00c0\",\"potentialAction\":[{\"@type\":\"SearchAction\",\"target\":{\"@type\":\"EntryPoint\",\"urlTemplate\":\"https:\\\/\\\/lookingfortheperfectfood.eu\\\/fr\\\/?s={search_term_string}\"},\"query-input\":{\"@type\":\"PropertyValueSpecification\",\"valueRequired\":true,\"valueName\":\"search_term_string\"}}],\"inLanguage\":\"fr-FR\"}]}<\/script>\n<!-- \/ Yoast SEO plugin. -->","yoast_head_json":{"title":"Astuces cuisine - LOOKING FOR THE PERFECT FOOD","robots":{"index":"index","follow":"follow","max-snippet":"max-snippet:-1","max-image-preview":"max-image-preview:large","max-video-preview":"max-video-preview:-1"},"canonical":"https:\/\/lookingfortheperfectfood.eu\/fr\/astuces-cuisine\/","og_locale":"fr_FR","og_type":"article","og_title":"Astuces cuisine - LOOKING FOR THE PERFECT FOOD","og_url":"https:\/\/lookingfortheperfectfood.eu\/fr\/astuces-cuisine\/","og_site_name":"LOOKING FOR THE PERFECT FOOD","twitter_card":"summary_large_image","twitter_misc":{"Dur\u00e9e de lecture estim\u00e9e":"5 minutes"},"schema":{"@context":"https:\/\/schema.org","@graph":[{"@type":"WebPage","@id":"https:\/\/lookingfortheperfectfood.eu\/fr\/astuces-cuisine\/","url":"https:\/\/lookingfortheperfectfood.eu\/fr\/astuces-cuisine\/","name":"Astuces cuisine - LOOKING FOR THE PERFECT FOOD","isPartOf":{"@id":"https:\/\/lookingfortheperfectfood.eu\/fr\/#website"},"datePublished":"2019-07-30T12:36:47+00:00","breadcrumb":{"@id":"https:\/\/lookingfortheperfectfood.eu\/fr\/astuces-cuisine\/#breadcrumb"},"inLanguage":"fr-FR","potentialAction":[{"@type":"ReadAction","target":["https:\/\/lookingfortheperfectfood.eu\/fr\/astuces-cuisine\/"]}]},{"@type":"BreadcrumbList","@id":"https:\/\/lookingfortheperfectfood.eu\/fr\/astuces-cuisine\/#breadcrumb","itemListElement":[{"@type":"ListItem","position":1,"name":"Home","item":"https:\/\/lookingfortheperfectfood.eu\/fr\/"},{"@type":"ListItem","position":2,"name":"Astuces cuisine"}]},{"@type":"WebSite","@id":"https:\/\/lookingfortheperfectfood.eu\/fr\/#website","url":"https:\/\/lookingfortheperfectfood.eu\/fr\/","name":"LOOKING FOR THE PERFECT FOOD","description":"OLIO EXTRAVERGINE DI OLIVA EUROPEO UNICO COME LA SUA QUALIT\u00c0","potentialAction":[{"@type":"SearchAction","target":{"@type":"EntryPoint","urlTemplate":"https:\/\/lookingfortheperfectfood.eu\/fr\/?s={search_term_string}"},"query-input":{"@type":"PropertyValueSpecification","valueRequired":true,"valueName":"search_term_string"}}],"inLanguage":"fr-FR"}]}},"_links":{"self":[{"href":"https:\/\/lookingfortheperfectfood.eu\/fr\/wp-json\/wp\/v2\/pages\/861","targetHints":{"allow":["GET"]}}],"collection":[{"href":"https:\/\/lookingfortheperfectfood.eu\/fr\/wp-json\/wp\/v2\/pages"}],"about":[{"href":"https:\/\/lookingfortheperfectfood.eu\/fr\/wp-json\/wp\/v2\/types\/page"}],"author":[{"embeddable":true,"href":"https:\/\/lookingfortheperfectfood.eu\/fr\/wp-json\/wp\/v2\/users\/1"}],"replies":[{"embeddable":true,"href":"https:\/\/lookingfortheperfectfood.eu\/fr\/wp-json\/wp\/v2\/comments?post=861"}],"version-history":[{"count":1,"href":"https:\/\/lookingfortheperfectfood.eu\/fr\/wp-json\/wp\/v2\/pages\/861\/revisions"}],"predecessor-version":[{"id":862,"href":"https:\/\/lookingfortheperfectfood.eu\/fr\/wp-json\/wp\/v2\/pages\/861\/revisions\/862"}],"wp:attachment":[{"href":"https:\/\/lookingfortheperfectfood.eu\/fr\/wp-json\/wp\/v2\/media?parent=861"}],"curies":[{"name":"wp","href":"https:\/\/api.w.org\/{rel}","templated":true}]}}