{"id":792,"date":"2019-07-30T11:56:06","date_gmt":"2019-07-30T11:56:06","guid":{"rendered":"https:\/\/lookingfortheperfectfood.eu\/?page_id=792"},"modified":"2019-07-30T13:38:03","modified_gmt":"2019-07-30T13:38:03","slug":"la-degustation","status":"publish","type":"page","link":"https:\/\/lookingfortheperfectfood.eu\/fr\/la-degustation\/","title":{"rendered":"LA D\u00c9GUSTATION"},"content":{"rendered":"<div class=\"fusion-fullwidth fullwidth-box fusion-builder-row-1 nonhundred-percent-fullwidth non-hundred-percent-height-scrolling\" style=\"--awb-border-radius-top-left:0px;--awb-border-radius-top-right:0px;--awb-border-radius-bottom-right:0px;--awb-border-radius-bottom-left:0px;--awb-margin-top:0px;--awb-flex-wrap:wrap;\" ><div class=\"fusion-builder-row fusion-row\"><div class=\"fusion-layout-column fusion_builder_column fusion-builder-column-0 fusion_builder_column_1_1 1_1 fusion-one-full fusion-column-first fusion-column-last\" style=\"--awb-bg-size:cover;\"><div class=\"fusion-column-wrapper fusion-column-has-shadow fusion-flex-column-wrapper-legacy\"><div class=\"fusion-image-element fusion-image-align-center in-legacy-container\" style=\"text-align:center;--awb-caption-title-font-family:var(--h2_typography-font-family);--awb-caption-title-font-weight:var(--h2_typography-font-weight);--awb-caption-title-font-style:var(--h2_typography-font-style);--awb-caption-title-size:var(--h2_typography-font-size);--awb-caption-title-transform:var(--h2_typography-text-transform);--awb-caption-title-line-height:var(--h2_typography-line-height);--awb-caption-title-letter-spacing:var(--h2_typography-letter-spacing);\"><div class=\"imageframe-align-center\"><span class=\" fusion-imageframe imageframe-none imageframe-1 hover-type-none\"><img decoding=\"async\" width=\"1280\" height=\"782\" title=\"slide-degustation\" src=\"https:\/\/lookingfortheperfectfood.eu\/wp-content\/uploads\/2019\/07\/slide-degustation.jpg\" alt class=\"img-responsive wp-image-972\" srcset=\"https:\/\/lookingfortheperfectfood.eu\/wp-content\/uploads\/2019\/07\/slide-degustation-200x122.jpg 200w, https:\/\/lookingfortheperfectfood.eu\/wp-content\/uploads\/2019\/07\/slide-degustation-400x244.jpg 400w, https:\/\/lookingfortheperfectfood.eu\/wp-content\/uploads\/2019\/07\/slide-degustation-600x367.jpg 600w, https:\/\/lookingfortheperfectfood.eu\/wp-content\/uploads\/2019\/07\/slide-degustation-800x489.jpg 800w, https:\/\/lookingfortheperfectfood.eu\/wp-content\/uploads\/2019\/07\/slide-degustation-1200x733.jpg 1200w, https:\/\/lookingfortheperfectfood.eu\/wp-content\/uploads\/2019\/07\/slide-degustation.jpg 1280w\" sizes=\"(max-width: 800px) 100vw, 1280px\" \/><\/span><\/div><\/div><div class=\"fusion-sep-clear\"><\/div><div class=\"fusion-separator fusion-full-width-sep\" style=\"margin-left: auto;margin-right: auto;margin-top:40px;width:100%;\"><\/div><div class=\"fusion-sep-clear\"><\/div><div class=\"fusion-clearfix\"><\/div><\/div><\/div><div class=\"fusion-layout-column fusion_builder_column fusion-builder-column-1 fusion_builder_column_1_2 1_2 fusion-one-half fusion-column-first\" style=\"--awb-bg-size:cover;width:50%;width:calc(50% - ( ( 4% ) * 0.5 ) );margin-right: 4%;\"><div class=\"fusion-column-wrapper fusion-column-has-shadow fusion-flex-column-wrapper-legacy\"><div class=\"fusion-text fusion-text-1\"><h1>La mani\u00e8re de d\u00e9guster<\/h1>\n<p>D\u00e9guster un aliment c\u2019est le consommer de mani\u00e8re d\u00e9licate\u00a0afin d\u2019en \u00e9tablir un profil organoleptique (description bas\u00e9e sur l\u2019\u00e9valuation par les sens).<\/p>\n<p>C\u2019est gr\u00e2ce \u00e0 nos facult\u00e9s de perception, d\u2019identification et d\u2019\u00e9valuation des diff\u00e9rentes sensations que\u00a0la d\u00e9gustation permet de juger de la qualit\u00e9 d\u2019un aliment, en termes de go\u00fbts personnels, de typicit\u00e9 ou de technicit\u00e9.<\/p>\n<p>Cette description compl\u00e8te du produit nous permet d\u2019en appr\u00e9cier pleinement sa valeur en consommation pure comme en consommation indirecte, lors d\u2019association dans des plats ou en utilisation comme condiment.<\/p>\n<p><strong>LES CONDITIONS DE D\u00c9GUSTATION<\/strong><\/p>\n<p>La d\u00e9gustation peut monopoliser un ou plusieurs de nos sens, voire les cinq simultan\u00e9ment. La plus grande difficult\u00e9 r\u00e9side dans le fait de\u00a0savoir \u00e9couter ses propres sens tout en faisant abstraction de son go\u00fbt personnel.<\/p>\n<p><b>O\u00f9\u00a0?<br \/>\n<\/b>Afin d\u2019\u00eatre le plus impartial et performant possible dans une d\u00e9gustation,\u00a0il faut que les conditions de d\u00e9gustations soient le plus neutre possible pour ne pas alt\u00e9rer nos sens.<\/p>\n<p><b>Quand\u00a0?<br \/>\n<\/b>Pour d\u00e9guster au mieux, il est important de choisir le bon moment\u00a0:\u00a0c\u2019est en g\u00e9n\u00e9ral juste\u00a0avant un repas\u00a0(moment o\u00f9 notre corps est le plus r\u00e9ceptif aux caract\u00e9ristiques des aliments) et plus pr\u00e9cis\u00e9ment juste\u00a0avant le d\u00e9jeuner.<\/p>\n<p>Attention,\u00a0trop d\u2019informations peuvent facilement saturer nos organes sensoriels\u00a0et particuli\u00e8rement ceux de l\u2019olfaction et du go\u00fbt, il est donc important de faire des pauses entre deux produits d\u00e9gust\u00e9s.<\/p>\n<p><strong>LES SENS DE LA D\u00c9GUSTATION<\/strong><\/p>\n<p>Quand on parle de\u00a0d\u00e9gustation, on pense souvent au go\u00fbt et quelques fois \u00e0 l\u2019odorat, mais les autres sens\u00a0aussi peuvent, voire doivent \u00eatre requis suivant les produits d\u00e9gust\u00e9s.<\/p>\n<p>Pour chacun des sens utilis\u00e9s, il faut arriver \u00e0 d\u00e9terminer\u00a0:<\/p>\n<ul>\n<li>la nature de la perception\u00a0(acide, sal\u00e9 pour un go\u00fbt\u00a0; floral, bois\u00e9 pour un ar\u00f4me, la couleur pour la vue\u2026etc.),<\/li>\n<li>son intensit\u00e9\u00a0:\u00a0on per\u00e7oit nettement, peu ou pas du tout la sensation (on utilise g\u00e9n\u00e9ralement une graduation propre au type de produit)v<\/li>\n<li>la nettet\u00e9\u00a0:\u00a0le fait que la perception ne soit pas nette peut t\u00e9moigner de conditions de d\u00e9gustation inappropri\u00e9es ou d\u2019un d\u00e9faut dans le produit.<\/li>\n<\/ul>\n<p>Il est donc important d\u2019\u00e0 la fois \u00ab\u00a0d\u00e9cortiquer\u00a0\u00bb le produit tout en l\u2019appr\u00e9ciant dans son ensemble, et pour cela il faut veiller \u00e0 mettre \u00e0 contribution toutes les fonctionnalit\u00e9s de nos sens.<\/p>\n<p><b>Que d\u00e9crit-on lors de la d\u00e9gustation d\u2019huile d\u2019olive ?<\/b><\/p>\n<ul>\n<li>Le fruit\u00e9 : ensemble des sensations aromatiques issues de fruits sains et frais, per\u00e7ues au nez et en bouche (olfactions directe ET indirecte)<\/li>\n<li>Les d\u00e9fauts : sensations aromatiques issues d\u2019olives et\/ou d\u2019huile d\u00e9grad\u00e9e per\u00e7ues au nez et en bouche (olfactions directe ET indirecte)<\/li>\n<li>L\u2019amertume : unique go\u00fbt dans l\u2019huile d\u2019olive, donc per\u00e7ue exclusivement sur la langue (go\u00fbt)<\/li>\n<li>L\u2019ardence : sensation kinesth\u00e9sique per\u00e7ue sur l\u2019ensemble des muqueuses buccales (toucher)<\/li>\n<\/ul>\n<p>La d\u00e9gustation de l\u2019huile d\u2019olive passe par l\u2019odorat (olfaction et r\u00e9tro-olfaction),\u00a0le go\u00fbt et, et,\u2026le toucher !<\/p>\n<\/div><div class=\"fusion-clearfix\"><\/div><\/div><\/div><div class=\"fusion-layout-column fusion_builder_column fusion-builder-column-2 fusion_builder_column_1_2 1_2 fusion-one-half fusion-column-last\" style=\"--awb-bg-size:cover;width:50%;width:calc(50% - ( ( 4% ) * 0.5 ) );\"><div class=\"fusion-column-wrapper fusion-column-has-shadow fusion-flex-column-wrapper-legacy\"><div class=\"fusion-text fusion-text-2\"><h1><b><\/b>Les diff\u00e9rents go\u00fbts<\/h1>\n<p>Les huiles d\u2019olives ont-elles toutes, le m\u00eame go\u00fbt\u00a0? Non\u00a0!<\/p>\n<p>L\u2019huile d\u2019olive est un pur jus de fruit dont les caract\u00e9ristiques qualitatives et gustatives d\u00e9coulent :<\/p>\n<ul>\n<li>Du terroir<\/li>\n<li>De la vari\u00e9t\u00e9<span class=\"Apple-converted-space\">\u00a0<\/span><\/li>\n<li>Du savoir-faire<\/li>\n<\/ul>\n<p>Biodiversit\u00e9, terroirs vari\u00e9s, savoir-faire sp\u00e9cifiques \u2026 les Huiles d\u2019Olive en AOP sont aussi diverses qu\u2019uniques c\u2019est pourquoi on ne parle pas d\u2019huile d\u2019olive au singulier mais au pluriel.<\/p>\n<h1><b><\/b>Les familles de go\u00fbts<\/h1>\n<p>A la d\u00e9gustation, on peut classer les Huiles d\u2019Olives AOP, selon 3 familles de go\u00fbts diff\u00e9rents\u00a0:<\/p>\n<ul>\n<li>Le go\u00fbt subtil (ou fruit\u00e9 m\u00fbr)<\/li>\n<li>Le go\u00fbt intense (ou fruit\u00e9 vert)<\/li>\n<li>Le go\u00fbt \u00e0 l\u2019ancienne (ou fruit\u00e9 noir ou encore olives matur\u00e9es)<\/li>\n<\/ul>\n<h2>Les huiles au go\u00fbt subtil<\/h2>\n<p>Les\u00a0<b>Huiles au go\u00fbt subtil<\/b>\u00a0(fruit\u00e9 m\u00fbr) : issues d\u2019olives m\u00fbres, les huiles d\u2019olive de cette famille sont extraites d\u2019olives fra\u00eeches. Elles sont g\u00e9n\u00e9ralement\u00a0<b>douces aux ar\u00f4mes de fruits<\/b>\u00a0(secs, m\u00fbrs), de fleurs accompagn\u00e9es de\u00a0<b>notes v\u00e9g\u00e9tales<\/b>. Ces huiles se marient \u00e0 merveille avec poissons, l\u00e9gumes crus et cuits, desserts \u2026<br \/>\nOn retrouve dans cette famille de go\u00fbt l\u2019AOP Nyons, l\u2019AOP Nice, l\u2019AOP Corse.<\/p>\n<h2>Les huiles au go\u00fbt intense<\/h2>\n<p>Les<b>\u00a0Huiles au go\u00fbt intense<\/b>\u00a0(fruit\u00e9 vert) : cette famille d\u2019huile est extraite d\u2019<b>olives fra\u00eeches<\/b>, r\u00e9colt\u00e9es en cours de maturit\u00e9. Elles peuvent pr\u00e9senter une<b>\u00a0amertume l\u00e9g\u00e8re \u00e0 moyenne<\/b>, les\u00a0<b>notes gustatives sont v\u00e9g\u00e9tales<\/b>, herbac\u00e9es. Elles s\u2019accommodent avec des f\u00e9culents, des poissons gras, des viandes \u2026<br \/>\nPour vos achats,\u00a0<b>s\u00e9lectionnez<\/b>\u00a0une huile de : l\u2019AOP Vall\u00e9e des Baux-de-Provence, l\u2019AOP Haute-Provence, l\u2019AOP Aix-en-Provence, l\u2019AOP N\u00eemes, l\u2019AOC Provence.<\/p>\n<h2>Les huiles \u00e0 l\u2019ancienne<\/h2>\n<p>Les\u00a0<b>Huiles d\u2019olive au go\u00fbt \u00e0 l\u2019ancienne<\/b>\u00a0(olives matur\u00e9es) se distinguent des deux premi\u00e8res, car elles ne pr\u00e9sentent ni caract\u00e8re de fruit frais, ni d\u2019ar\u00f4me v\u00e9g\u00e9tal. Elles sont issues d\u2019olives qui sont stock\u00e9es et matur\u00e9es pendant 4 \u00e0 8 jours, dans des conditions appropri\u00e9es et ma\u00eetris\u00e9es, avant extraction. Elles d\u00e9livrent des\u00a0<b>notes de cacao, de champignon, de vanille, de fruits confits<\/b>, sans amertume et s\u2019accommodent avec le gibier, les salades vertes, les crustac\u00e9s \u2026<br \/>\n<b>Ce type de go\u00fbt vous int\u00e9resse ?<\/b>\u00a0Choisissez l\u2019AOP Vall\u00e9e des Baux-de-Provence \u2013 olives matur\u00e9es, l\u2019AOP Aix-en-Provence \u2013 olives matur\u00e9es ou l\u2019AOC Provence \u2013 olives matur\u00e9es.<\/p>\n<\/div><div class=\"fusion-clearfix\"><\/div><\/div><\/div><\/div><\/div>\n","protected":false},"excerpt":{"rendered":"","protected":false},"author":1,"featured_media":0,"parent":0,"menu_order":0,"comment_status":"closed","ping_status":"closed","template":"","meta":{"_monsterinsights_skip_tracking":false,"_monsterinsights_sitenote_active":false,"_monsterinsights_sitenote_note":"","_monsterinsights_sitenote_category":0,"footnotes":""},"class_list":["post-792","page","type-page","status-publish","hentry"],"yoast_head":"<!-- This site is optimized with the Yoast SEO plugin v27.4 - https:\/\/yoast.com\/product\/yoast-seo-wordpress\/ -->\n<title>LA D\u00c9GUSTATION - LOOKING FOR THE PERFECT FOOD<\/title>\n<meta name=\"robots\" content=\"index, follow, max-snippet:-1, max-image-preview:large, max-video-preview:-1\" \/>\n<link rel=\"canonical\" href=\"https:\/\/lookingfortheperfectfood.eu\/fr\/la-degustation\/\" \/>\n<meta property=\"og:locale\" content=\"fr_FR\" \/>\n<meta property=\"og:type\" content=\"article\" \/>\n<meta property=\"og:title\" content=\"LA D\u00c9GUSTATION - LOOKING FOR THE PERFECT FOOD\" \/>\n<meta property=\"og:url\" content=\"https:\/\/lookingfortheperfectfood.eu\/fr\/la-degustation\/\" \/>\n<meta property=\"og:site_name\" content=\"LOOKING FOR THE PERFECT FOOD\" \/>\n<meta property=\"article:modified_time\" content=\"2019-07-30T13:38:03+00:00\" \/>\n<meta name=\"twitter:card\" content=\"summary_large_image\" \/>\n<meta name=\"twitter:label1\" content=\"Dur\u00e9e de lecture estim\u00e9e\" \/>\n\t<meta name=\"twitter:data1\" content=\"8 minutes\" \/>\n<script type=\"application\/ld+json\" class=\"yoast-schema-graph\">{\"@context\":\"https:\\\/\\\/schema.org\",\"@graph\":[{\"@type\":\"WebPage\",\"@id\":\"https:\\\/\\\/lookingfortheperfectfood.eu\\\/fr\\\/la-degustation\\\/\",\"url\":\"https:\\\/\\\/lookingfortheperfectfood.eu\\\/fr\\\/la-degustation\\\/\",\"name\":\"LA D\u00c9GUSTATION - LOOKING FOR THE PERFECT FOOD\",\"isPartOf\":{\"@id\":\"https:\\\/\\\/lookingfortheperfectfood.eu\\\/fr\\\/#website\"},\"datePublished\":\"2019-07-30T11:56:06+00:00\",\"dateModified\":\"2019-07-30T13:38:03+00:00\",\"breadcrumb\":{\"@id\":\"https:\\\/\\\/lookingfortheperfectfood.eu\\\/fr\\\/la-degustation\\\/#breadcrumb\"},\"inLanguage\":\"fr-FR\",\"potentialAction\":[{\"@type\":\"ReadAction\",\"target\":[\"https:\\\/\\\/lookingfortheperfectfood.eu\\\/fr\\\/la-degustation\\\/\"]}]},{\"@type\":\"BreadcrumbList\",\"@id\":\"https:\\\/\\\/lookingfortheperfectfood.eu\\\/fr\\\/la-degustation\\\/#breadcrumb\",\"itemListElement\":[{\"@type\":\"ListItem\",\"position\":1,\"name\":\"Home\",\"item\":\"https:\\\/\\\/lookingfortheperfectfood.eu\\\/fr\\\/\"},{\"@type\":\"ListItem\",\"position\":2,\"name\":\"LA D\u00c9GUSTATION\"}]},{\"@type\":\"WebSite\",\"@id\":\"https:\\\/\\\/lookingfortheperfectfood.eu\\\/fr\\\/#website\",\"url\":\"https:\\\/\\\/lookingfortheperfectfood.eu\\\/fr\\\/\",\"name\":\"LOOKING FOR THE PERFECT FOOD\",\"description\":\"OLIO EXTRAVERGINE DI OLIVA EUROPEO UNICO COME LA SUA QUALIT\u00c0\",\"potentialAction\":[{\"@type\":\"SearchAction\",\"target\":{\"@type\":\"EntryPoint\",\"urlTemplate\":\"https:\\\/\\\/lookingfortheperfectfood.eu\\\/fr\\\/?s={search_term_string}\"},\"query-input\":{\"@type\":\"PropertyValueSpecification\",\"valueRequired\":true,\"valueName\":\"search_term_string\"}}],\"inLanguage\":\"fr-FR\"}]}<\/script>\n<!-- \/ Yoast SEO plugin. -->","yoast_head_json":{"title":"LA D\u00c9GUSTATION - LOOKING FOR THE PERFECT FOOD","robots":{"index":"index","follow":"follow","max-snippet":"max-snippet:-1","max-image-preview":"max-image-preview:large","max-video-preview":"max-video-preview:-1"},"canonical":"https:\/\/lookingfortheperfectfood.eu\/fr\/la-degustation\/","og_locale":"fr_FR","og_type":"article","og_title":"LA D\u00c9GUSTATION - LOOKING FOR THE PERFECT FOOD","og_url":"https:\/\/lookingfortheperfectfood.eu\/fr\/la-degustation\/","og_site_name":"LOOKING FOR THE PERFECT FOOD","article_modified_time":"2019-07-30T13:38:03+00:00","twitter_card":"summary_large_image","twitter_misc":{"Dur\u00e9e de lecture estim\u00e9e":"8 minutes"},"schema":{"@context":"https:\/\/schema.org","@graph":[{"@type":"WebPage","@id":"https:\/\/lookingfortheperfectfood.eu\/fr\/la-degustation\/","url":"https:\/\/lookingfortheperfectfood.eu\/fr\/la-degustation\/","name":"LA D\u00c9GUSTATION - LOOKING FOR THE PERFECT FOOD","isPartOf":{"@id":"https:\/\/lookingfortheperfectfood.eu\/fr\/#website"},"datePublished":"2019-07-30T11:56:06+00:00","dateModified":"2019-07-30T13:38:03+00:00","breadcrumb":{"@id":"https:\/\/lookingfortheperfectfood.eu\/fr\/la-degustation\/#breadcrumb"},"inLanguage":"fr-FR","potentialAction":[{"@type":"ReadAction","target":["https:\/\/lookingfortheperfectfood.eu\/fr\/la-degustation\/"]}]},{"@type":"BreadcrumbList","@id":"https:\/\/lookingfortheperfectfood.eu\/fr\/la-degustation\/#breadcrumb","itemListElement":[{"@type":"ListItem","position":1,"name":"Home","item":"https:\/\/lookingfortheperfectfood.eu\/fr\/"},{"@type":"ListItem","position":2,"name":"LA D\u00c9GUSTATION"}]},{"@type":"WebSite","@id":"https:\/\/lookingfortheperfectfood.eu\/fr\/#website","url":"https:\/\/lookingfortheperfectfood.eu\/fr\/","name":"LOOKING FOR THE PERFECT FOOD","description":"OLIO EXTRAVERGINE DI OLIVA EUROPEO UNICO COME LA SUA QUALIT\u00c0","potentialAction":[{"@type":"SearchAction","target":{"@type":"EntryPoint","urlTemplate":"https:\/\/lookingfortheperfectfood.eu\/fr\/?s={search_term_string}"},"query-input":{"@type":"PropertyValueSpecification","valueRequired":true,"valueName":"search_term_string"}}],"inLanguage":"fr-FR"}]}},"_links":{"self":[{"href":"https:\/\/lookingfortheperfectfood.eu\/fr\/wp-json\/wp\/v2\/pages\/792","targetHints":{"allow":["GET"]}}],"collection":[{"href":"https:\/\/lookingfortheperfectfood.eu\/fr\/wp-json\/wp\/v2\/pages"}],"about":[{"href":"https:\/\/lookingfortheperfectfood.eu\/fr\/wp-json\/wp\/v2\/types\/page"}],"author":[{"embeddable":true,"href":"https:\/\/lookingfortheperfectfood.eu\/fr\/wp-json\/wp\/v2\/users\/1"}],"replies":[{"embeddable":true,"href":"https:\/\/lookingfortheperfectfood.eu\/fr\/wp-json\/wp\/v2\/comments?post=792"}],"version-history":[{"count":4,"href":"https:\/\/lookingfortheperfectfood.eu\/fr\/wp-json\/wp\/v2\/pages\/792\/revisions"}],"predecessor-version":[{"id":975,"href":"https:\/\/lookingfortheperfectfood.eu\/fr\/wp-json\/wp\/v2\/pages\/792\/revisions\/975"}],"wp:attachment":[{"href":"https:\/\/lookingfortheperfectfood.eu\/fr\/wp-json\/wp\/v2\/media?parent=792"}],"curies":[{"name":"wp","href":"https:\/\/api.w.org\/{rel}","templated":true}]}}