{"id":790,"date":"2019-07-30T11:49:31","date_gmt":"2019-07-30T11:49:31","guid":{"rendered":"https:\/\/lookingfortheperfectfood.eu\/?page_id=790"},"modified":"2019-07-30T13:36:40","modified_gmt":"2019-07-30T13:36:40","slug":"lhistoire-de-la-production-dhuile-dolive","status":"publish","type":"page","link":"https:\/\/lookingfortheperfectfood.eu\/fr\/lhistoire-de-la-production-dhuile-dolive\/","title":{"rendered":"L\u2019HISTOIRE DE LA PRODUCTION D\u2019HUILE D\u2019OLIVE"},"content":{"rendered":"<div class=\"fusion-fullwidth fullwidth-box fusion-builder-row-1 nonhundred-percent-fullwidth non-hundred-percent-height-scrolling\" style=\"--awb-border-radius-top-left:0px;--awb-border-radius-top-right:0px;--awb-border-radius-bottom-right:0px;--awb-border-radius-bottom-left:0px;--awb-margin-top:0px;--awb-flex-wrap:wrap;\" ><div class=\"fusion-builder-row fusion-row\"><div class=\"fusion-layout-column fusion_builder_column fusion-builder-column-0 fusion_builder_column_1_1 1_1 fusion-one-full fusion-column-first fusion-column-last\" style=\"--awb-bg-size:cover;\"><div class=\"fusion-column-wrapper fusion-column-has-shadow fusion-flex-column-wrapper-legacy\"><div class=\"fusion-image-element fusion-image-align-center in-legacy-container\" style=\"text-align:center;--awb-caption-title-font-family:var(--h2_typography-font-family);--awb-caption-title-font-weight:var(--h2_typography-font-weight);--awb-caption-title-font-style:var(--h2_typography-font-style);--awb-caption-title-size:var(--h2_typography-font-size);--awb-caption-title-transform:var(--h2_typography-text-transform);--awb-caption-title-line-height:var(--h2_typography-line-height);--awb-caption-title-letter-spacing:var(--h2_typography-letter-spacing);\"><div class=\"imageframe-align-center\"><span class=\" fusion-imageframe imageframe-none imageframe-1 hover-type-none\"><img decoding=\"async\" width=\"1280\" height=\"782\" title=\"slide-histoire\" src=\"https:\/\/lookingfortheperfectfood.eu\/wp-content\/uploads\/2019\/07\/slide-histoire.jpg\" alt class=\"img-responsive wp-image-968\" srcset=\"https:\/\/lookingfortheperfectfood.eu\/wp-content\/uploads\/2019\/07\/slide-histoire-200x122.jpg 200w, https:\/\/lookingfortheperfectfood.eu\/wp-content\/uploads\/2019\/07\/slide-histoire-400x244.jpg 400w, https:\/\/lookingfortheperfectfood.eu\/wp-content\/uploads\/2019\/07\/slide-histoire-600x367.jpg 600w, https:\/\/lookingfortheperfectfood.eu\/wp-content\/uploads\/2019\/07\/slide-histoire-800x489.jpg 800w, https:\/\/lookingfortheperfectfood.eu\/wp-content\/uploads\/2019\/07\/slide-histoire-1200x733.jpg 1200w, https:\/\/lookingfortheperfectfood.eu\/wp-content\/uploads\/2019\/07\/slide-histoire.jpg 1280w\" sizes=\"(max-width: 800px) 100vw, 1280px\" \/><\/span><\/div><\/div><div class=\"fusion-sep-clear\"><\/div><div class=\"fusion-separator fusion-full-width-sep\" style=\"margin-left: auto;margin-right: auto;margin-top:40px;width:100%;\"><\/div><div class=\"fusion-sep-clear\"><\/div><div class=\"fusion-clearfix\"><\/div><\/div><\/div><div class=\"fusion-layout-column fusion_builder_column fusion-builder-column-1 fusion_builder_column_1_2 1_2 fusion-one-half fusion-column-first\" style=\"--awb-bg-size:cover;width:50%;width:calc(50% - ( ( 4% ) * 0.5 ) );margin-right: 4%;\"><div class=\"fusion-column-wrapper fusion-column-has-shadow fusion-flex-column-wrapper-legacy\"><div class=\"fusion-text fusion-text-1\"><p>L\u2019histoire de l\u2019olivier remonte \u00e0 la nuit des temps et se confond avec celle des civilisations qui se sont succ\u00e9d\u00e9es en M\u00e9diterran\u00e9e et qui ont \u00e0 jamais marqu\u00e9 de leur empreinte la culture de cette partie du monde. Originaire du bassin m\u00e9diterran\u00e9en, l\u2019olivier serait apparu, sous une forme sauvage, il y a plus de 60 000 ans.<\/p>\n<p>L\u2019ol\u00e9iculture (culture de l\u2019olivier) remonte ainsi \u00e0 l\u2019invention de l\u2019agriculture, 4000 avant JC. Avec sa domestication, l\u2019ol\u00e9astre (olivier sauvage qui a la forme d\u2019un petit arbuste buissonnant avec de petites feuilles) se transforme, se d\u00e9veloppe pour devenir un arbre, tel qu\u2019on le conna\u00eet aujourd\u2019hui.<\/p>\n<p>La culture de l\u2019olivier se propage progressivement dans tout le bassin m\u00e9diterran\u00e9en et ses utilisations se d\u00e9veloppent : cuisine, soins du corps, \u00e9clairage, \u2026<span class=\"Apple-converted-space\">\u00a0<\/span><\/p>\n<p>Au cours de l\u2019histoire, l\u2019olivier a connu de nombreuses fluctuations li\u00e9es \u00e0 l\u2019activit\u00e9 des hommes comme au climat.<\/p>\n<p>Ainsi, il sort du bassin m\u00e9diterran\u00e9en au gr\u00e9 des aventures humaines\u00a0: il s\u2019implante aux Am\u00e9riques apr\u00e8s les grandes d\u00e9couvertes (XVII<sup>e<\/sup> s), il atteint l\u2019Afrique du Sud avec la colonisation et aujourd\u2019hui il arrive en Asie-Oc\u00e9anie.<\/p>\n<p>Dans certains pays, comme en France, sa production a fortement chut\u00e9 suite \u00e0 des gels successifs (1929, 1956,\u2026) et \u00e0 une forte concurrence pour les terres, de la vigne. Depuis les ann\u00e9es 80, avec les preuves scientifiques des bienfaits du r\u00e9gimes cr\u00e9tois, la consommation et donc la production de l\u2019huile d\u2019olive n\u2019a cess\u00e9 de croitre pour atteindre aujourd\u2019hui pr\u00e8s de 3 millions de tonnes au niveau mondial.<\/p>\n<p>Ce n\u2019est qu\u2019\u00e0 partir des ann\u00e9es 1980, notamment gr\u00e2ce aux d\u00e9couvertes des bienfaits li\u00e9s au r\u00e9gime m\u00e9diterran\u00e9en, et tr\u00e8s progressivement que l\u2019ol\u00e9iculture fran\u00e7aise se rel\u00e8ve du terrible gel de 1956. Maintenue par la passion de quelques irr\u00e9ductibles, soutenue par l\u2019Etat puis par l\u2019Europe, l\u2019ol\u00e9iculture fran\u00e7aise retrouve un certain dynamisme. Le r\u00f4le de l\u2019olivier, dans les bassins de production est renforc\u00e9 par le d\u00e9veloppement de l\u2019agro tourisme. Il redevient un acteur \u00e0 part enti\u00e8re des paysages, mais aussi de la vie rurale et agricole.<span class=\"Apple-converted-space\">\u00a0<\/span><\/p>\n<\/div><div class=\"fusion-clearfix\"><\/div><\/div><\/div><div class=\"fusion-layout-column fusion_builder_column fusion-builder-column-2 fusion_builder_column_1_2 1_2 fusion-one-half fusion-column-last\" style=\"--awb-bg-size:cover;width:50%;width:calc(50% - ( ( 4% ) * 0.5 ) );\"><div class=\"fusion-column-wrapper fusion-column-has-shadow fusion-flex-column-wrapper-legacy\"><div class=\"fusion-text fusion-text-2\"><p><strong>LA FABRICATION DE L\u2019HUILE D\u2019OLIVE, UNE M\u00c9CANISATION ANCIENNE<\/strong><\/p>\n<p>Les premiers proc\u00e9d\u00e9s d\u2019extraction, dont on a gard\u00e9 la trace, remonte \u00e0 l\u2019\u00e2ge de bronze, au Moyen-Orient et en Cr\u00e8te. Il s\u2019agit des premiers pas de la m\u00e9canisation dans l\u2019agriculture. Au d\u00e9part, l\u2019huile \u00e9tait extraite \u00e0 l\u2019aide d\u2019un pilon de pierre et d\u2019eau chaude ou en foulant les olives et en m\u00e9langeant \u00e0 de l\u2019eau chaude pour faciliter la d\u00e9cantation. Une autre m\u00e9thode (utilis\u00e9e notamment en Egypte) consistait \u00e0 placer les olives dans un linge tordu \u00e0 l\u2019aide de deux b\u00e2tons plac\u00e9s aux extr\u00e9mit\u00e9s du linge. Dans tous les cas, la quantit\u00e9 d\u2019huile d\u2019olive recueillie \u00e9tait faible.<span class=\"Apple-converted-space\">\u00a0<\/span><\/p>\n<p>Tr\u00e8s vite, l\u2019homme cherche \u00e0 am\u00e9liorer les techniques d\u2019extraction. Il se sert alors de rouleaux en pierre mani\u00e9s \u00e0 la main ou avec des b\u00e2tis en bois. L\u2019apparition de la meule circulaire est situ\u00e9e en Gr\u00e8ce vers le IV\u00b0 si\u00e8cle avant J\u00e9sus-Christ. Les meules (g\u00e9n\u00e9ralement actionn\u00e9es par les animaux ou, parfois, par des hommes) \u00e9crasent les olives contre la paroi du mortier. Elles sont g\u00e9n\u00e9ralement actionn\u00e9es par des animaux ou, parfois, par des hommes. On les appelle les \u00ab meules \u00e0 sang \u00bb. Les nouveaux moyens de cr\u00e9ation d\u2019\u00e9nergie vont peu \u00e0 peu remplacer l\u2019animal : les meules vont \u00eatre actionn\u00e9es par syst\u00e8me hydraulique, par la vapeur puis gr\u00e2ce aux moteurs \u00e0 explosion et \u00e0 l\u2019\u00e9lectricit\u00e9. Toutefois, dans certains pays, les mules restent encore utilis\u00e9es.<\/p>\n<p>Au d\u00e9but de notre \u00e8re, appara\u00eet le pressoir qui permet de mieux extraire l\u2019huile des olives apr\u00e8s leur \u00e9crasement par les meules. Les premiers pressoirs sont compos\u00e9s d\u2019une pierre pendue \u00e0 une poutre ce qui permet d\u2019appuyer sur les olives tritur\u00e9es (\u00e9cras\u00e9es par la meule). Ces pierres seront ensuite creus\u00e9es pour permettre d\u2019installer des sacs qui accueillent les olives \u00e9cras\u00e9es. Ces \u00ab sacs \u00bb sont appel\u00e9s \u00ab scourtins \u00bb en Provence. Les techniques du pressoir et de la meule sont r\u00e9pandues et \u00ab popularis\u00e9s \u00bb par les romains dans le bassin m\u00e9diterran\u00e9en. Jusqu\u2019au milieu du XIX\u00b0 si\u00e8cle, la technique ne fait qu\u2019am\u00e9liorer celles invent\u00e9es dans l\u2019Antiquit\u00e9 puis, petit \u00e0 petit, la m\u00e9canisation s\u2019installe : l\u2019hydraulique puis l\u2019\u00e9lectricit\u00e9 permette de faire tourner la meule et le pressoir puis l\u2019\u00e9lectronique entre en jeu dans la seconde moiti\u00e9 du XX\u00b0 si\u00e8cle.<\/p>\n<p>Pour la s\u00e9paration de l\u2019huile et de l\u2019eau, la technique a, pendant tr\u00e8s longtemps, consist\u00e9 \u00e0 mettre le liquide sorti de la presse dans un bassin de d\u00e9cantation, de laisser reposer et de r\u00e9colte l\u2019huile d\u2019olive affleurant avec une feuille en m\u00e9tal. Au XX\u00b0 si\u00e8cle, la diff\u00e9rence de poids entre l\u2019huile et l\u2019eau est toujours utilis\u00e9e via le principe de la centrifugation. Malgr\u00e9 ces am\u00e9liorations et ces transformation, l\u2019extraction de l\u2019huile de l\u2019olive reste bas\u00e9e sur les m\u00eames principes depuis des mill\u00e9naires : \u00e9craser \/ broyer, malaxer, extraire. En France, ce savoir-faire reste artisanal et tr\u00e8s souvent familial.<\/p>\n<\/div><div class=\"fusion-clearfix\"><\/div><\/div><\/div><\/div><\/div>\n","protected":false},"excerpt":{"rendered":"","protected":false},"author":1,"featured_media":0,"parent":0,"menu_order":0,"comment_status":"closed","ping_status":"closed","template":"","meta":{"_monsterinsights_skip_tracking":false,"_monsterinsights_sitenote_active":false,"_monsterinsights_sitenote_note":"","_monsterinsights_sitenote_category":0,"footnotes":""},"class_list":["post-790","page","type-page","status-publish","hentry"],"yoast_head":"<!-- This site is optimized with the Yoast SEO plugin v27.5 - https:\/\/yoast.com\/product\/yoast-seo-wordpress\/ -->\n<title>L\u2019HISTOIRE DE LA PRODUCTION D\u2019HUILE D\u2019OLIVE - LOOKING FOR THE PERFECT FOOD<\/title>\n<meta name=\"robots\" content=\"index, follow, max-snippet:-1, max-image-preview:large, max-video-preview:-1\" \/>\n<link rel=\"canonical\" href=\"https:\/\/lookingfortheperfectfood.eu\/fr\/lhistoire-de-la-production-dhuile-dolive\/\" \/>\n<meta property=\"og:locale\" content=\"fr_FR\" \/>\n<meta property=\"og:type\" content=\"article\" \/>\n<meta property=\"og:title\" content=\"L\u2019HISTOIRE DE LA PRODUCTION D\u2019HUILE D\u2019OLIVE - LOOKING FOR THE PERFECT FOOD\" \/>\n<meta property=\"og:url\" content=\"https:\/\/lookingfortheperfectfood.eu\/fr\/lhistoire-de-la-production-dhuile-dolive\/\" \/>\n<meta property=\"og:site_name\" content=\"LOOKING FOR THE PERFECT FOOD\" \/>\n<meta property=\"article:modified_time\" content=\"2019-07-30T13:36:40+00:00\" \/>\n<meta name=\"twitter:card\" content=\"summary_large_image\" \/>\n<meta name=\"twitter:label1\" content=\"Dur\u00e9e de lecture estim\u00e9e\" \/>\n\t<meta name=\"twitter:data1\" content=\"7 minutes\" \/>\n<script type=\"application\/ld+json\" class=\"yoast-schema-graph\">{\"@context\":\"https:\\\/\\\/schema.org\",\"@graph\":[{\"@type\":\"WebPage\",\"@id\":\"https:\\\/\\\/lookingfortheperfectfood.eu\\\/fr\\\/lhistoire-de-la-production-dhuile-dolive\\\/\",\"url\":\"https:\\\/\\\/lookingfortheperfectfood.eu\\\/fr\\\/lhistoire-de-la-production-dhuile-dolive\\\/\",\"name\":\"L\u2019HISTOIRE DE LA PRODUCTION D\u2019HUILE D\u2019OLIVE - LOOKING FOR THE PERFECT FOOD\",\"isPartOf\":{\"@id\":\"https:\\\/\\\/lookingfortheperfectfood.eu\\\/fr\\\/#website\"},\"datePublished\":\"2019-07-30T11:49:31+00:00\",\"dateModified\":\"2019-07-30T13:36:40+00:00\",\"breadcrumb\":{\"@id\":\"https:\\\/\\\/lookingfortheperfectfood.eu\\\/fr\\\/lhistoire-de-la-production-dhuile-dolive\\\/#breadcrumb\"},\"inLanguage\":\"fr-FR\",\"potentialAction\":[{\"@type\":\"ReadAction\",\"target\":[\"https:\\\/\\\/lookingfortheperfectfood.eu\\\/fr\\\/lhistoire-de-la-production-dhuile-dolive\\\/\"]}]},{\"@type\":\"BreadcrumbList\",\"@id\":\"https:\\\/\\\/lookingfortheperfectfood.eu\\\/fr\\\/lhistoire-de-la-production-dhuile-dolive\\\/#breadcrumb\",\"itemListElement\":[{\"@type\":\"ListItem\",\"position\":1,\"name\":\"Home\",\"item\":\"https:\\\/\\\/lookingfortheperfectfood.eu\\\/fr\\\/\"},{\"@type\":\"ListItem\",\"position\":2,\"name\":\"L\u2019HISTOIRE DE LA PRODUCTION D\u2019HUILE D\u2019OLIVE\"}]},{\"@type\":\"WebSite\",\"@id\":\"https:\\\/\\\/lookingfortheperfectfood.eu\\\/fr\\\/#website\",\"url\":\"https:\\\/\\\/lookingfortheperfectfood.eu\\\/fr\\\/\",\"name\":\"LOOKING FOR THE PERFECT FOOD\",\"description\":\"OLIO EXTRAVERGINE DI OLIVA EUROPEO UNICO COME LA SUA QUALIT\u00c0\",\"potentialAction\":[{\"@type\":\"SearchAction\",\"target\":{\"@type\":\"EntryPoint\",\"urlTemplate\":\"https:\\\/\\\/lookingfortheperfectfood.eu\\\/fr\\\/?s={search_term_string}\"},\"query-input\":{\"@type\":\"PropertyValueSpecification\",\"valueRequired\":true,\"valueName\":\"search_term_string\"}}],\"inLanguage\":\"fr-FR\"}]}<\/script>\n<!-- \/ Yoast SEO plugin. -->","yoast_head_json":{"title":"L\u2019HISTOIRE DE LA PRODUCTION D\u2019HUILE D\u2019OLIVE - LOOKING FOR THE PERFECT FOOD","robots":{"index":"index","follow":"follow","max-snippet":"max-snippet:-1","max-image-preview":"max-image-preview:large","max-video-preview":"max-video-preview:-1"},"canonical":"https:\/\/lookingfortheperfectfood.eu\/fr\/lhistoire-de-la-production-dhuile-dolive\/","og_locale":"fr_FR","og_type":"article","og_title":"L\u2019HISTOIRE DE LA PRODUCTION D\u2019HUILE D\u2019OLIVE - LOOKING FOR THE PERFECT FOOD","og_url":"https:\/\/lookingfortheperfectfood.eu\/fr\/lhistoire-de-la-production-dhuile-dolive\/","og_site_name":"LOOKING FOR THE PERFECT FOOD","article_modified_time":"2019-07-30T13:36:40+00:00","twitter_card":"summary_large_image","twitter_misc":{"Dur\u00e9e de lecture estim\u00e9e":"7 minutes"},"schema":{"@context":"https:\/\/schema.org","@graph":[{"@type":"WebPage","@id":"https:\/\/lookingfortheperfectfood.eu\/fr\/lhistoire-de-la-production-dhuile-dolive\/","url":"https:\/\/lookingfortheperfectfood.eu\/fr\/lhistoire-de-la-production-dhuile-dolive\/","name":"L\u2019HISTOIRE DE LA PRODUCTION D\u2019HUILE D\u2019OLIVE - LOOKING FOR THE PERFECT FOOD","isPartOf":{"@id":"https:\/\/lookingfortheperfectfood.eu\/fr\/#website"},"datePublished":"2019-07-30T11:49:31+00:00","dateModified":"2019-07-30T13:36:40+00:00","breadcrumb":{"@id":"https:\/\/lookingfortheperfectfood.eu\/fr\/lhistoire-de-la-production-dhuile-dolive\/#breadcrumb"},"inLanguage":"fr-FR","potentialAction":[{"@type":"ReadAction","target":["https:\/\/lookingfortheperfectfood.eu\/fr\/lhistoire-de-la-production-dhuile-dolive\/"]}]},{"@type":"BreadcrumbList","@id":"https:\/\/lookingfortheperfectfood.eu\/fr\/lhistoire-de-la-production-dhuile-dolive\/#breadcrumb","itemListElement":[{"@type":"ListItem","position":1,"name":"Home","item":"https:\/\/lookingfortheperfectfood.eu\/fr\/"},{"@type":"ListItem","position":2,"name":"L\u2019HISTOIRE DE LA PRODUCTION D\u2019HUILE D\u2019OLIVE"}]},{"@type":"WebSite","@id":"https:\/\/lookingfortheperfectfood.eu\/fr\/#website","url":"https:\/\/lookingfortheperfectfood.eu\/fr\/","name":"LOOKING FOR THE PERFECT FOOD","description":"OLIO EXTRAVERGINE DI OLIVA EUROPEO UNICO COME LA SUA QUALIT\u00c0","potentialAction":[{"@type":"SearchAction","target":{"@type":"EntryPoint","urlTemplate":"https:\/\/lookingfortheperfectfood.eu\/fr\/?s={search_term_string}"},"query-input":{"@type":"PropertyValueSpecification","valueRequired":true,"valueName":"search_term_string"}}],"inLanguage":"fr-FR"}]}},"_links":{"self":[{"href":"https:\/\/lookingfortheperfectfood.eu\/fr\/wp-json\/wp\/v2\/pages\/790","targetHints":{"allow":["GET"]}}],"collection":[{"href":"https:\/\/lookingfortheperfectfood.eu\/fr\/wp-json\/wp\/v2\/pages"}],"about":[{"href":"https:\/\/lookingfortheperfectfood.eu\/fr\/wp-json\/wp\/v2\/types\/page"}],"author":[{"embeddable":true,"href":"https:\/\/lookingfortheperfectfood.eu\/fr\/wp-json\/wp\/v2\/users\/1"}],"replies":[{"embeddable":true,"href":"https:\/\/lookingfortheperfectfood.eu\/fr\/wp-json\/wp\/v2\/comments?post=790"}],"version-history":[{"count":2,"href":"https:\/\/lookingfortheperfectfood.eu\/fr\/wp-json\/wp\/v2\/pages\/790\/revisions"}],"predecessor-version":[{"id":971,"href":"https:\/\/lookingfortheperfectfood.eu\/fr\/wp-json\/wp\/v2\/pages\/790\/revisions\/971"}],"wp:attachment":[{"href":"https:\/\/lookingfortheperfectfood.eu\/fr\/wp-json\/wp\/v2\/media?parent=790"}],"curies":[{"name":"wp","href":"https:\/\/api.w.org\/{rel}","templated":true}]}}