{"id":781,"date":"2019-07-30T11:46:36","date_gmt":"2019-07-30T11:46:36","guid":{"rendered":"https:\/\/lookingfortheperfectfood.eu\/?page_id=781"},"modified":"2019-07-30T11:46:36","modified_gmt":"2019-07-30T11:46:36","slug":"les-caracteristiques","status":"publish","type":"page","link":"https:\/\/lookingfortheperfectfood.eu\/fr\/les-caracteristiques\/","title":{"rendered":"LES CARACT\u00c9RISTIQUES"},"content":{"rendered":"<div class=\"fusion-fullwidth fullwidth-box fusion-builder-row-1 nonhundred-percent-fullwidth non-hundred-percent-height-scrolling\" style=\"--awb-border-radius-top-left:0px;--awb-border-radius-top-right:0px;--awb-border-radius-bottom-right:0px;--awb-border-radius-bottom-left:0px;--awb-margin-top:0px;--awb-flex-wrap:wrap;\" ><div class=\"fusion-builder-row fusion-row\"><div class=\"fusion-layout-column fusion_builder_column fusion-builder-column-0 fusion_builder_column_1_1 1_1 fusion-one-full fusion-column-first fusion-column-last\" style=\"--awb-bg-size:cover;\"><div class=\"fusion-column-wrapper fusion-column-has-shadow fusion-flex-column-wrapper-legacy\"><div class=\"fusion-image-element fusion-image-align-center in-legacy-container\" style=\"text-align:center;--awb-caption-title-font-family:var(--h2_typography-font-family);--awb-caption-title-font-weight:var(--h2_typography-font-weight);--awb-caption-title-font-style:var(--h2_typography-font-style);--awb-caption-title-size:var(--h2_typography-font-size);--awb-caption-title-transform:var(--h2_typography-text-transform);--awb-caption-title-line-height:var(--h2_typography-line-height);--awb-caption-title-letter-spacing:var(--h2_typography-letter-spacing);\"><div class=\"imageframe-align-center\"><span class=\" fusion-imageframe imageframe-none imageframe-1 hover-type-none\"><img decoding=\"async\" width=\"1280\" height=\"782\" title=\"slide-6\" src=\"https:\/\/lookingfortheperfectfood.eu\/wp-content\/uploads\/2019\/06\/slide-6.jpg\" alt class=\"img-responsive wp-image-783\" srcset=\"https:\/\/lookingfortheperfectfood.eu\/wp-content\/uploads\/2019\/06\/slide-6-200x122.jpg 200w, https:\/\/lookingfortheperfectfood.eu\/wp-content\/uploads\/2019\/06\/slide-6-400x244.jpg 400w, https:\/\/lookingfortheperfectfood.eu\/wp-content\/uploads\/2019\/06\/slide-6-600x367.jpg 600w, https:\/\/lookingfortheperfectfood.eu\/wp-content\/uploads\/2019\/06\/slide-6-800x489.jpg 800w, https:\/\/lookingfortheperfectfood.eu\/wp-content\/uploads\/2019\/06\/slide-6-1200x733.jpg 1200w, https:\/\/lookingfortheperfectfood.eu\/wp-content\/uploads\/2019\/06\/slide-6.jpg 1280w\" sizes=\"(max-width: 800px) 100vw, 1280px\" \/><\/span><\/div><\/div><div class=\"fusion-sep-clear\"><\/div><div class=\"fusion-separator fusion-full-width-sep\" style=\"margin-left: auto;margin-right: auto;margin-top:40px;width:100%;\"><\/div><div class=\"fusion-sep-clear\"><\/div><div class=\"fusion-clearfix\"><\/div><\/div><\/div><div class=\"fusion-layout-column fusion_builder_column fusion-builder-column-1 fusion_builder_column_1_2 1_2 fusion-one-half fusion-column-first\" style=\"--awb-bg-size:cover;width:50%;width:calc(50% - ( ( 4% ) * 0.5 ) );margin-right: 4%;\"><div class=\"fusion-column-wrapper fusion-column-has-shadow fusion-flex-column-wrapper-legacy\"><div class=\"fusion-text fusion-text-1\"><p>L\u2019huile d\u2019olive vierge extra est une excellente ressource qui nous met directement \u00e0 disposition par la nature et qui est obtenue uniquement par des proc\u00e9d\u00e9s m\u00e9caniques \u00e0 partir du pressage des olives et se consomme directement, sans autre processus ou traitement.\u00a0Il s\u2019agit donc d\u2019une huile alimentaire extraite par des proc\u00e9dures purement physiques (pression, centrifugation) qui garantissent le respect du produit et de ses qualit\u00e9s nutritionnelles.<\/p>\n<p>A titre de comparaison, d\u2019autres cat\u00e9gories d\u2019huiles v\u00e9g\u00e9tales sont raffin\u00e9es industriellement apr\u00e8s avoir \u00e9t\u00e9 extraites avec un solvant organique, puis d\u00e9sacidifi\u00e9es, d\u00e9color\u00e9es et d\u00e9sodoris\u00e9es sous vide pouss\u00e9 \u00e0 des temp\u00e9ratures d\u2019environ 200 \u00b0C.<\/p>\n<p>Les notes aromatiques infinies de l\u2019huile d\u2019olive vierge extra proviennent d\u2019une matrice d\u2019environ 200 compos\u00e9s volatils qui se combinent pendant le processus d\u2019extraction naturelle, de type m\u00e9canique.<\/p>\n<p>Les huiles d\u2019olive extra vierges AOP et IGP pr\u00e9sentent, dans leur cahier des charges de production, des indications sp\u00e9cifiques sur les notes aromatiques que doit comporter le produit labelis\u00e9.<\/p>\n<\/div><div class=\"fusion-clearfix\"><\/div><\/div><\/div><div class=\"fusion-layout-column fusion_builder_column fusion-builder-column-2 fusion_builder_column_1_2 1_2 fusion-one-half fusion-column-last\" style=\"--awb-bg-size:cover;width:50%;width:calc(50% - ( ( 4% ) * 0.5 ) );\"><div class=\"fusion-column-wrapper fusion-column-has-shadow fusion-flex-column-wrapper-legacy\"><div class=\"fusion-text fusion-text-2\"><p>En raison de sa composition particuli\u00e8re, l\u2019huile d\u2019olive extra vierge est l\u2019huile v\u00e9g\u00e9tale la plus stable \u00e0 l\u2019oxydation et qui pr\u00e9sente le plus d\u2019avantages par rapport aux produits alternatifs:<\/p>\n<ul>\n<li>s\u2019oxyde moins parce qu\u2019il est riche en graisses insatur\u00e9es\u00a0;<\/li>\n<li>il est facile \u00e0 absorber car il est riche en acide ol\u00e9ique, un acide gras monoinsatur\u00e9 qui r\u00e9siste \u00e0 l\u2019oxydation, tant pendant la conservation que pendant la cuisson.<\/li>\n<\/ul>\n<p>Mais les compos\u00e9s ph\u00e9noliques influent aussi sur les propri\u00e9t\u00e9s sensorielles, exprimant en particulier les composants de go\u00fbt amer et piquant, directement li\u00e9s \u00e0 leur structure mol\u00e9culaire.<\/p>\n<p>Les aspects sensoriels de l\u2019huile d\u2019olive sont directement influenc\u00e9s par la qualit\u00e9 de la mati\u00e8re premi\u00e8re, l\u2019olive, les conditions agronomiques et les processus de production.<\/p>\n<p>Pour les huiles d\u2019olive vierges extra en AOP et IGP, le respect des normes de production des cahiers des charges est consolid\u00e9.<\/p>\n<\/div><div class=\"fusion-clearfix\"><\/div><\/div><\/div><\/div><\/div>\n","protected":false},"excerpt":{"rendered":"","protected":false},"author":1,"featured_media":0,"parent":0,"menu_order":17,"comment_status":"closed","ping_status":"closed","template":"100-width.php","meta":{"_monsterinsights_skip_tracking":false,"_monsterinsights_sitenote_active":false,"_monsterinsights_sitenote_note":"","_monsterinsights_sitenote_category":0,"footnotes":""},"class_list":["post-781","page","type-page","status-publish","hentry"],"yoast_head":"<!-- This site is optimized with the Yoast SEO plugin v27.4 - https:\/\/yoast.com\/product\/yoast-seo-wordpress\/ -->\n<title>LES CARACT\u00c9RISTIQUES - LOOKING FOR THE PERFECT FOOD<\/title>\n<meta name=\"robots\" content=\"index, follow, max-snippet:-1, max-image-preview:large, max-video-preview:-1\" \/>\n<link rel=\"canonical\" href=\"https:\/\/lookingfortheperfectfood.eu\/fr\/les-caracteristiques\/\" \/>\n<meta property=\"og:locale\" content=\"fr_FR\" \/>\n<meta property=\"og:type\" content=\"article\" \/>\n<meta property=\"og:title\" content=\"LES CARACT\u00c9RISTIQUES - LOOKING FOR THE PERFECT FOOD\" \/>\n<meta property=\"og:url\" content=\"https:\/\/lookingfortheperfectfood.eu\/fr\/les-caracteristiques\/\" \/>\n<meta property=\"og:site_name\" content=\"LOOKING FOR THE PERFECT FOOD\" \/>\n<meta name=\"twitter:card\" content=\"summary_large_image\" \/>\n<meta name=\"twitter:label1\" content=\"Dur\u00e9e de lecture estim\u00e9e\" \/>\n\t<meta name=\"twitter:data1\" content=\"5 minutes\" \/>\n<script type=\"application\/ld+json\" class=\"yoast-schema-graph\">{\"@context\":\"https:\\\/\\\/schema.org\",\"@graph\":[{\"@type\":\"WebPage\",\"@id\":\"https:\\\/\\\/lookingfortheperfectfood.eu\\\/fr\\\/les-caracteristiques\\\/\",\"url\":\"https:\\\/\\\/lookingfortheperfectfood.eu\\\/fr\\\/les-caracteristiques\\\/\",\"name\":\"LES CARACT\u00c9RISTIQUES - LOOKING FOR THE PERFECT FOOD\",\"isPartOf\":{\"@id\":\"https:\\\/\\\/lookingfortheperfectfood.eu\\\/fr\\\/#website\"},\"datePublished\":\"2019-07-30T11:46:36+00:00\",\"breadcrumb\":{\"@id\":\"https:\\\/\\\/lookingfortheperfectfood.eu\\\/fr\\\/les-caracteristiques\\\/#breadcrumb\"},\"inLanguage\":\"fr-FR\",\"potentialAction\":[{\"@type\":\"ReadAction\",\"target\":[\"https:\\\/\\\/lookingfortheperfectfood.eu\\\/fr\\\/les-caracteristiques\\\/\"]}]},{\"@type\":\"BreadcrumbList\",\"@id\":\"https:\\\/\\\/lookingfortheperfectfood.eu\\\/fr\\\/les-caracteristiques\\\/#breadcrumb\",\"itemListElement\":[{\"@type\":\"ListItem\",\"position\":1,\"name\":\"Home\",\"item\":\"https:\\\/\\\/lookingfortheperfectfood.eu\\\/fr\\\/\"},{\"@type\":\"ListItem\",\"position\":2,\"name\":\"LES CARACT\u00c9RISTIQUES\"}]},{\"@type\":\"WebSite\",\"@id\":\"https:\\\/\\\/lookingfortheperfectfood.eu\\\/fr\\\/#website\",\"url\":\"https:\\\/\\\/lookingfortheperfectfood.eu\\\/fr\\\/\",\"name\":\"LOOKING FOR THE PERFECT FOOD\",\"description\":\"OLIO EXTRAVERGINE DI OLIVA EUROPEO UNICO COME LA SUA QUALIT\u00c0\",\"potentialAction\":[{\"@type\":\"SearchAction\",\"target\":{\"@type\":\"EntryPoint\",\"urlTemplate\":\"https:\\\/\\\/lookingfortheperfectfood.eu\\\/fr\\\/?s={search_term_string}\"},\"query-input\":{\"@type\":\"PropertyValueSpecification\",\"valueRequired\":true,\"valueName\":\"search_term_string\"}}],\"inLanguage\":\"fr-FR\"}]}<\/script>\n<!-- \/ Yoast SEO plugin. -->","yoast_head_json":{"title":"LES CARACT\u00c9RISTIQUES - LOOKING FOR THE PERFECT FOOD","robots":{"index":"index","follow":"follow","max-snippet":"max-snippet:-1","max-image-preview":"max-image-preview:large","max-video-preview":"max-video-preview:-1"},"canonical":"https:\/\/lookingfortheperfectfood.eu\/fr\/les-caracteristiques\/","og_locale":"fr_FR","og_type":"article","og_title":"LES CARACT\u00c9RISTIQUES - LOOKING FOR THE PERFECT FOOD","og_url":"https:\/\/lookingfortheperfectfood.eu\/fr\/les-caracteristiques\/","og_site_name":"LOOKING FOR THE PERFECT FOOD","twitter_card":"summary_large_image","twitter_misc":{"Dur\u00e9e de lecture estim\u00e9e":"5 minutes"},"schema":{"@context":"https:\/\/schema.org","@graph":[{"@type":"WebPage","@id":"https:\/\/lookingfortheperfectfood.eu\/fr\/les-caracteristiques\/","url":"https:\/\/lookingfortheperfectfood.eu\/fr\/les-caracteristiques\/","name":"LES CARACT\u00c9RISTIQUES - LOOKING FOR THE PERFECT FOOD","isPartOf":{"@id":"https:\/\/lookingfortheperfectfood.eu\/fr\/#website"},"datePublished":"2019-07-30T11:46:36+00:00","breadcrumb":{"@id":"https:\/\/lookingfortheperfectfood.eu\/fr\/les-caracteristiques\/#breadcrumb"},"inLanguage":"fr-FR","potentialAction":[{"@type":"ReadAction","target":["https:\/\/lookingfortheperfectfood.eu\/fr\/les-caracteristiques\/"]}]},{"@type":"BreadcrumbList","@id":"https:\/\/lookingfortheperfectfood.eu\/fr\/les-caracteristiques\/#breadcrumb","itemListElement":[{"@type":"ListItem","position":1,"name":"Home","item":"https:\/\/lookingfortheperfectfood.eu\/fr\/"},{"@type":"ListItem","position":2,"name":"LES CARACT\u00c9RISTIQUES"}]},{"@type":"WebSite","@id":"https:\/\/lookingfortheperfectfood.eu\/fr\/#website","url":"https:\/\/lookingfortheperfectfood.eu\/fr\/","name":"LOOKING FOR THE PERFECT FOOD","description":"OLIO EXTRAVERGINE DI OLIVA EUROPEO UNICO COME LA SUA QUALIT\u00c0","potentialAction":[{"@type":"SearchAction","target":{"@type":"EntryPoint","urlTemplate":"https:\/\/lookingfortheperfectfood.eu\/fr\/?s={search_term_string}"},"query-input":{"@type":"PropertyValueSpecification","valueRequired":true,"valueName":"search_term_string"}}],"inLanguage":"fr-FR"}]}},"_links":{"self":[{"href":"https:\/\/lookingfortheperfectfood.eu\/fr\/wp-json\/wp\/v2\/pages\/781","targetHints":{"allow":["GET"]}}],"collection":[{"href":"https:\/\/lookingfortheperfectfood.eu\/fr\/wp-json\/wp\/v2\/pages"}],"about":[{"href":"https:\/\/lookingfortheperfectfood.eu\/fr\/wp-json\/wp\/v2\/types\/page"}],"author":[{"embeddable":true,"href":"https:\/\/lookingfortheperfectfood.eu\/fr\/wp-json\/wp\/v2\/users\/1"}],"replies":[{"embeddable":true,"href":"https:\/\/lookingfortheperfectfood.eu\/fr\/wp-json\/wp\/v2\/comments?post=781"}],"version-history":[{"count":2,"href":"https:\/\/lookingfortheperfectfood.eu\/fr\/wp-json\/wp\/v2\/pages\/781\/revisions"}],"predecessor-version":[{"id":784,"href":"https:\/\/lookingfortheperfectfood.eu\/fr\/wp-json\/wp\/v2\/pages\/781\/revisions\/784"}],"wp:attachment":[{"href":"https:\/\/lookingfortheperfectfood.eu\/fr\/wp-json\/wp\/v2\/media?parent=781"}],"curies":[{"name":"wp","href":"https:\/\/api.w.org\/{rel}","templated":true}]}}