{"id":777,"date":"2019-07-30T11:44:51","date_gmt":"2019-07-30T11:44:51","guid":{"rendered":"https:\/\/lookingfortheperfectfood.eu\/?page_id=777"},"modified":"2019-07-30T11:44:51","modified_gmt":"2019-07-30T11:44:51","slug":"le-territoire","status":"publish","type":"page","link":"https:\/\/lookingfortheperfectfood.eu\/fr\/le-territoire\/","title":{"rendered":"LE TERRITOIRE"},"content":{"rendered":"<div class=\"fusion-fullwidth fullwidth-box fusion-builder-row-1 nonhundred-percent-fullwidth non-hundred-percent-height-scrolling\" style=\"--awb-border-radius-top-left:0px;--awb-border-radius-top-right:0px;--awb-border-radius-bottom-right:0px;--awb-border-radius-bottom-left:0px;--awb-margin-top:0px;--awb-flex-wrap:wrap;\" ><div class=\"fusion-builder-row fusion-row\"><div class=\"fusion-layout-column fusion_builder_column fusion-builder-column-0 fusion_builder_column_1_1 1_1 fusion-one-full fusion-column-first fusion-column-last\" style=\"--awb-bg-size:cover;\"><div class=\"fusion-column-wrapper fusion-column-has-shadow fusion-flex-column-wrapper-legacy\"><div class=\"fusion-image-element fusion-image-align-center in-legacy-container\" style=\"text-align:center;--awb-caption-title-font-family:var(--h2_typography-font-family);--awb-caption-title-font-weight:var(--h2_typography-font-weight);--awb-caption-title-font-style:var(--h2_typography-font-style);--awb-caption-title-size:var(--h2_typography-font-size);--awb-caption-title-transform:var(--h2_typography-text-transform);--awb-caption-title-line-height:var(--h2_typography-line-height);--awb-caption-title-letter-spacing:var(--h2_typography-letter-spacing);\"><div class=\"imageframe-align-center\"><span class=\" fusion-imageframe imageframe-none imageframe-1 hover-type-none\"><img decoding=\"async\" width=\"1280\" height=\"782\" title=\"slide-5\" src=\"https:\/\/lookingfortheperfectfood.eu\/wp-content\/uploads\/2019\/06\/slide-5.jpg\" alt class=\"img-responsive wp-image-779\" srcset=\"https:\/\/lookingfortheperfectfood.eu\/wp-content\/uploads\/2019\/06\/slide-5-200x122.jpg 200w, https:\/\/lookingfortheperfectfood.eu\/wp-content\/uploads\/2019\/06\/slide-5-400x244.jpg 400w, https:\/\/lookingfortheperfectfood.eu\/wp-content\/uploads\/2019\/06\/slide-5-600x367.jpg 600w, https:\/\/lookingfortheperfectfood.eu\/wp-content\/uploads\/2019\/06\/slide-5-800x489.jpg 800w, https:\/\/lookingfortheperfectfood.eu\/wp-content\/uploads\/2019\/06\/slide-5-1200x733.jpg 1200w, https:\/\/lookingfortheperfectfood.eu\/wp-content\/uploads\/2019\/06\/slide-5.jpg 1280w\" sizes=\"(max-width: 800px) 100vw, 1280px\" \/><\/span><\/div><\/div><div class=\"fusion-sep-clear\"><\/div><div class=\"fusion-separator fusion-full-width-sep\" style=\"margin-left: auto;margin-right: auto;margin-top:40px;width:100%;\"><\/div><div class=\"fusion-sep-clear\"><\/div><div class=\"fusion-clearfix\"><\/div><\/div><\/div><div class=\"fusion-layout-column fusion_builder_column fusion-builder-column-1 fusion_builder_column_1_2 1_2 fusion-one-half fusion-column-first\" style=\"--awb-bg-size:cover;width:50%;width:calc(50% - ( ( 4% ) * 0.5 ) );margin-right: 4%;\"><div class=\"fusion-column-wrapper fusion-column-has-shadow fusion-flex-column-wrapper-legacy\"><div class=\"fusion-text fusion-text-1\"><p>L\u2019origine d\u2019un produit est l\u2019une des caract\u00e9ristiques fondamentales \u00e0 analyser au moment de l\u2019achat, et cela s\u2019applique \u00e9galement \u00e0 l\u2019huile d\u2019olive vierge extra.<\/p>\n<p>Les logos AOP et IGP garantissent au consommateur une huile d\u2019olive vierge extra avec une origine fiable, tra\u00e7able et garantie.<\/p>\n<p>La qualit\u00e9 premi\u00e8re et naturelle de l\u2019huile d\u2019olive europ\u00e9enne extra vierge est pr\u00e9cis\u00e9ment son enracinement profond dans le paysage rural et la culture des lieux, avec les oliveraies qui les ont toujours encadr\u00e9es, t\u00e9moins d\u2019une vocation de production ancestrale, capables d\u2019enrichir les mille saveurs de la culture gastronomique.<\/p>\n<\/div><div class=\"fusion-clearfix\"><\/div><\/div><\/div><div class=\"fusion-layout-column fusion_builder_column fusion-builder-column-2 fusion_builder_column_1_2 1_2 fusion-one-half fusion-column-last\" style=\"--awb-bg-size:cover;width:50%;width:calc(50% - ( ( 4% ) * 0.5 ) );\"><div class=\"fusion-column-wrapper fusion-column-has-shadow fusion-flex-column-wrapper-legacy\"><div class=\"fusion-text fusion-text-2\"><p>Les d\u00e9nominations DOP et IGP certifient sans \u00e9quivoque le lien entre le produit et un territoire sp\u00e9cifique, avec sa culture et ses traditions, renfor\u00e7ant ainsi un patrimoine agricole europ\u00e9en sans pr\u00e9c\u00e9dent.<span class=\"Apple-converted-space\">\u00a0<\/span><\/p>\n<p>Un patrimoine qui comprend des \u00e9tendues immenses, des millions d\u2019oliviers et des centaines de vari\u00e9t\u00e9s : on peut dire \u00e0 juste titre que chaque coin de la M\u00e9diterran\u00e9e garde et cultive jalousement ses fruits d\u00e9licieux, chaque fois diff\u00e9rents, \u00e0 d\u00e9guster sous forme d\u2019huile d\u2019olive vierge extra de qualit\u00e9 europ\u00e9enne, pour le bien-\u00eatre quotidien.<\/p>\n<\/div><div class=\"fusion-clearfix\"><\/div><\/div><\/div><\/div><\/div>\n","protected":false},"excerpt":{"rendered":"","protected":false},"author":1,"featured_media":0,"parent":0,"menu_order":18,"comment_status":"closed","ping_status":"closed","template":"100-width.php","meta":{"_monsterinsights_skip_tracking":false,"_monsterinsights_sitenote_active":false,"_monsterinsights_sitenote_note":"","_monsterinsights_sitenote_category":0,"footnotes":""},"class_list":["post-777","page","type-page","status-publish","hentry"],"yoast_head":"<!-- This site is optimized with the Yoast SEO plugin v27.3 - https:\/\/yoast.com\/product\/yoast-seo-wordpress\/ -->\n<title>LE TERRITOIRE - LOOKING FOR THE PERFECT FOOD<\/title>\n<meta name=\"robots\" content=\"index, follow, max-snippet:-1, max-image-preview:large, max-video-preview:-1\" \/>\n<link rel=\"canonical\" href=\"https:\/\/lookingfortheperfectfood.eu\/fr\/le-territoire\/\" \/>\n<meta property=\"og:locale\" content=\"fr_FR\" \/>\n<meta property=\"og:type\" content=\"article\" \/>\n<meta property=\"og:title\" content=\"LE TERRITOIRE - LOOKING FOR THE PERFECT FOOD\" \/>\n<meta property=\"og:url\" content=\"https:\/\/lookingfortheperfectfood.eu\/fr\/le-territoire\/\" \/>\n<meta property=\"og:site_name\" content=\"LOOKING FOR THE PERFECT FOOD\" \/>\n<meta name=\"twitter:card\" content=\"summary_large_image\" \/>\n<meta name=\"twitter:label1\" content=\"Dur\u00e9e de lecture estim\u00e9e\" \/>\n\t<meta name=\"twitter:data1\" content=\"4 minutes\" \/>\n<script type=\"application\/ld+json\" class=\"yoast-schema-graph\">{\"@context\":\"https:\\\/\\\/schema.org\",\"@graph\":[{\"@type\":\"WebPage\",\"@id\":\"https:\\\/\\\/lookingfortheperfectfood.eu\\\/fr\\\/le-territoire\\\/\",\"url\":\"https:\\\/\\\/lookingfortheperfectfood.eu\\\/fr\\\/le-territoire\\\/\",\"name\":\"LE TERRITOIRE - LOOKING FOR THE PERFECT FOOD\",\"isPartOf\":{\"@id\":\"https:\\\/\\\/lookingfortheperfectfood.eu\\\/fr\\\/#website\"},\"datePublished\":\"2019-07-30T11:44:51+00:00\",\"breadcrumb\":{\"@id\":\"https:\\\/\\\/lookingfortheperfectfood.eu\\\/fr\\\/le-territoire\\\/#breadcrumb\"},\"inLanguage\":\"fr-FR\",\"potentialAction\":[{\"@type\":\"ReadAction\",\"target\":[\"https:\\\/\\\/lookingfortheperfectfood.eu\\\/fr\\\/le-territoire\\\/\"]}]},{\"@type\":\"BreadcrumbList\",\"@id\":\"https:\\\/\\\/lookingfortheperfectfood.eu\\\/fr\\\/le-territoire\\\/#breadcrumb\",\"itemListElement\":[{\"@type\":\"ListItem\",\"position\":1,\"name\":\"Home\",\"item\":\"https:\\\/\\\/lookingfortheperfectfood.eu\\\/fr\\\/\"},{\"@type\":\"ListItem\",\"position\":2,\"name\":\"LE TERRITOIRE\"}]},{\"@type\":\"WebSite\",\"@id\":\"https:\\\/\\\/lookingfortheperfectfood.eu\\\/fr\\\/#website\",\"url\":\"https:\\\/\\\/lookingfortheperfectfood.eu\\\/fr\\\/\",\"name\":\"LOOKING FOR THE PERFECT FOOD\",\"description\":\"OLIO EXTRAVERGINE DI OLIVA EUROPEO UNICO COME LA SUA QUALIT\u00c0\",\"potentialAction\":[{\"@type\":\"SearchAction\",\"target\":{\"@type\":\"EntryPoint\",\"urlTemplate\":\"https:\\\/\\\/lookingfortheperfectfood.eu\\\/fr\\\/?s={search_term_string}\"},\"query-input\":{\"@type\":\"PropertyValueSpecification\",\"valueRequired\":true,\"valueName\":\"search_term_string\"}}],\"inLanguage\":\"fr-FR\"}]}<\/script>\n<!-- \/ Yoast SEO plugin. -->","yoast_head_json":{"title":"LE TERRITOIRE - LOOKING FOR THE PERFECT FOOD","robots":{"index":"index","follow":"follow","max-snippet":"max-snippet:-1","max-image-preview":"max-image-preview:large","max-video-preview":"max-video-preview:-1"},"canonical":"https:\/\/lookingfortheperfectfood.eu\/fr\/le-territoire\/","og_locale":"fr_FR","og_type":"article","og_title":"LE TERRITOIRE - LOOKING FOR THE PERFECT FOOD","og_url":"https:\/\/lookingfortheperfectfood.eu\/fr\/le-territoire\/","og_site_name":"LOOKING FOR THE PERFECT FOOD","twitter_card":"summary_large_image","twitter_misc":{"Dur\u00e9e de lecture estim\u00e9e":"4 minutes"},"schema":{"@context":"https:\/\/schema.org","@graph":[{"@type":"WebPage","@id":"https:\/\/lookingfortheperfectfood.eu\/fr\/le-territoire\/","url":"https:\/\/lookingfortheperfectfood.eu\/fr\/le-territoire\/","name":"LE TERRITOIRE - LOOKING FOR THE PERFECT FOOD","isPartOf":{"@id":"https:\/\/lookingfortheperfectfood.eu\/fr\/#website"},"datePublished":"2019-07-30T11:44:51+00:00","breadcrumb":{"@id":"https:\/\/lookingfortheperfectfood.eu\/fr\/le-territoire\/#breadcrumb"},"inLanguage":"fr-FR","potentialAction":[{"@type":"ReadAction","target":["https:\/\/lookingfortheperfectfood.eu\/fr\/le-territoire\/"]}]},{"@type":"BreadcrumbList","@id":"https:\/\/lookingfortheperfectfood.eu\/fr\/le-territoire\/#breadcrumb","itemListElement":[{"@type":"ListItem","position":1,"name":"Home","item":"https:\/\/lookingfortheperfectfood.eu\/fr\/"},{"@type":"ListItem","position":2,"name":"LE TERRITOIRE"}]},{"@type":"WebSite","@id":"https:\/\/lookingfortheperfectfood.eu\/fr\/#website","url":"https:\/\/lookingfortheperfectfood.eu\/fr\/","name":"LOOKING FOR THE PERFECT FOOD","description":"OLIO EXTRAVERGINE DI OLIVA EUROPEO UNICO COME LA SUA QUALIT\u00c0","potentialAction":[{"@type":"SearchAction","target":{"@type":"EntryPoint","urlTemplate":"https:\/\/lookingfortheperfectfood.eu\/fr\/?s={search_term_string}"},"query-input":{"@type":"PropertyValueSpecification","valueRequired":true,"valueName":"search_term_string"}}],"inLanguage":"fr-FR"}]}},"_links":{"self":[{"href":"https:\/\/lookingfortheperfectfood.eu\/fr\/wp-json\/wp\/v2\/pages\/777","targetHints":{"allow":["GET"]}}],"collection":[{"href":"https:\/\/lookingfortheperfectfood.eu\/fr\/wp-json\/wp\/v2\/pages"}],"about":[{"href":"https:\/\/lookingfortheperfectfood.eu\/fr\/wp-json\/wp\/v2\/types\/page"}],"author":[{"embeddable":true,"href":"https:\/\/lookingfortheperfectfood.eu\/fr\/wp-json\/wp\/v2\/users\/1"}],"replies":[{"embeddable":true,"href":"https:\/\/lookingfortheperfectfood.eu\/fr\/wp-json\/wp\/v2\/comments?post=777"}],"version-history":[{"count":2,"href":"https:\/\/lookingfortheperfectfood.eu\/fr\/wp-json\/wp\/v2\/pages\/777\/revisions"}],"predecessor-version":[{"id":780,"href":"https:\/\/lookingfortheperfectfood.eu\/fr\/wp-json\/wp\/v2\/pages\/777\/revisions\/780"}],"wp:attachment":[{"href":"https:\/\/lookingfortheperfectfood.eu\/fr\/wp-json\/wp\/v2\/media?parent=777"}],"curies":[{"name":"wp","href":"https:\/\/api.w.org\/{rel}","templated":true}]}}