{"id":769,"date":"2019-07-30T11:43:42","date_gmt":"2019-07-30T11:43:42","guid":{"rendered":"https:\/\/lookingfortheperfectfood.eu\/?page_id=769"},"modified":"2019-07-30T11:43:42","modified_gmt":"2019-07-30T11:43:42","slug":"les-cultures-europeennes","status":"publish","type":"page","link":"https:\/\/lookingfortheperfectfood.eu\/fr\/les-cultures-europeennes\/","title":{"rendered":"LES CULTURES EUROP\u00c9ENNES"},"content":{"rendered":"<div class=\"fusion-fullwidth fullwidth-box fusion-builder-row-1 nonhundred-percent-fullwidth non-hundred-percent-height-scrolling\" style=\"--awb-border-radius-top-left:0px;--awb-border-radius-top-right:0px;--awb-border-radius-bottom-right:0px;--awb-border-radius-bottom-left:0px;--awb-margin-top:0px;--awb-flex-wrap:wrap;\" ><div class=\"fusion-builder-row fusion-row\"><div class=\"fusion-layout-column fusion_builder_column fusion-builder-column-0 fusion_builder_column_1_1 1_1 fusion-one-full fusion-column-first fusion-column-last\" style=\"--awb-bg-size:cover;\"><div class=\"fusion-column-wrapper fusion-column-has-shadow fusion-flex-column-wrapper-legacy\"><div class=\"fusion-image-element fusion-image-align-center in-legacy-container\" style=\"text-align:center;--awb-caption-title-font-family:var(--h2_typography-font-family);--awb-caption-title-font-weight:var(--h2_typography-font-weight);--awb-caption-title-font-style:var(--h2_typography-font-style);--awb-caption-title-size:var(--h2_typography-font-size);--awb-caption-title-transform:var(--h2_typography-text-transform);--awb-caption-title-line-height:var(--h2_typography-line-height);--awb-caption-title-letter-spacing:var(--h2_typography-letter-spacing);\"><div class=\"imageframe-align-center\"><span class=\" fusion-imageframe imageframe-none imageframe-1 hover-type-none\"><img decoding=\"async\" width=\"1280\" height=\"782\" title=\"slide-4\" src=\"https:\/\/lookingfortheperfectfood.eu\/wp-content\/uploads\/2019\/06\/slide-4.jpg\" alt class=\"img-responsive wp-image-775\" srcset=\"https:\/\/lookingfortheperfectfood.eu\/wp-content\/uploads\/2019\/06\/slide-4-200x122.jpg 200w, https:\/\/lookingfortheperfectfood.eu\/wp-content\/uploads\/2019\/06\/slide-4-400x244.jpg 400w, https:\/\/lookingfortheperfectfood.eu\/wp-content\/uploads\/2019\/06\/slide-4-600x367.jpg 600w, https:\/\/lookingfortheperfectfood.eu\/wp-content\/uploads\/2019\/06\/slide-4-800x489.jpg 800w, https:\/\/lookingfortheperfectfood.eu\/wp-content\/uploads\/2019\/06\/slide-4-1200x733.jpg 1200w, https:\/\/lookingfortheperfectfood.eu\/wp-content\/uploads\/2019\/06\/slide-4.jpg 1280w\" sizes=\"(max-width: 800px) 100vw, 1280px\" \/><\/span><\/div><\/div><div class=\"fusion-sep-clear\"><\/div><div class=\"fusion-separator fusion-full-width-sep\" style=\"margin-left: auto;margin-right: auto;margin-top:40px;width:100%;\"><\/div><div class=\"fusion-sep-clear\"><\/div><div class=\"fusion-clearfix\"><\/div><\/div><\/div><div class=\"fusion-layout-column fusion_builder_column fusion-builder-column-1 fusion_builder_column_1_2 1_2 fusion-one-half fusion-column-first\" style=\"--awb-bg-size:cover;width:50%;width:calc(50% - ( ( 4% ) * 0.5 ) );margin-right: 4%;\"><div class=\"fusion-column-wrapper fusion-column-has-shadow fusion-flex-column-wrapper-legacy\"><div class=\"fusion-text fusion-text-1\"><p>Un territoire comme celui de l\u2019Europe m\u00e9diterran\u00e9enne offre une grande vari\u00e9t\u00e9 de terroirs ol\u00e9icoles de haute qualit\u00e9\u00a0: chacune exprime des conditions ambiantes, des paysages, des climats uniques accompagn\u00e9s de savoir-faire sp\u00e9cifiques.<\/p>\n<p>Le fruit de cette richesse est une biodiversit\u00e9 extraordinaire, \u00e0 laquelle chaque territoire sp\u00e9cifique contribue en exprimant diff\u00e9rentes vari\u00e9t\u00e9s d\u2019huiles, marqu\u00e9es par des propri\u00e9t\u00e9s organoleptiques typiques et uniques.<\/p>\n<p>La production europ\u00e9enne d\u2019olives pr\u00e9sente une grande diversit\u00e9 de vari\u00e9t\u00e9\u00a0qui sont le fruit de conditions territoriales uniques et d\u2019une structure g\u00e9n\u00e9tique sp\u00e9cifique, qui ont naturellement \u00e9volu\u00e9 au fil du temps\u00a0; Elles repr\u00e9sentent aujourd\u2019hui un patrimoine inimitable en termes de go\u00fbt et de caract\u00e8res nutritionnels.<\/p>\n<\/div><div class=\"fusion-clearfix\"><\/div><\/div><\/div><div class=\"fusion-layout-column fusion_builder_column fusion-builder-column-2 fusion_builder_column_1_2 1_2 fusion-one-half fusion-column-last\" style=\"--awb-bg-size:cover;width:50%;width:calc(50% - ( ( 4% ) * 0.5 ) );\"><div class=\"fusion-column-wrapper fusion-column-has-shadow fusion-flex-column-wrapper-legacy\"><div class=\"fusion-text fusion-text-2\"><p>Les cahiers des charges des huiles d\u2019olives en AOP et IGP indiquent avec pr\u00e9cision quelles vari\u00e9t\u00e9s d\u2019oliviers peuvent \u00eatre utilis\u00e9es pour la production de l\u2019huile certifi\u00e9e.<br \/>Des produits tels que les huiles AOP et IGP garantissent ainsi des informations claires vis-\u00e0-vis du consommateur, visant \u00e0 valoriser la richesse des vari\u00e9t\u00e9s europ\u00e9ennes dont ils tirent leur origine. Sachant avec pr\u00e9cision la provenance et les vari\u00e9t\u00e9s d\u2019olives utilis\u00e9es, le consommateur aura en effet la certitude d\u2019acheter un produit sp\u00e9cifique ayant des caract\u00e9ristiques organoleptiques particuli\u00e8res et uniques.<br \/>La France compte plus d\u2019une centaine de vari\u00e9t\u00e9s d\u2019olive bien que sa production soit modeste. La volont\u00e9 de conserver une grande biodiversit\u00e9 au sein de la fili\u00e8re en est l\u2019une de ses principales raisons.<\/p>\n<p>Le pays o\u00f9 se concentre le plus la biodiversit\u00e9 ol\u00e9icole est l\u2019Italie, o\u00f9 plus de 600 cultivars autochtones se sont d\u00e9velopp\u00e9s et \u00e9volu\u00e9s au fil du temps, un record absolu au monde.<\/p>\n<\/div><div class=\"fusion-clearfix\"><\/div><\/div><\/div><\/div><\/div>\n","protected":false},"excerpt":{"rendered":"","protected":false},"author":1,"featured_media":0,"parent":0,"menu_order":19,"comment_status":"closed","ping_status":"closed","template":"100-width.php","meta":{"_monsterinsights_skip_tracking":false,"_monsterinsights_sitenote_active":false,"_monsterinsights_sitenote_note":"","_monsterinsights_sitenote_category":0,"footnotes":""},"class_list":["post-769","page","type-page","status-publish","hentry"],"yoast_head":"<!-- This site is optimized with the Yoast SEO plugin v27.4 - https:\/\/yoast.com\/product\/yoast-seo-wordpress\/ -->\n<title>LES CULTURES EUROP\u00c9ENNES - LOOKING FOR THE PERFECT FOOD<\/title>\n<meta name=\"robots\" content=\"index, follow, max-snippet:-1, max-image-preview:large, max-video-preview:-1\" \/>\n<link rel=\"canonical\" href=\"https:\/\/lookingfortheperfectfood.eu\/fr\/les-cultures-europeennes\/\" \/>\n<meta property=\"og:locale\" content=\"fr_FR\" \/>\n<meta property=\"og:type\" content=\"article\" \/>\n<meta property=\"og:title\" content=\"LES CULTURES EUROP\u00c9ENNES - LOOKING FOR THE PERFECT FOOD\" \/>\n<meta property=\"og:url\" content=\"https:\/\/lookingfortheperfectfood.eu\/fr\/les-cultures-europeennes\/\" \/>\n<meta property=\"og:site_name\" content=\"LOOKING FOR THE PERFECT FOOD\" \/>\n<meta name=\"twitter:card\" content=\"summary_large_image\" \/>\n<meta name=\"twitter:label1\" content=\"Dur\u00e9e de lecture estim\u00e9e\" \/>\n\t<meta name=\"twitter:data1\" content=\"4 minutes\" \/>\n<script type=\"application\/ld+json\" class=\"yoast-schema-graph\">{\"@context\":\"https:\\\/\\\/schema.org\",\"@graph\":[{\"@type\":\"WebPage\",\"@id\":\"https:\\\/\\\/lookingfortheperfectfood.eu\\\/fr\\\/les-cultures-europeennes\\\/\",\"url\":\"https:\\\/\\\/lookingfortheperfectfood.eu\\\/fr\\\/les-cultures-europeennes\\\/\",\"name\":\"LES CULTURES EUROP\u00c9ENNES - LOOKING FOR THE PERFECT FOOD\",\"isPartOf\":{\"@id\":\"https:\\\/\\\/lookingfortheperfectfood.eu\\\/fr\\\/#website\"},\"datePublished\":\"2019-07-30T11:43:42+00:00\",\"breadcrumb\":{\"@id\":\"https:\\\/\\\/lookingfortheperfectfood.eu\\\/fr\\\/les-cultures-europeennes\\\/#breadcrumb\"},\"inLanguage\":\"fr-FR\",\"potentialAction\":[{\"@type\":\"ReadAction\",\"target\":[\"https:\\\/\\\/lookingfortheperfectfood.eu\\\/fr\\\/les-cultures-europeennes\\\/\"]}]},{\"@type\":\"BreadcrumbList\",\"@id\":\"https:\\\/\\\/lookingfortheperfectfood.eu\\\/fr\\\/les-cultures-europeennes\\\/#breadcrumb\",\"itemListElement\":[{\"@type\":\"ListItem\",\"position\":1,\"name\":\"Home\",\"item\":\"https:\\\/\\\/lookingfortheperfectfood.eu\\\/fr\\\/\"},{\"@type\":\"ListItem\",\"position\":2,\"name\":\"LES CULTURES EUROP\u00c9ENNES\"}]},{\"@type\":\"WebSite\",\"@id\":\"https:\\\/\\\/lookingfortheperfectfood.eu\\\/fr\\\/#website\",\"url\":\"https:\\\/\\\/lookingfortheperfectfood.eu\\\/fr\\\/\",\"name\":\"LOOKING FOR THE PERFECT FOOD\",\"description\":\"OLIO EXTRAVERGINE DI OLIVA EUROPEO UNICO COME LA SUA QUALIT\u00c0\",\"potentialAction\":[{\"@type\":\"SearchAction\",\"target\":{\"@type\":\"EntryPoint\",\"urlTemplate\":\"https:\\\/\\\/lookingfortheperfectfood.eu\\\/fr\\\/?s={search_term_string}\"},\"query-input\":{\"@type\":\"PropertyValueSpecification\",\"valueRequired\":true,\"valueName\":\"search_term_string\"}}],\"inLanguage\":\"fr-FR\"}]}<\/script>\n<!-- \/ Yoast SEO plugin. -->","yoast_head_json":{"title":"LES CULTURES EUROP\u00c9ENNES - LOOKING FOR THE PERFECT FOOD","robots":{"index":"index","follow":"follow","max-snippet":"max-snippet:-1","max-image-preview":"max-image-preview:large","max-video-preview":"max-video-preview:-1"},"canonical":"https:\/\/lookingfortheperfectfood.eu\/fr\/les-cultures-europeennes\/","og_locale":"fr_FR","og_type":"article","og_title":"LES CULTURES EUROP\u00c9ENNES - LOOKING FOR THE PERFECT FOOD","og_url":"https:\/\/lookingfortheperfectfood.eu\/fr\/les-cultures-europeennes\/","og_site_name":"LOOKING FOR THE PERFECT FOOD","twitter_card":"summary_large_image","twitter_misc":{"Dur\u00e9e de lecture estim\u00e9e":"4 minutes"},"schema":{"@context":"https:\/\/schema.org","@graph":[{"@type":"WebPage","@id":"https:\/\/lookingfortheperfectfood.eu\/fr\/les-cultures-europeennes\/","url":"https:\/\/lookingfortheperfectfood.eu\/fr\/les-cultures-europeennes\/","name":"LES CULTURES EUROP\u00c9ENNES - LOOKING FOR THE PERFECT FOOD","isPartOf":{"@id":"https:\/\/lookingfortheperfectfood.eu\/fr\/#website"},"datePublished":"2019-07-30T11:43:42+00:00","breadcrumb":{"@id":"https:\/\/lookingfortheperfectfood.eu\/fr\/les-cultures-europeennes\/#breadcrumb"},"inLanguage":"fr-FR","potentialAction":[{"@type":"ReadAction","target":["https:\/\/lookingfortheperfectfood.eu\/fr\/les-cultures-europeennes\/"]}]},{"@type":"BreadcrumbList","@id":"https:\/\/lookingfortheperfectfood.eu\/fr\/les-cultures-europeennes\/#breadcrumb","itemListElement":[{"@type":"ListItem","position":1,"name":"Home","item":"https:\/\/lookingfortheperfectfood.eu\/fr\/"},{"@type":"ListItem","position":2,"name":"LES CULTURES EUROP\u00c9ENNES"}]},{"@type":"WebSite","@id":"https:\/\/lookingfortheperfectfood.eu\/fr\/#website","url":"https:\/\/lookingfortheperfectfood.eu\/fr\/","name":"LOOKING FOR THE PERFECT FOOD","description":"OLIO EXTRAVERGINE DI OLIVA EUROPEO UNICO COME LA SUA QUALIT\u00c0","potentialAction":[{"@type":"SearchAction","target":{"@type":"EntryPoint","urlTemplate":"https:\/\/lookingfortheperfectfood.eu\/fr\/?s={search_term_string}"},"query-input":{"@type":"PropertyValueSpecification","valueRequired":true,"valueName":"search_term_string"}}],"inLanguage":"fr-FR"}]}},"_links":{"self":[{"href":"https:\/\/lookingfortheperfectfood.eu\/fr\/wp-json\/wp\/v2\/pages\/769","targetHints":{"allow":["GET"]}}],"collection":[{"href":"https:\/\/lookingfortheperfectfood.eu\/fr\/wp-json\/wp\/v2\/pages"}],"about":[{"href":"https:\/\/lookingfortheperfectfood.eu\/fr\/wp-json\/wp\/v2\/types\/page"}],"author":[{"embeddable":true,"href":"https:\/\/lookingfortheperfectfood.eu\/fr\/wp-json\/wp\/v2\/users\/1"}],"replies":[{"embeddable":true,"href":"https:\/\/lookingfortheperfectfood.eu\/fr\/wp-json\/wp\/v2\/comments?post=769"}],"version-history":[{"count":6,"href":"https:\/\/lookingfortheperfectfood.eu\/fr\/wp-json\/wp\/v2\/pages\/769\/revisions"}],"predecessor-version":[{"id":776,"href":"https:\/\/lookingfortheperfectfood.eu\/fr\/wp-json\/wp\/v2\/pages\/769\/revisions\/776"}],"wp:attachment":[{"href":"https:\/\/lookingfortheperfectfood.eu\/fr\/wp-json\/wp\/v2\/media?parent=769"}],"curies":[{"name":"wp","href":"https:\/\/api.w.org\/{rel}","templated":true}]}}