{"id":746,"date":"2019-07-30T11:21:17","date_gmt":"2019-07-30T11:21:17","guid":{"rendered":"https:\/\/lookingfortheperfectfood.eu\/?page_id=746"},"modified":"2021-09-08T09:18:09","modified_gmt":"2021-09-08T09:18:09","slug":"huiles-dolive-extra-vierges-aop-et-igp-en-europe","status":"publish","type":"page","link":"https:\/\/lookingfortheperfectfood.eu\/fr\/huiles-dolive-extra-vierges-aop-et-igp-en-europe\/","title":{"rendered":"HUILES D\u2019OLIVE EXTRA VIERGES AOP ET IGP EN EUROPE"},"content":{"rendered":"<div class=\"fusion-fullwidth fullwidth-box fusion-builder-row-1 nonhundred-percent-fullwidth non-hundred-percent-height-scrolling\" style=\"--awb-border-radius-top-left:0px;--awb-border-radius-top-right:0px;--awb-border-radius-bottom-right:0px;--awb-border-radius-bottom-left:0px;--awb-margin-top:0px;--awb-flex-wrap:wrap;\" ><div class=\"fusion-builder-row fusion-row\"><div class=\"fusion-layout-column fusion_builder_column fusion-builder-column-0 fusion_builder_column_1_1 1_1 fusion-one-full fusion-column-first fusion-column-last\" style=\"--awb-bg-size:cover;\"><div class=\"fusion-column-wrapper fusion-column-has-shadow fusion-flex-column-wrapper-legacy\"><div class=\"fusion-image-element fusion-image-align-center in-legacy-container\" style=\"text-align:center;--awb-caption-title-font-family:var(--h2_typography-font-family);--awb-caption-title-font-weight:var(--h2_typography-font-weight);--awb-caption-title-font-style:var(--h2_typography-font-style);--awb-caption-title-size:var(--h2_typography-font-size);--awb-caption-title-transform:var(--h2_typography-text-transform);--awb-caption-title-line-height:var(--h2_typography-line-height);--awb-caption-title-letter-spacing:var(--h2_typography-letter-spacing);\"><div class=\"imageframe-align-center\"><span class=\" fusion-imageframe imageframe-none imageframe-1 hover-type-none\"><img decoding=\"async\" width=\"1280\" height=\"782\" title=\"slide-8\" src=\"https:\/\/lookingfortheperfectfood.eu\/wp-content\/uploads\/2019\/06\/slide-8.jpg\" alt class=\"img-responsive wp-image-748\" srcset=\"https:\/\/lookingfortheperfectfood.eu\/wp-content\/uploads\/2019\/06\/slide-8-200x122.jpg 200w, https:\/\/lookingfortheperfectfood.eu\/wp-content\/uploads\/2019\/06\/slide-8-400x244.jpg 400w, https:\/\/lookingfortheperfectfood.eu\/wp-content\/uploads\/2019\/06\/slide-8-600x367.jpg 600w, https:\/\/lookingfortheperfectfood.eu\/wp-content\/uploads\/2019\/06\/slide-8-800x489.jpg 800w, https:\/\/lookingfortheperfectfood.eu\/wp-content\/uploads\/2019\/06\/slide-8-1200x733.jpg 1200w, https:\/\/lookingfortheperfectfood.eu\/wp-content\/uploads\/2019\/06\/slide-8.jpg 1280w\" sizes=\"(max-width: 800px) 100vw, 1280px\" \/><\/span><\/div><\/div><div class=\"fusion-sep-clear\"><\/div><div class=\"fusion-separator fusion-full-width-sep\" style=\"margin-left: auto;margin-right: auto;margin-top:40px;width:100%;\"><\/div><div class=\"fusion-sep-clear\"><\/div><div class=\"fusion-clearfix\"><\/div><\/div><\/div><div class=\"fusion-layout-column fusion_builder_column fusion-builder-column-1 fusion_builder_column_1_2 1_2 fusion-one-half fusion-column-first\" style=\"--awb-bg-size:cover;width:50%;width:calc(50% - ( ( 4% ) * 0.5 ) );margin-right: 4%;\"><div class=\"fusion-column-wrapper fusion-column-has-shadow fusion-flex-column-wrapper-legacy\"><div class=\"fusion-text fusion-text-1\"><h1>Huiles d\u2019olive extra vierges AOP et IGP en Europe<\/h1>\n<p>Les labels de qualit\u00e9 AOP (Appellation d\u2019Origine Prot\u00e9g\u00e9e) et IGP (Indication G\u00e9ographique Prot\u00e9g\u00e9e), \u00e9tablis par l\u2019Union Europ\u00e9enne, prot\u00e8gent les produits agricoles ou alimentaires dont les caract\u00e9ristiques qualitatives d\u00e9pendent essentiellement ou exclusivement du milieu g\u00e9ographique.\u2028\u2028La liste des produits reconnus par ces labels de qualit\u00e9 est constamment mise \u00e0 jour, mais voici toutes les huiles d\u2019olives vierges extra en AOP europ\u00e9ennes.<\/p>\n<p>Mise \u00e0 jour\u00a0: Ao\u00fbt 2021<br \/>\nSource: <a href=\"https:\/\/ec.europa.eu\/info\/food-farming-fisheries\/food-safety-and-quality\/certification\/quality-labels\/geographical-indications-register\/#\" target=\"_blank\" rel=\"noopener noreferrer\">https:\/\/ec.europa.eu\/info\/food-farming-fisheries\/food-safety-and-quality\/certification\/quality-labels\/geographical-indications-register\/#<\/a><\/p>\n<\/div><div class=\"fusion-clearfix\"><\/div><\/div><\/div><div class=\"fusion-layout-column fusion_builder_column fusion-builder-column-2 fusion_builder_column_1_2 1_2 fusion-one-half fusion-column-last\" style=\"--awb-bg-size:cover;width:50%;width:calc(50% - ( ( 4% ) * 0.5 ) );\"><div class=\"fusion-column-wrapper fusion-column-has-shadow fusion-flex-column-wrapper-legacy\"><div class=\"accordian fusion-accordian\" style=\"--awb-border-size:1px;--awb-icon-size:13px;--awb-content-font-size:14px;--awb-icon-alignment:left;--awb-hover-color:#f9f9f9;--awb-border-color:#cccccc;--awb-background-color:#ffffff;--awb-divider-color:#e0dede;--awb-divider-hover-color:#e0dede;--awb-icon-color:#ffffff;--awb-title-color:#333333;--awb-content-color:#747474;--awb-icon-box-color:#333333;--awb-toggle-hover-accent-color:#a0ce4e;--awb-title-font-family:&quot;Patrick Hand&quot;;--awb-title-font-weight:400;--awb-title-font-style:normal;--awb-title-line-height:1.5;--awb-content-font-family:&quot;Open Sans&quot;;--awb-content-font-style:normal;--awb-content-font-weight:400;\"><div class=\"panel-group fusion-toggle-icon-boxed\" id=\"accordion-746-1\"><div class=\"fusion-panel panel-default panel-f79b04e890c1b639b fusion-toggle-has-divider\"><div class=\"panel-heading\"><h4 class=\"panel-title toggle\" id=\"toggle_f79b04e890c1b639b\"><a aria-expanded=\"false\" aria-controls=\"f79b04e890c1b639b\" role=\"button\" data-toggle=\"collapse\" data-parent=\"#accordion-746-1\" data-target=\"#f79b04e890c1b639b\" href=\"#f79b04e890c1b639b\"><span class=\"fusion-toggle-icon-wrapper\" aria-hidden=\"true\"><i class=\"fa-fusion-box active-icon awb-icon-minus\" aria-hidden=\"true\"><\/i><i class=\"fa-fusion-box inactive-icon awb-icon-plus\" aria-hidden=\"true\"><\/i><\/span><span class=\"fusion-toggle-heading\">ITALIE<\/span><\/a><\/h4><\/div><div id=\"f79b04e890c1b639b\" class=\"panel-collapse collapse \" aria-labelledby=\"toggle_f79b04e890c1b639b\"><div class=\"panel-body toggle-content fusion-clearfix\">ALTO CROTONESE DOP<br \/>\nAPRUTINO PESCARESE DOP<br \/>\nBRISIGHELLA DOP<br \/>\nBRUZIO DOP<br \/>\nCANINO DOP<br \/>\nCARTOCETO DOP<br \/>\nCHIANTI CLASSICO DOP<br \/>\nCILENTO DOP<br \/>\nCOLLINA DI BRINDISI DOP<br \/>\nCOLLINE DI ROMAGNA DOP<br \/>\nCOLLINE PONTINE DOP<br \/>\nCOLLINE SALERNITANE DOP<br \/>\nCOLLINE TEATINE DOP<br \/>\nDAUNO DOP<br \/>\nGARDA DOP<br \/>\nIRPINIA \u2013 COLLINE DELL\u2019UFITA DOP<br \/>\nLAGHI LOMBARDI DOP<br \/>\nLAMETIA DOP<br \/>\nLUCCA DOP<br \/>\nMARCHE IGP<br \/>\nMOLISE DOP<br \/>\nMONTE ETNA DOP<br \/>\nMONTI IBLEI DOP<br \/>\nOLIO DI CALABRIA IGP<br \/>\nOLIO DI PUGLIA IGP<br \/>\nOLIO DI ROMA IGP<br \/>\nOLIO LUCANO IGP<br \/>\nPENISOLA SORRENTINA DOP<br \/>\nPRETUZIANO DELLE COLLINE TERAMANE DOP<br \/>\nRIVIERA LIGURE DOP<br \/>\nSABINA DOP<br \/>\nSARDEGNA DOP<br \/>\nSEGGIANO DOP<br \/>\nSICILIA IGP<br \/>\nTERGESTE DOP<br \/>\nTERRE DI BARI DOP<br \/>\nTERRE D\u2019OTRANTO DOP<br \/>\nTERRE AURUNCHE DOP<br \/>\nTERRE DI SIENA DOP<br \/>\nTERRE TARENTINE DOP<br \/>\nTOSCANO IGP<br \/>\nTUSCIA DOP<br \/>\nUMBRIA DOP<br \/>\nVAL DI MAZARA DOP<br \/>\nVALDEMONE DOP<br \/>\nVALLE DEL BELICE DOP<br \/>\nVALLI TRAPANESI DOP<br \/>\nVENETO DOP<br \/>\nVULTURE DOP<\/div><\/div><\/div><div class=\"fusion-panel panel-default panel-58f449a16fa8dac78 fusion-toggle-has-divider\"><div class=\"panel-heading\"><h4 class=\"panel-title toggle\" id=\"toggle_58f449a16fa8dac78\"><a aria-expanded=\"false\" aria-controls=\"58f449a16fa8dac78\" role=\"button\" data-toggle=\"collapse\" data-parent=\"#accordion-746-1\" data-target=\"#58f449a16fa8dac78\" href=\"#58f449a16fa8dac78\"><span class=\"fusion-toggle-icon-wrapper\" aria-hidden=\"true\"><i class=\"fa-fusion-box active-icon awb-icon-minus\" aria-hidden=\"true\"><\/i><i class=\"fa-fusion-box inactive-icon awb-icon-plus\" aria-hidden=\"true\"><\/i><\/span><span class=\"fusion-toggle-heading\">ESPAGNE<\/span><\/a><\/h4><\/div><div id=\"58f449a16fa8dac78\" class=\"panel-collapse collapse \" aria-labelledby=\"toggle_58f449a16fa8dac78\"><div class=\"panel-body toggle-content fusion-clearfix\">BAENA DOP<br \/>\nSIURANA DOP<br \/>\nLES GARRIGUES DOP<br \/>\nACEITE CAMPO DE CALATRAVA DOP<br \/>\nACEITE CAMPO DE MONTIEL DOP<br \/>\nACEITE DE LA ALCARRIA DOP<br \/>\nACEITE DE LA COMUNITAT VALENCIANA DOP<br \/>\nACEITE DE LA RIOJA DOP<br \/>\nACEITE DE LUCENA DOP<br \/>\nACEITE DE JA\u00c9N IGP<br \/>\nACEITE DE IBIZA \/ OLI D\u2019EIVISSA IGP<br \/>\nOLI MALLORQU\u00cd DOP<br \/>\nACEITE DE NAVARRA DOP<br \/>\nOLI DE TERRA ALTA DOP<br \/>\nOLI DEL BAIX EBRE-MONTSI\u00c0 DOP<br \/>\nACEITE DEL BAJO ARAG\u00d3N DOP<br \/>\nACEITE MONTERRUBIO DOP<br \/>\nACEITE SIERRA DEL MONCAYO DOP<br \/>\nANTEQUERA DOP<br \/>\nESTEPA DOP<br \/>\nGATA-HURDES DOP<br \/>\nMONTES DE GRANADA DOP<br \/>\nMONTES DE TOLEDO DOP<br \/>\nMONTORO-ADAMUZ DOP<br \/>\nACEITE DE L\u2019EMPORD\u00c0 DOP<br \/>\nPONIENTE DE GRANADA DOP<br \/>\nPRIEGO DE CORDOBA DOP<br \/>\nSIERRA DE CADIZ<br \/>\nSIERRA DE CAZORLA DOP<br \/>\nSIERRA DE SEGURA DOP<br \/>\nSIERRA MAGINA DOP<br \/>\nSIURANA DOP<\/div><\/div><\/div><div class=\"fusion-panel panel-default panel-a9f9d2c43b208cf58 fusion-toggle-has-divider\"><div class=\"panel-heading\"><h4 class=\"panel-title toggle\" id=\"toggle_a9f9d2c43b208cf58\"><a aria-expanded=\"false\" aria-controls=\"a9f9d2c43b208cf58\" role=\"button\" data-toggle=\"collapse\" data-parent=\"#accordion-746-1\" data-target=\"#a9f9d2c43b208cf58\" href=\"#a9f9d2c43b208cf58\"><span class=\"fusion-toggle-icon-wrapper\" aria-hidden=\"true\"><i class=\"fa-fusion-box active-icon awb-icon-minus\" aria-hidden=\"true\"><\/i><i class=\"fa-fusion-box inactive-icon awb-icon-plus\" aria-hidden=\"true\"><\/i><\/span><span class=\"fusion-toggle-heading\">PORTUGAL<\/span><\/a><\/h4><\/div><div id=\"a9f9d2c43b208cf58\" class=\"panel-collapse collapse \" aria-labelledby=\"toggle_a9f9d2c43b208cf58\"><div class=\"panel-body toggle-content fusion-clearfix\">AZEITE DE TR\u00c1S-OS-MONTES DOP<br \/>\nAZEITE DE MOURA DOP<br \/>\nAZEITE DO ALENTEJO INTERIOR DOP<br \/>\nAZEITES DA BEIRA INTERIOR DOP<br \/>\nAZEITES DO NORTE ALENTEJANO DOP<br \/>\nAZEITES DO RIBATEJO DOP<\/div><\/div><\/div><div class=\"fusion-panel panel-default panel-86f3c3f7c25cc6e54 fusion-toggle-has-divider\"><div class=\"panel-heading\"><h4 class=\"panel-title toggle\" id=\"toggle_86f3c3f7c25cc6e54\"><a aria-expanded=\"false\" aria-controls=\"86f3c3f7c25cc6e54\" role=\"button\" data-toggle=\"collapse\" data-parent=\"#accordion-746-1\" data-target=\"#86f3c3f7c25cc6e54\" href=\"#86f3c3f7c25cc6e54\"><span class=\"fusion-toggle-icon-wrapper\" aria-hidden=\"true\"><i class=\"fa-fusion-box active-icon awb-icon-minus\" aria-hidden=\"true\"><\/i><i class=\"fa-fusion-box inactive-icon awb-icon-plus\" aria-hidden=\"true\"><\/i><\/span><span class=\"fusion-toggle-heading\">FRANCE<\/span><\/a><\/h4><\/div><div id=\"86f3c3f7c25cc6e54\" class=\"panel-collapse collapse \" aria-labelledby=\"toggle_86f3c3f7c25cc6e54\"><div class=\"panel-body toggle-content fusion-clearfix\">HUILE D\u2019OLIVE DE NYONS DOP<br \/>\nHUILE D\u2019OLIVE D\u2019AIX-EN-PROVENCE DOP<br \/>\nHUILE D\u2019OLIVE DE CORSE-OLIU DI CORSICA DOP<br \/>\nHUILE D\u2019OLIVE DE HAUTE-PROVENCE DOP<br \/>\nHUILE D\u2019OLIVE DE LA VALL\u00c9E DES BAUX-DE-PROVENCE DOP<br \/>\nHUILE D\u2019OLIVE DE NICE DOP<br \/>\nHUILE D\u2019OLIVE DE N\u00ceMES DOP<br \/>\nHUILE D\u2019OLIVE DE PROVENCE DOP<\/div><\/div><\/div><div class=\"fusion-panel panel-default panel-a94fa1dfa802f3ab6 fusion-toggle-has-divider\"><div class=\"panel-heading\"><h4 class=\"panel-title toggle\" id=\"toggle_a94fa1dfa802f3ab6\"><a aria-expanded=\"false\" aria-controls=\"a94fa1dfa802f3ab6\" role=\"button\" data-toggle=\"collapse\" data-parent=\"#accordion-746-1\" data-target=\"#a94fa1dfa802f3ab6\" href=\"#a94fa1dfa802f3ab6\"><span class=\"fusion-toggle-icon-wrapper\" aria-hidden=\"true\"><i class=\"fa-fusion-box active-icon awb-icon-minus\" aria-hidden=\"true\"><\/i><i class=\"fa-fusion-box inactive-icon awb-icon-plus\" aria-hidden=\"true\"><\/i><\/span><span class=\"fusion-toggle-heading\">CROATIE<\/span><\/a><\/h4><\/div><div id=\"a94fa1dfa802f3ab6\" class=\"panel-collapse collapse \" aria-labelledby=\"toggle_a94fa1dfa802f3ab6\"><div class=\"panel-body toggle-content fusion-clearfix\">\n<p>EKSTRA DJEVICANSKO MASLINOVO ULJE CRES DOP<br \/>\nISTRA DOP<br \/>\nKORCULANSKO MASLINOVO ULJE DOP<br \/>\nKRCKO MASLINOVO ULJE DOP<br \/>\n\u0160OLTANSKO MASLINOVO ULJE DOP<\/p>\n<\/div><\/div><\/div><div class=\"fusion-panel panel-default panel-efd85352b36b6c48c fusion-toggle-has-divider\"><div class=\"panel-heading\"><h4 class=\"panel-title toggle\" id=\"toggle_efd85352b36b6c48c\"><a aria-expanded=\"false\" aria-controls=\"efd85352b36b6c48c\" role=\"button\" data-toggle=\"collapse\" data-parent=\"#accordion-746-1\" data-target=\"#efd85352b36b6c48c\" href=\"#efd85352b36b6c48c\"><span class=\"fusion-toggle-icon-wrapper\" aria-hidden=\"true\"><i class=\"fa-fusion-box active-icon awb-icon-minus\" aria-hidden=\"true\"><\/i><i class=\"fa-fusion-box inactive-icon awb-icon-plus\" aria-hidden=\"true\"><\/i><\/span><span class=\"fusion-toggle-heading\">SLOV\u00c9NIE<\/span><\/a><\/h4><\/div><div id=\"efd85352b36b6c48c\" class=\"panel-collapse collapse \" aria-labelledby=\"toggle_efd85352b36b6c48c\"><div class=\"panel-body toggle-content fusion-clearfix\">\n<p>EKSTRA DEVI\u0160KO OLJ\u010cNO OLJE SLOVENSKE ISTRE DOP<\/p>\n<\/div><\/div><\/div><div class=\"fusion-panel panel-default panel-3c3ba98fd8e164205 fusion-toggle-has-divider\"><div class=\"panel-heading\"><h4 class=\"panel-title toggle\" id=\"toggle_3c3ba98fd8e164205\"><a aria-expanded=\"false\" aria-controls=\"3c3ba98fd8e164205\" role=\"button\" data-toggle=\"collapse\" data-parent=\"#accordion-746-1\" data-target=\"#3c3ba98fd8e164205\" href=\"#3c3ba98fd8e164205\"><span class=\"fusion-toggle-icon-wrapper\" aria-hidden=\"true\"><i class=\"fa-fusion-box active-icon awb-icon-minus\" aria-hidden=\"true\"><\/i><i class=\"fa-fusion-box inactive-icon awb-icon-plus\" aria-hidden=\"true\"><\/i><\/span><span class=\"fusion-toggle-heading\">GRECE<\/span><\/a><\/h4><\/div><div id=\"3c3ba98fd8e164205\" class=\"panel-collapse collapse \" aria-labelledby=\"toggle_3c3ba98fd8e164205\"><div class=\"panel-body toggle-content fusion-clearfix\">GALANO METAGGITSIOU CHALKIDIKIS DOP<br \/>\nAGIOS MATTHEOS KERKYRAS IGP<br \/>\nAPOKORONAS CHANION KRITIS DOP<br \/>\nARXANES IRAKLIO KRITIS DOP<br \/>\nVIANNOS IRAKLIOU KRITIS DOP<br \/>\nVORIOS MYLOPOTAMOS RETHYMNIS KRITIS DOP<br \/>\nELAIOLADO MAKRIS DOP<br \/>\nEXERETIKO PARTHENO ELEOLADO TRIZINIA DOP<br \/>\nEXERETIKO PARTHENO ELEOLADO THRAPSANO DOP<br \/>\nEXERETIKO PARTHENO ELEOLADO SELINO KRITIS DOP<br \/>\nZAKYNTHOS IGP<br \/>\nTHASSOS IGP<br \/>\nKALAMATA DOP<br \/>\nKEFALONIA IGP<br \/>\nKOLIMVARI HANION KRITIS DOP<br \/>\nKRANIDI ARGOLIDAS DOP<br \/>\nKROKEES LAKONIAS DOP<br \/>\nKRITSA IGP<br \/>\nLAKONIA IGP<br \/>\nLESVOS IGP<br \/>\nLYGOURIO ASKLIPIIOU DOP<br \/>\n\u039c\u0395\u03a3\u03a3\u0391\u03a1\u0386 DOP<br \/>\nOLYMPIA IGP<br \/>\nPEZA IRAKLIOU KRITIS DOP<br \/>\nPETRINA LAKONIAS DOP<br \/>\nPREVEZA IGP<br \/>\nRODOS IGP<br \/>\nSAMOS IGP<br \/>\nSITIA LASITHIOU KRITIS DOP<br \/>\nFINIKI LAKONIAS DOP<br \/>\nCHANIA KRITIS IGP<\/div><\/div><\/div><\/div><\/div><div class=\"fusion-clearfix\"><\/div><\/div><\/div><\/div><\/div>\n","protected":false},"excerpt":{"rendered":"","protected":false},"author":8,"featured_media":0,"parent":0,"menu_order":10,"comment_status":"closed","ping_status":"closed","template":"100-width.php","meta":{"_monsterinsights_skip_tracking":false,"_monsterinsights_sitenote_active":false,"_monsterinsights_sitenote_note":"","_monsterinsights_sitenote_category":0,"footnotes":""},"class_list":["post-746","page","type-page","status-publish","hentry"],"yoast_head":"<!-- This site is optimized with the Yoast SEO plugin v27.4 - https:\/\/yoast.com\/product\/yoast-seo-wordpress\/ -->\n<title>HUILES D\u2019OLIVE EXTRA VIERGES AOP ET IGP EN EUROPE - LOOKING FOR THE PERFECT FOOD<\/title>\n<meta name=\"robots\" content=\"index, follow, max-snippet:-1, max-image-preview:large, max-video-preview:-1\" \/>\n<link rel=\"canonical\" href=\"https:\/\/lookingfortheperfectfood.eu\/fr\/huiles-dolive-extra-vierges-aop-et-igp-en-europe\/\" \/>\n<meta property=\"og:locale\" content=\"fr_FR\" \/>\n<meta property=\"og:type\" content=\"article\" \/>\n<meta property=\"og:title\" content=\"HUILES D\u2019OLIVE EXTRA VIERGES AOP ET IGP EN EUROPE - LOOKING FOR THE PERFECT FOOD\" \/>\n<meta property=\"og:url\" content=\"https:\/\/lookingfortheperfectfood.eu\/fr\/huiles-dolive-extra-vierges-aop-et-igp-en-europe\/\" \/>\n<meta property=\"og:site_name\" content=\"LOOKING FOR THE PERFECT FOOD\" \/>\n<meta property=\"article:modified_time\" content=\"2021-09-08T09:18:09+00:00\" \/>\n<meta name=\"twitter:card\" content=\"summary_large_image\" \/>\n<meta name=\"twitter:label1\" content=\"Dur\u00e9e de lecture estim\u00e9e\" \/>\n\t<meta name=\"twitter:data1\" content=\"6 minutes\" \/>\n<script type=\"application\/ld+json\" class=\"yoast-schema-graph\">{\"@context\":\"https:\\\/\\\/schema.org\",\"@graph\":[{\"@type\":\"WebPage\",\"@id\":\"https:\\\/\\\/lookingfortheperfectfood.eu\\\/fr\\\/huiles-dolive-extra-vierges-aop-et-igp-en-europe\\\/\",\"url\":\"https:\\\/\\\/lookingfortheperfectfood.eu\\\/fr\\\/huiles-dolive-extra-vierges-aop-et-igp-en-europe\\\/\",\"name\":\"HUILES D\u2019OLIVE EXTRA VIERGES AOP ET IGP EN EUROPE - LOOKING FOR THE PERFECT FOOD\",\"isPartOf\":{\"@id\":\"https:\\\/\\\/lookingfortheperfectfood.eu\\\/fr\\\/#website\"},\"datePublished\":\"2019-07-30T11:21:17+00:00\",\"dateModified\":\"2021-09-08T09:18:09+00:00\",\"breadcrumb\":{\"@id\":\"https:\\\/\\\/lookingfortheperfectfood.eu\\\/fr\\\/huiles-dolive-extra-vierges-aop-et-igp-en-europe\\\/#breadcrumb\"},\"inLanguage\":\"fr-FR\",\"potentialAction\":[{\"@type\":\"ReadAction\",\"target\":[\"https:\\\/\\\/lookingfortheperfectfood.eu\\\/fr\\\/huiles-dolive-extra-vierges-aop-et-igp-en-europe\\\/\"]}]},{\"@type\":\"BreadcrumbList\",\"@id\":\"https:\\\/\\\/lookingfortheperfectfood.eu\\\/fr\\\/huiles-dolive-extra-vierges-aop-et-igp-en-europe\\\/#breadcrumb\",\"itemListElement\":[{\"@type\":\"ListItem\",\"position\":1,\"name\":\"Home\",\"item\":\"https:\\\/\\\/lookingfortheperfectfood.eu\\\/fr\\\/\"},{\"@type\":\"ListItem\",\"position\":2,\"name\":\"HUILES D\u2019OLIVE EXTRA VIERGES AOP ET IGP EN EUROPE\"}]},{\"@type\":\"WebSite\",\"@id\":\"https:\\\/\\\/lookingfortheperfectfood.eu\\\/fr\\\/#website\",\"url\":\"https:\\\/\\\/lookingfortheperfectfood.eu\\\/fr\\\/\",\"name\":\"LOOKING FOR THE PERFECT FOOD\",\"description\":\"OLIO EXTRAVERGINE DI OLIVA EUROPEO UNICO COME LA SUA QUALIT\u00c0\",\"potentialAction\":[{\"@type\":\"SearchAction\",\"target\":{\"@type\":\"EntryPoint\",\"urlTemplate\":\"https:\\\/\\\/lookingfortheperfectfood.eu\\\/fr\\\/?s={search_term_string}\"},\"query-input\":{\"@type\":\"PropertyValueSpecification\",\"valueRequired\":true,\"valueName\":\"search_term_string\"}}],\"inLanguage\":\"fr-FR\"}]}<\/script>\n<!-- \/ Yoast SEO plugin. -->","yoast_head_json":{"title":"HUILES D\u2019OLIVE EXTRA VIERGES AOP ET IGP EN EUROPE - LOOKING FOR THE PERFECT FOOD","robots":{"index":"index","follow":"follow","max-snippet":"max-snippet:-1","max-image-preview":"max-image-preview:large","max-video-preview":"max-video-preview:-1"},"canonical":"https:\/\/lookingfortheperfectfood.eu\/fr\/huiles-dolive-extra-vierges-aop-et-igp-en-europe\/","og_locale":"fr_FR","og_type":"article","og_title":"HUILES D\u2019OLIVE EXTRA VIERGES AOP ET IGP EN EUROPE - LOOKING FOR THE PERFECT FOOD","og_url":"https:\/\/lookingfortheperfectfood.eu\/fr\/huiles-dolive-extra-vierges-aop-et-igp-en-europe\/","og_site_name":"LOOKING FOR THE PERFECT FOOD","article_modified_time":"2021-09-08T09:18:09+00:00","twitter_card":"summary_large_image","twitter_misc":{"Dur\u00e9e de lecture estim\u00e9e":"6 minutes"},"schema":{"@context":"https:\/\/schema.org","@graph":[{"@type":"WebPage","@id":"https:\/\/lookingfortheperfectfood.eu\/fr\/huiles-dolive-extra-vierges-aop-et-igp-en-europe\/","url":"https:\/\/lookingfortheperfectfood.eu\/fr\/huiles-dolive-extra-vierges-aop-et-igp-en-europe\/","name":"HUILES D\u2019OLIVE EXTRA VIERGES AOP ET IGP EN EUROPE - LOOKING FOR THE PERFECT FOOD","isPartOf":{"@id":"https:\/\/lookingfortheperfectfood.eu\/fr\/#website"},"datePublished":"2019-07-30T11:21:17+00:00","dateModified":"2021-09-08T09:18:09+00:00","breadcrumb":{"@id":"https:\/\/lookingfortheperfectfood.eu\/fr\/huiles-dolive-extra-vierges-aop-et-igp-en-europe\/#breadcrumb"},"inLanguage":"fr-FR","potentialAction":[{"@type":"ReadAction","target":["https:\/\/lookingfortheperfectfood.eu\/fr\/huiles-dolive-extra-vierges-aop-et-igp-en-europe\/"]}]},{"@type":"BreadcrumbList","@id":"https:\/\/lookingfortheperfectfood.eu\/fr\/huiles-dolive-extra-vierges-aop-et-igp-en-europe\/#breadcrumb","itemListElement":[{"@type":"ListItem","position":1,"name":"Home","item":"https:\/\/lookingfortheperfectfood.eu\/fr\/"},{"@type":"ListItem","position":2,"name":"HUILES D\u2019OLIVE EXTRA VIERGES AOP ET IGP EN EUROPE"}]},{"@type":"WebSite","@id":"https:\/\/lookingfortheperfectfood.eu\/fr\/#website","url":"https:\/\/lookingfortheperfectfood.eu\/fr\/","name":"LOOKING FOR THE PERFECT FOOD","description":"OLIO EXTRAVERGINE DI OLIVA EUROPEO UNICO COME LA SUA QUALIT\u00c0","potentialAction":[{"@type":"SearchAction","target":{"@type":"EntryPoint","urlTemplate":"https:\/\/lookingfortheperfectfood.eu\/fr\/?s={search_term_string}"},"query-input":{"@type":"PropertyValueSpecification","valueRequired":true,"valueName":"search_term_string"}}],"inLanguage":"fr-FR"}]}},"_links":{"self":[{"href":"https:\/\/lookingfortheperfectfood.eu\/fr\/wp-json\/wp\/v2\/pages\/746","targetHints":{"allow":["GET"]}}],"collection":[{"href":"https:\/\/lookingfortheperfectfood.eu\/fr\/wp-json\/wp\/v2\/pages"}],"about":[{"href":"https:\/\/lookingfortheperfectfood.eu\/fr\/wp-json\/wp\/v2\/types\/page"}],"author":[{"embeddable":true,"href":"https:\/\/lookingfortheperfectfood.eu\/fr\/wp-json\/wp\/v2\/users\/8"}],"replies":[{"embeddable":true,"href":"https:\/\/lookingfortheperfectfood.eu\/fr\/wp-json\/wp\/v2\/comments?post=746"}],"version-history":[{"count":10,"href":"https:\/\/lookingfortheperfectfood.eu\/fr\/wp-json\/wp\/v2\/pages\/746\/revisions"}],"predecessor-version":[{"id":10953,"href":"https:\/\/lookingfortheperfectfood.eu\/fr\/wp-json\/wp\/v2\/pages\/746\/revisions\/10953"}],"wp:attachment":[{"href":"https:\/\/lookingfortheperfectfood.eu\/fr\/wp-json\/wp\/v2\/media?parent=746"}],"curies":[{"name":"wp","href":"https:\/\/api.w.org\/{rel}","templated":true}]}}