{"id":423,"date":"2019-07-05T09:13:18","date_gmt":"2019-07-05T09:13:18","guid":{"rendered":"https:\/\/lookingfortheperfectfood.eu\/?page_id=423"},"modified":"2020-06-16T14:14:54","modified_gmt":"2020-06-16T14:14:54","slug":"news","status":"publish","type":"page","link":"https:\/\/lookingfortheperfectfood.eu\/de\/news\/","title":{"rendered":"NEWS"},"content":{"rendered":"<div class=\"fusion-fullwidth fullwidth-box fusion-builder-row-1 nonhundred-percent-fullwidth non-hundred-percent-height-scrolling\" style=\"--awb-border-radius-top-left:0px;--awb-border-radius-top-right:0px;--awb-border-radius-bottom-right:0px;--awb-border-radius-bottom-left:0px;--awb-flex-wrap:wrap;\" ><div class=\"fusion-builder-row fusion-row\"><div class=\"fusion-layout-column fusion_builder_column fusion-builder-column-0 fusion_builder_column_1_1 1_1 fusion-one-full fusion-column-first fusion-column-last\" style=\"--awb-bg-size:cover;\"><div class=\"fusion-column-wrapper fusion-column-has-shadow fusion-flex-column-wrapper-legacy\"><div class=\"fusion-blog-shortcode fusion-blog-shortcode-1 fusion-blog-archive fusion-blog-layout-large fusion-blog-pagination\"><div class=\"fusion-posts-container fusion-posts-container-pagination fusion-no-meta-info fusion-blog-rollover\" data-pages=\"6\"><article id=\"blog-1-post-16939\" class=\"fusion-post-large post-16939 post type-post status-publish format-standard has-post-thumbnail hentry category-news\">\n\t<style type=\"text\/css\">\n\t\t\n\t\t\n\t\t\n\t\t\n\t\t\t<\/style>\n\n\n\t\t\t<div class=\"fusion-flexslider flexslider fusion-flexslider-loading fusion-post-slideshow\" style=\"\">\n\t\t<ul class=\"slides\">\n\t\t\t\n\t\t\t\t\t\t\t\t\t\t\t\t\t\t<li><div  class=\"fusion-image-wrapper\" aria-haspopup=\"true\">\n\t\t\t\t<img decoding=\"async\" width=\"980\" height=\"668\" src=\"https:\/\/lookingfortheperfectfood.eu\/wp-content\/uploads\/2022\/09\/news-4.jpg\" class=\"attachment-full size-full wp-post-image\" alt=\"\" srcset=\"https:\/\/lookingfortheperfectfood.eu\/wp-content\/uploads\/2022\/09\/news-4-200x136.jpg 200w, https:\/\/lookingfortheperfectfood.eu\/wp-content\/uploads\/2022\/09\/news-4-400x273.jpg 400w, https:\/\/lookingfortheperfectfood.eu\/wp-content\/uploads\/2022\/09\/news-4-600x409.jpg 600w, https:\/\/lookingfortheperfectfood.eu\/wp-content\/uploads\/2022\/09\/news-4-800x545.jpg 800w, https:\/\/lookingfortheperfectfood.eu\/wp-content\/uploads\/2022\/09\/news-4.jpg 980w\" sizes=\"(max-width: 800px) 100vw, 980px\" \/><div class=\"fusion-rollover\">\n\t<div class=\"fusion-rollover-content\">\n\n\t\t\t\t\n\t\t\n\t\t\t\t\t\t\t\t\t\t\t\t<h4 class=\"fusion-rollover-title\">\n\t\t\t\t\t<a class=\"fusion-rollover-title-link\" href=\"https:\/\/lookingfortheperfectfood.eu\/de\/2022\/09\/09\/ecceolio-projekt-endet\/\">\n\t\t\t\t\t\tEcceOlio-Projekt endet\t\t\t\t\t<\/a>\n\t\t\t\t<\/h4>\n\t\t\t\n\t\t\t\t\t\t\t\t\n\t\t\n\t\t\t\t\t\t<a class=\"fusion-link-wrapper\" href=\"https:\/\/lookingfortheperfectfood.eu\/de\/2022\/09\/09\/ecceolio-projekt-endet\/\" aria-label=\"EcceOlio-Projekt endet\"><\/a>\n\t<\/div>\n<\/div>\n<\/div>\n<\/li>\n\t\t\t\n\t\t\t\n\t\t\t\t\t\t\t\t\t\t\t\t\t\t\t\t\t\t\t\t\t\t\t\t\t\t\t\t\t\t\t\t\t\t\t\t\t\t\t\t\t\t\t\t\t\t\t\t\t\t\t\t\t\t\t\t\t\t\t\t\t\t\t\t\t\t\t\t<\/ul>\n\t<\/div>\n\t<div class=\"fusion-post-content post-content\"><h2 class=\"blog-shortcode-post-title entry-title\"><a href=\"https:\/\/lookingfortheperfectfood.eu\/de\/2022\/09\/09\/ecceolio-projekt-endet\/\">EcceOlio-Projekt endet<\/a><\/h2><\/div><div class=\"fusion-clearfix\"><\/div><\/article>\n<article id=\"blog-1-post-16936\" class=\"fusion-post-large post-16936 post type-post status-publish format-standard has-post-thumbnail hentry category-news\">\n\t<style type=\"text\/css\">\n\t\t\n\t\t\n\t\t\n\t\t\n\t\t\t<\/style>\n\n\n\t\t\t<div class=\"fusion-flexslider flexslider fusion-flexslider-loading fusion-post-slideshow\" style=\"\">\n\t\t<ul class=\"slides\">\n\t\t\t\n\t\t\t\t\t\t\t\t\t\t\t\t\t\t<li><div  class=\"fusion-image-wrapper\" aria-haspopup=\"true\">\n\t\t\t\t<img decoding=\"async\" width=\"980\" height=\"668\" src=\"https:\/\/lookingfortheperfectfood.eu\/wp-content\/uploads\/2022\/09\/news-3.jpg\" class=\"attachment-full size-full wp-post-image\" alt=\"\" srcset=\"https:\/\/lookingfortheperfectfood.eu\/wp-content\/uploads\/2022\/09\/news-3-200x136.jpg 200w, https:\/\/lookingfortheperfectfood.eu\/wp-content\/uploads\/2022\/09\/news-3-400x273.jpg 400w, https:\/\/lookingfortheperfectfood.eu\/wp-content\/uploads\/2022\/09\/news-3-600x409.jpg 600w, https:\/\/lookingfortheperfectfood.eu\/wp-content\/uploads\/2022\/09\/news-3-800x545.jpg 800w, https:\/\/lookingfortheperfectfood.eu\/wp-content\/uploads\/2022\/09\/news-3.jpg 980w\" sizes=\"(max-width: 800px) 100vw, 980px\" \/><div class=\"fusion-rollover\">\n\t<div class=\"fusion-rollover-content\">\n\n\t\t\t\t\n\t\t\n\t\t\t\t\t\t\t\t\t\t\t\t<h4 class=\"fusion-rollover-title\">\n\t\t\t\t\t<a class=\"fusion-rollover-title-link\" href=\"https:\/\/lookingfortheperfectfood.eu\/de\/2022\/09\/09\/das-projekt-ecceolio-nimmt-sie-mit-auf-die-entdeckung-der-europaeischen-qualitaetszertifikate-entdecken-sie-bio\/\">\n\t\t\t\t\t\tDas Projekt EcceOlio nimmt Sie mit auf die Entdeckung der europ\u00e4ischen Qualit\u00e4tszertifikate: Entdecken Sie BIO\t\t\t\t\t<\/a>\n\t\t\t\t<\/h4>\n\t\t\t\n\t\t\t\t\t\t\t\t\n\t\t\n\t\t\t\t\t\t<a class=\"fusion-link-wrapper\" href=\"https:\/\/lookingfortheperfectfood.eu\/de\/2022\/09\/09\/das-projekt-ecceolio-nimmt-sie-mit-auf-die-entdeckung-der-europaeischen-qualitaetszertifikate-entdecken-sie-bio\/\" aria-label=\"Das Projekt EcceOlio nimmt Sie mit auf die Entdeckung der europ\u00e4ischen Qualit\u00e4tszertifikate: Entdecken Sie BIO\"><\/a>\n\t<\/div>\n<\/div>\n<\/div>\n<\/li>\n\t\t\t\n\t\t\t\n\t\t\t\t\t\t\t\t\t\t\t\t\t\t\t\t\t\t\t\t\t\t\t\t\t\t\t\t\t\t\t\t\t\t\t\t\t\t\t\t\t\t\t\t\t\t\t\t\t\t\t\t\t\t\t\t\t\t\t\t\t\t\t\t\t\t\t\t<\/ul>\n\t<\/div>\n\t<div class=\"fusion-post-content post-content\"><h2 class=\"blog-shortcode-post-title entry-title\"><a href=\"https:\/\/lookingfortheperfectfood.eu\/de\/2022\/09\/09\/das-projekt-ecceolio-nimmt-sie-mit-auf-die-entdeckung-der-europaeischen-qualitaetszertifikate-entdecken-sie-bio\/\">Das Projekt EcceOlio nimmt Sie mit auf die Entdeckung der europ\u00e4ischen Qualit\u00e4tszertifikate: Entdecken Sie BIO<\/a><\/h2><\/div><div class=\"fusion-clearfix\"><\/div><\/article>\n<article id=\"blog-1-post-16933\" class=\"fusion-post-large post-16933 post type-post status-publish format-standard has-post-thumbnail hentry category-news\">\n\t<style type=\"text\/css\">\n\t\t\n\t\t\n\t\t\n\t\t\n\t\t\t<\/style>\n\n\n\t\t\t<div class=\"fusion-flexslider flexslider fusion-flexslider-loading fusion-post-slideshow\" style=\"\">\n\t\t<ul class=\"slides\">\n\t\t\t\n\t\t\t\t\t\t\t\t\t\t\t\t\t\t<li><div  class=\"fusion-image-wrapper\" aria-haspopup=\"true\">\n\t\t\t\t<img decoding=\"async\" width=\"980\" height=\"668\" src=\"https:\/\/lookingfortheperfectfood.eu\/wp-content\/uploads\/2022\/09\/news-2.jpg\" class=\"attachment-full size-full wp-post-image\" alt=\"\" srcset=\"https:\/\/lookingfortheperfectfood.eu\/wp-content\/uploads\/2022\/09\/news-2-200x136.jpg 200w, https:\/\/lookingfortheperfectfood.eu\/wp-content\/uploads\/2022\/09\/news-2-400x273.jpg 400w, https:\/\/lookingfortheperfectfood.eu\/wp-content\/uploads\/2022\/09\/news-2-600x409.jpg 600w, https:\/\/lookingfortheperfectfood.eu\/wp-content\/uploads\/2022\/09\/news-2-800x545.jpg 800w, https:\/\/lookingfortheperfectfood.eu\/wp-content\/uploads\/2022\/09\/news-2.jpg 980w\" sizes=\"(max-width: 800px) 100vw, 980px\" \/><div class=\"fusion-rollover\">\n\t<div class=\"fusion-rollover-content\">\n\n\t\t\t\t\n\t\t\n\t\t\t\t\t\t\t\t\t\t\t\t<h4 class=\"fusion-rollover-title\">\n\t\t\t\t\t<a class=\"fusion-rollover-title-link\" href=\"https:\/\/lookingfortheperfectfood.eu\/de\/2022\/09\/09\/das-projekt-ecceolio-nimmt-sie-mit-auf-die-entdeckung-der-europaeischen-qualitaetszertifikate-entdecken-wir-die-g-g-a\/\">\n\t\t\t\t\t\tDas Projekt EcceOlio nimmt Sie mit auf die Entdeckung der europ\u00e4ischen Qualit\u00e4tszertifikate: Entdecken wir die g.g.A.\t\t\t\t\t<\/a>\n\t\t\t\t<\/h4>\n\t\t\t\n\t\t\t\t\t\t\t\t\n\t\t\n\t\t\t\t\t\t<a class=\"fusion-link-wrapper\" href=\"https:\/\/lookingfortheperfectfood.eu\/de\/2022\/09\/09\/das-projekt-ecceolio-nimmt-sie-mit-auf-die-entdeckung-der-europaeischen-qualitaetszertifikate-entdecken-wir-die-g-g-a\/\" aria-label=\"Das Projekt EcceOlio nimmt Sie mit auf die Entdeckung der europ\u00e4ischen Qualit\u00e4tszertifikate: Entdecken wir die g.g.A.\"><\/a>\n\t<\/div>\n<\/div>\n<\/div>\n<\/li>\n\t\t\t\n\t\t\t\n\t\t\t\t\t\t\t\t\t\t\t\t\t\t\t\t\t\t\t\t\t\t\t\t\t\t\t\t\t\t\t\t\t\t\t\t\t\t\t\t\t\t\t\t\t\t\t\t\t\t\t\t\t\t\t\t\t\t\t\t\t\t\t\t\t\t\t\t<\/ul>\n\t<\/div>\n\t<div class=\"fusion-post-content post-content\"><h2 class=\"blog-shortcode-post-title entry-title\"><a href=\"https:\/\/lookingfortheperfectfood.eu\/de\/2022\/09\/09\/das-projekt-ecceolio-nimmt-sie-mit-auf-die-entdeckung-der-europaeischen-qualitaetszertifikate-entdecken-wir-die-g-g-a\/\">Das Projekt EcceOlio nimmt Sie mit auf die Entdeckung der europ\u00e4ischen Qualit\u00e4tszertifikate: Entdecken wir die g.g.A.<\/a><\/h2><\/div><div class=\"fusion-clearfix\"><\/div><\/article>\n<article id=\"blog-1-post-16930\" class=\"fusion-post-large post-16930 post type-post status-publish format-standard has-post-thumbnail hentry category-news\">\n\t<style type=\"text\/css\">\n\t\t\n\t\t\n\t\t\n\t\t\n\t\t\t<\/style>\n\n\n\t\t\t<div class=\"fusion-flexslider flexslider fusion-flexslider-loading fusion-post-slideshow\" style=\"\">\n\t\t<ul class=\"slides\">\n\t\t\t\n\t\t\t\t\t\t\t\t\t\t\t\t\t\t<li><div  class=\"fusion-image-wrapper\" aria-haspopup=\"true\">\n\t\t\t\t<img decoding=\"async\" width=\"980\" height=\"668\" src=\"https:\/\/lookingfortheperfectfood.eu\/wp-content\/uploads\/2022\/09\/news1.jpg\" class=\"attachment-full size-full wp-post-image\" alt=\"\" srcset=\"https:\/\/lookingfortheperfectfood.eu\/wp-content\/uploads\/2022\/09\/news1-200x136.jpg 200w, https:\/\/lookingfortheperfectfood.eu\/wp-content\/uploads\/2022\/09\/news1-400x273.jpg 400w, https:\/\/lookingfortheperfectfood.eu\/wp-content\/uploads\/2022\/09\/news1-600x409.jpg 600w, https:\/\/lookingfortheperfectfood.eu\/wp-content\/uploads\/2022\/09\/news1-800x545.jpg 800w, https:\/\/lookingfortheperfectfood.eu\/wp-content\/uploads\/2022\/09\/news1.jpg 980w\" sizes=\"(max-width: 800px) 100vw, 980px\" \/><div class=\"fusion-rollover\">\n\t<div class=\"fusion-rollover-content\">\n\n\t\t\t\t\n\t\t\n\t\t\t\t\t\t\t\t\t\t\t\t<h4 class=\"fusion-rollover-title\">\n\t\t\t\t\t<a class=\"fusion-rollover-title-link\" href=\"https:\/\/lookingfortheperfectfood.eu\/de\/2022\/09\/09\/das-projekt-ecceolio-nimmt-sie-mit-auf-die-entdeckung-der-europaeischen-qualitaetszertifikate-entdecken-wir-die-g-u\/\">\n\t\t\t\t\t\tDas Projekt EcceOlio nimmt Sie mit auf die Entdeckung der europ\u00e4ischen Qualit\u00e4tszertifikate: Entdecken wir die g.U.\t\t\t\t\t<\/a>\n\t\t\t\t<\/h4>\n\t\t\t\n\t\t\t\t\t\t\t\t\n\t\t\n\t\t\t\t\t\t<a class=\"fusion-link-wrapper\" href=\"https:\/\/lookingfortheperfectfood.eu\/de\/2022\/09\/09\/das-projekt-ecceolio-nimmt-sie-mit-auf-die-entdeckung-der-europaeischen-qualitaetszertifikate-entdecken-wir-die-g-u\/\" aria-label=\"Das Projekt EcceOlio nimmt Sie mit auf die Entdeckung der europ\u00e4ischen Qualit\u00e4tszertifikate: Entdecken wir die g.U.\"><\/a>\n\t<\/div>\n<\/div>\n<\/div>\n<\/li>\n\t\t\t\n\t\t\t\n\t\t\t\t\t\t\t\t\t\t\t\t\t\t\t\t\t\t\t\t\t\t\t\t\t\t\t\t\t\t\t\t\t\t\t\t\t\t\t\t\t\t\t\t\t\t\t\t\t\t\t\t\t\t\t\t\t\t\t\t\t\t\t\t\t\t\t\t<\/ul>\n\t<\/div>\n\t<div class=\"fusion-post-content post-content\"><h2 class=\"blog-shortcode-post-title entry-title\"><a href=\"https:\/\/lookingfortheperfectfood.eu\/de\/2022\/09\/09\/das-projekt-ecceolio-nimmt-sie-mit-auf-die-entdeckung-der-europaeischen-qualitaetszertifikate-entdecken-wir-die-g-u\/\">Das Projekt EcceOlio nimmt Sie mit auf die Entdeckung der europ\u00e4ischen Qualit\u00e4tszertifikate: Entdecken wir die g.U.<\/a><\/h2><\/div><div class=\"fusion-clearfix\"><\/div><\/article>\n<article id=\"blog-1-post-16948\" class=\"fusion-post-large post-16948 post type-post status-publish format-standard has-post-thumbnail hentry category-news\">\n\t<style type=\"text\/css\">\n\t\t\n\t\t\n\t\t\n\t\t\n\t\t\t<\/style>\n\n\n\t\t\t<div class=\"fusion-flexslider flexslider fusion-flexslider-loading fusion-post-slideshow\" style=\"\">\n\t\t<ul class=\"slides\">\n\t\t\t\n\t\t\t\t\t\t\t\t\t\t\t\t\t\t<li><div  class=\"fusion-image-wrapper\" aria-haspopup=\"true\">\n\t\t\t\t<img decoding=\"async\" width=\"980\" height=\"668\" src=\"https:\/\/lookingfortheperfectfood.eu\/wp-content\/uploads\/2022\/09\/news-2-1.jpg\" class=\"attachment-full size-full wp-post-image\" alt=\"\" srcset=\"https:\/\/lookingfortheperfectfood.eu\/wp-content\/uploads\/2022\/09\/news-2-1-200x136.jpg 200w, https:\/\/lookingfortheperfectfood.eu\/wp-content\/uploads\/2022\/09\/news-2-1-400x273.jpg 400w, https:\/\/lookingfortheperfectfood.eu\/wp-content\/uploads\/2022\/09\/news-2-1-600x409.jpg 600w, https:\/\/lookingfortheperfectfood.eu\/wp-content\/uploads\/2022\/09\/news-2-1-800x545.jpg 800w, https:\/\/lookingfortheperfectfood.eu\/wp-content\/uploads\/2022\/09\/news-2-1.jpg 980w\" sizes=\"(max-width: 800px) 100vw, 980px\" \/><div class=\"fusion-rollover\">\n\t<div class=\"fusion-rollover-content\">\n\n\t\t\t\t\n\t\t\n\t\t\t\t\t\t\t\t\t\t\t\t<h4 class=\"fusion-rollover-title\">\n\t\t\t\t\t<a class=\"fusion-rollover-title-link\" href=\"https:\/\/lookingfortheperfectfood.eu\/de\/2022\/09\/09\/ecceolio-mythen-ueber-natives-olivenoel-extra-die-es-auszuraeumen-gilt\/\">\n\t\t\t\t\t\tEcceOlio: Mythen \u00fcber natives Oliven\u00f6l extra, die es auszur\u00e4umen gilt\t\t\t\t\t<\/a>\n\t\t\t\t<\/h4>\n\t\t\t\n\t\t\t\t\t\t\t\t\n\t\t\n\t\t\t\t\t\t<a class=\"fusion-link-wrapper\" href=\"https:\/\/lookingfortheperfectfood.eu\/de\/2022\/09\/09\/ecceolio-mythen-ueber-natives-olivenoel-extra-die-es-auszuraeumen-gilt\/\" aria-label=\"EcceOlio: Mythen \u00fcber natives Oliven\u00f6l extra, die es auszur\u00e4umen gilt\"><\/a>\n\t<\/div>\n<\/div>\n<\/div>\n<\/li>\n\t\t\t\n\t\t\t\n\t\t\t\t\t\t\t\t\t\t\t\t\t\t\t\t\t\t\t\t\t\t\t\t\t\t\t\t\t\t\t\t\t\t\t\t\t\t\t\t\t\t\t\t\t\t\t\t\t\t\t\t\t\t\t\t\t\t\t\t\t\t\t\t\t\t\t\t<\/ul>\n\t<\/div>\n\t<div class=\"fusion-post-content post-content\"><h2 class=\"blog-shortcode-post-title entry-title\"><a href=\"https:\/\/lookingfortheperfectfood.eu\/de\/2022\/09\/09\/ecceolio-mythen-ueber-natives-olivenoel-extra-die-es-auszuraeumen-gilt\/\">EcceOlio: Mythen \u00fcber natives Oliven\u00f6l extra, die es auszur\u00e4umen gilt<\/a><\/h2><\/div><div class=\"fusion-clearfix\"><\/div><\/article>\n<article id=\"blog-1-post-16942\" class=\"fusion-post-large post-16942 post type-post status-publish format-standard has-post-thumbnail hentry category-news\">\n\t<style type=\"text\/css\">\n\t\t\n\t\t\n\t\t\n\t\t\n\t\t\t<\/style>\n\n\n\t\t\t<div class=\"fusion-flexslider flexslider fusion-flexslider-loading fusion-post-slideshow\" style=\"\">\n\t\t<ul class=\"slides\">\n\t\t\t\n\t\t\t\t\t\t\t\t\t\t\t\t\t\t<li><div  class=\"fusion-image-wrapper\" aria-haspopup=\"true\">\n\t\t\t\t<img decoding=\"async\" width=\"980\" height=\"668\" src=\"https:\/\/lookingfortheperfectfood.eu\/wp-content\/uploads\/2022\/09\/news-1.jpg\" class=\"attachment-full size-full wp-post-image\" alt=\"\" srcset=\"https:\/\/lookingfortheperfectfood.eu\/wp-content\/uploads\/2022\/09\/news-1-200x136.jpg 200w, https:\/\/lookingfortheperfectfood.eu\/wp-content\/uploads\/2022\/09\/news-1-400x273.jpg 400w, https:\/\/lookingfortheperfectfood.eu\/wp-content\/uploads\/2022\/09\/news-1-600x409.jpg 600w, https:\/\/lookingfortheperfectfood.eu\/wp-content\/uploads\/2022\/09\/news-1-800x545.jpg 800w, https:\/\/lookingfortheperfectfood.eu\/wp-content\/uploads\/2022\/09\/news-1.jpg 980w\" sizes=\"(max-width: 800px) 100vw, 980px\" \/><div class=\"fusion-rollover\">\n\t<div class=\"fusion-rollover-content\">\n\n\t\t\t\t\n\t\t\n\t\t\t\t\t\t\t\t\t\t\t\t<h4 class=\"fusion-rollover-title\">\n\t\t\t\t\t<a class=\"fusion-rollover-title-link\" href=\"https:\/\/lookingfortheperfectfood.eu\/de\/2022\/09\/09\/ecceolio-wie-kann-man-ein-olivenoel-von-einem-nativen-olivenoel-extra-unterscheiden\/\">\n\t\t\t\t\t\tEcceOlio: Wie kann man ein Oliven\u00f6l von einem Nativen Oliven\u00f6l extra unterscheiden?\t\t\t\t\t<\/a>\n\t\t\t\t<\/h4>\n\t\t\t\n\t\t\t\t\t\t\t\t\n\t\t\n\t\t\t\t\t\t<a class=\"fusion-link-wrapper\" href=\"https:\/\/lookingfortheperfectfood.eu\/de\/2022\/09\/09\/ecceolio-wie-kann-man-ein-olivenoel-von-einem-nativen-olivenoel-extra-unterscheiden\/\" aria-label=\"EcceOlio: Wie kann man ein Oliven\u00f6l von einem Nativen Oliven\u00f6l extra unterscheiden?\"><\/a>\n\t<\/div>\n<\/div>\n<\/div>\n<\/li>\n\t\t\t\n\t\t\t\n\t\t\t\t\t\t\t\t\t\t\t\t\t\t\t\t\t\t\t\t\t\t\t\t\t\t\t\t\t\t\t\t\t\t\t\t\t\t\t\t\t\t\t\t\t\t\t\t\t\t\t\t\t\t\t\t\t\t\t\t\t\t\t\t\t\t\t\t<\/ul>\n\t<\/div>\n\t<div class=\"fusion-post-content post-content\"><h2 class=\"blog-shortcode-post-title entry-title\"><a href=\"https:\/\/lookingfortheperfectfood.eu\/de\/2022\/09\/09\/ecceolio-wie-kann-man-ein-olivenoel-von-einem-nativen-olivenoel-extra-unterscheiden\/\">EcceOlio: Wie kann man ein Oliven\u00f6l von einem Nativen Oliven\u00f6l extra unterscheiden?<\/a><\/h2><\/div><div class=\"fusion-clearfix\"><\/div><\/article>\n<\/div><div class=\"pagination clearfix\"><span class=\"current\">1<\/span><a href=\"https:\/\/lookingfortheperfectfood.eu\/de\/wp-json\/wp\/v2\/pages\/423\/page\/2\/\" class=\"inactive\">2<\/a><a class=\"pagination-next\" rel=\"next\" href=\"https:\/\/lookingfortheperfectfood.eu\/de\/wp-json\/wp\/v2\/pages\/423\/page\/2\/\"><span class=\"page-text\">Next<\/span><span class=\"page-next\"><\/span><\/a><\/div><div class=\"fusion-clearfix\"><\/div><\/div><div class=\"fusion-clearfix\"><\/div><\/div><\/div><\/div><\/div>\n","protected":false},"excerpt":{"rendered":"","protected":false},"author":1,"featured_media":0,"parent":0,"menu_order":0,"comment_status":"closed","ping_status":"closed","template":"","meta":{"_monsterinsights_skip_tracking":false,"_monsterinsights_sitenote_active":false,"_monsterinsights_sitenote_note":"","_monsterinsights_sitenote_category":0,"footnotes":""},"class_list":["post-423","page","type-page","status-publish","hentry"],"yoast_head":"<!-- This site is optimized with the Yoast SEO plugin v27.4 - https:\/\/yoast.com\/product\/yoast-seo-wordpress\/ -->\n<title>NEWS - LOOKING FOR THE PERFECT FOOD<\/title>\n<meta name=\"robots\" content=\"index, follow, max-snippet:-1, max-image-preview:large, max-video-preview:-1\" \/>\n<link rel=\"canonical\" href=\"https:\/\/lookingfortheperfectfood.eu\/de\/news\/\" \/>\n<meta property=\"og:locale\" content=\"de_DE\" \/>\n<meta property=\"og:type\" content=\"article\" \/>\n<meta property=\"og:title\" content=\"NEWS - LOOKING FOR THE PERFECT FOOD\" \/>\n<meta property=\"og:url\" content=\"https:\/\/lookingfortheperfectfood.eu\/de\/news\/\" \/>\n<meta property=\"og:site_name\" content=\"LOOKING FOR THE PERFECT FOOD\" \/>\n<meta property=\"article:modified_time\" content=\"2020-06-16T14:14:54+00:00\" \/>\n<meta name=\"twitter:card\" content=\"summary_large_image\" \/>\n<meta name=\"twitter:label1\" content=\"Gesch\u00e4tzte Lesezeit\" \/>\n\t<meta name=\"twitter:data1\" content=\"2\u00a0Minuten\" \/>\n<script type=\"application\/ld+json\" class=\"yoast-schema-graph\">{\"@context\":\"https:\\\/\\\/schema.org\",\"@graph\":[{\"@type\":\"WebPage\",\"@id\":\"https:\\\/\\\/lookingfortheperfectfood.eu\\\/de\\\/news\\\/\",\"url\":\"https:\\\/\\\/lookingfortheperfectfood.eu\\\/de\\\/news\\\/\",\"name\":\"NEWS - LOOKING FOR THE PERFECT FOOD\",\"isPartOf\":{\"@id\":\"https:\\\/\\\/lookingfortheperfectfood.eu\\\/fr\\\/#website\"},\"datePublished\":\"2019-07-05T09:13:18+00:00\",\"dateModified\":\"2020-06-16T14:14:54+00:00\",\"breadcrumb\":{\"@id\":\"https:\\\/\\\/lookingfortheperfectfood.eu\\\/de\\\/news\\\/#breadcrumb\"},\"inLanguage\":\"de\",\"potentialAction\":[{\"@type\":\"ReadAction\",\"target\":[\"https:\\\/\\\/lookingfortheperfectfood.eu\\\/de\\\/news\\\/\"]}]},{\"@type\":\"BreadcrumbList\",\"@id\":\"https:\\\/\\\/lookingfortheperfectfood.eu\\\/de\\\/news\\\/#breadcrumb\",\"itemListElement\":[{\"@type\":\"ListItem\",\"position\":1,\"name\":\"Home\",\"item\":\"https:\\\/\\\/lookingfortheperfectfood.eu\\\/de\\\/\"},{\"@type\":\"ListItem\",\"position\":2,\"name\":\"NEWS\"}]},{\"@type\":\"WebSite\",\"@id\":\"https:\\\/\\\/lookingfortheperfectfood.eu\\\/fr\\\/#website\",\"url\":\"https:\\\/\\\/lookingfortheperfectfood.eu\\\/fr\\\/\",\"name\":\"LOOKING FOR THE PERFECT FOOD\",\"description\":\"OLIO EXTRAVERGINE DI OLIVA EUROPEO UNICO COME LA SUA QUALIT\u00c0\",\"potentialAction\":[{\"@type\":\"SearchAction\",\"target\":{\"@type\":\"EntryPoint\",\"urlTemplate\":\"https:\\\/\\\/lookingfortheperfectfood.eu\\\/fr\\\/?s={search_term_string}\"},\"query-input\":{\"@type\":\"PropertyValueSpecification\",\"valueRequired\":true,\"valueName\":\"search_term_string\"}}],\"inLanguage\":\"de\"}]}<\/script>\n<!-- \/ Yoast SEO plugin. -->","yoast_head_json":{"title":"NEWS - LOOKING FOR THE PERFECT FOOD","robots":{"index":"index","follow":"follow","max-snippet":"max-snippet:-1","max-image-preview":"max-image-preview:large","max-video-preview":"max-video-preview:-1"},"canonical":"https:\/\/lookingfortheperfectfood.eu\/de\/news\/","og_locale":"de_DE","og_type":"article","og_title":"NEWS - LOOKING FOR THE PERFECT FOOD","og_url":"https:\/\/lookingfortheperfectfood.eu\/de\/news\/","og_site_name":"LOOKING FOR THE PERFECT FOOD","article_modified_time":"2020-06-16T14:14:54+00:00","twitter_card":"summary_large_image","twitter_misc":{"Gesch\u00e4tzte Lesezeit":"2\u00a0Minuten"},"schema":{"@context":"https:\/\/schema.org","@graph":[{"@type":"WebPage","@id":"https:\/\/lookingfortheperfectfood.eu\/de\/news\/","url":"https:\/\/lookingfortheperfectfood.eu\/de\/news\/","name":"NEWS - LOOKING FOR THE PERFECT FOOD","isPartOf":{"@id":"https:\/\/lookingfortheperfectfood.eu\/fr\/#website"},"datePublished":"2019-07-05T09:13:18+00:00","dateModified":"2020-06-16T14:14:54+00:00","breadcrumb":{"@id":"https:\/\/lookingfortheperfectfood.eu\/de\/news\/#breadcrumb"},"inLanguage":"de","potentialAction":[{"@type":"ReadAction","target":["https:\/\/lookingfortheperfectfood.eu\/de\/news\/"]}]},{"@type":"BreadcrumbList","@id":"https:\/\/lookingfortheperfectfood.eu\/de\/news\/#breadcrumb","itemListElement":[{"@type":"ListItem","position":1,"name":"Home","item":"https:\/\/lookingfortheperfectfood.eu\/de\/"},{"@type":"ListItem","position":2,"name":"NEWS"}]},{"@type":"WebSite","@id":"https:\/\/lookingfortheperfectfood.eu\/fr\/#website","url":"https:\/\/lookingfortheperfectfood.eu\/fr\/","name":"LOOKING FOR THE PERFECT FOOD","description":"OLIO EXTRAVERGINE DI OLIVA EUROPEO UNICO COME LA SUA QUALIT\u00c0","potentialAction":[{"@type":"SearchAction","target":{"@type":"EntryPoint","urlTemplate":"https:\/\/lookingfortheperfectfood.eu\/fr\/?s={search_term_string}"},"query-input":{"@type":"PropertyValueSpecification","valueRequired":true,"valueName":"search_term_string"}}],"inLanguage":"de"}]}},"_links":{"self":[{"href":"https:\/\/lookingfortheperfectfood.eu\/de\/wp-json\/wp\/v2\/pages\/423","targetHints":{"allow":["GET"]}}],"collection":[{"href":"https:\/\/lookingfortheperfectfood.eu\/de\/wp-json\/wp\/v2\/pages"}],"about":[{"href":"https:\/\/lookingfortheperfectfood.eu\/de\/wp-json\/wp\/v2\/types\/page"}],"author":[{"embeddable":true,"href":"https:\/\/lookingfortheperfectfood.eu\/de\/wp-json\/wp\/v2\/users\/1"}],"replies":[{"embeddable":true,"href":"https:\/\/lookingfortheperfectfood.eu\/de\/wp-json\/wp\/v2\/comments?post=423"}],"version-history":[{"count":2,"href":"https:\/\/lookingfortheperfectfood.eu\/de\/wp-json\/wp\/v2\/pages\/423\/revisions"}],"predecessor-version":[{"id":425,"href":"https:\/\/lookingfortheperfectfood.eu\/de\/wp-json\/wp\/v2\/pages\/423\/revisions\/425"}],"wp:attachment":[{"href":"https:\/\/lookingfortheperfectfood.eu\/de\/wp-json\/wp\/v2\/media?parent=423"}],"curies":[{"name":"wp","href":"https:\/\/api.w.org\/{rel}","templated":true}]}}