{"id":2108,"date":"2019-11-05T13:35:24","date_gmt":"2019-11-05T13:35:24","guid":{"rendered":"https:\/\/lookingfortheperfectfood.eu\/?page_id=2108"},"modified":"2019-11-05T15:10:15","modified_gmt":"2019-11-05T15:10:15","slug":"ligurien","status":"publish","type":"page","link":"https:\/\/lookingfortheperfectfood.eu\/de\/native-olivenoele-extra-aus-italien-mit-geschuetzter-ursprungsbezeichnung-dop-oder-geschuetzter-geografischer-angabe-igp\/ligurien\/","title":{"rendered":"Ligurien"},"content":{"rendered":"<div class=\"fusion-fullwidth fullwidth-box fusion-builder-row-1 nonhundred-percent-fullwidth non-hundred-percent-height-scrolling\" style=\"--awb-border-radius-top-left:0px;--awb-border-radius-top-right:0px;--awb-border-radius-bottom-right:0px;--awb-border-radius-bottom-left:0px;--awb-flex-wrap:wrap;\" ><div class=\"fusion-builder-row fusion-row\"><div class=\"fusion-layout-column fusion_builder_column fusion-builder-column-0 fusion_builder_column_1_2 1_2 fusion-one-half fusion-column-first\" style=\"--awb-bg-size:cover;width:50%;width:calc(50% - ( ( 4% ) * 0.5 ) );margin-right: 4%;\"><div class=\"fusion-column-wrapper fusion-column-has-shadow fusion-flex-column-wrapper-legacy\"><div class=\"fusion-column-content-centered\"><div class=\"fusion-column-content\"><div class=\"fusion-text fusion-text-1\"><h1>Native Oliven\u00f6le extra aus Italien mit gesch\u00fctzter Ursprungsbezeichnung (DOP) oder gesch\u00fctzter geografischer Angabe (IGP)<\/h1>\n<h3>Ligurien<\/h3>\n<p>RIVIERA LIGURE DOP<\/p>\n<\/div><\/div><\/div><div class=\"fusion-clearfix\"><\/div><\/div><\/div><div class=\"fusion-layout-column fusion_builder_column fusion-builder-column-1 fusion_builder_column_1_3 1_3 fusion-one-third fusion-column-last\" style=\"--awb-bg-size:cover;width:33.333333333333%;width:calc(33.333333333333% - ( ( 4% ) * 0.33333333333333 ) );\"><div class=\"fusion-column-wrapper fusion-column-has-shadow fusion-flex-column-wrapper-legacy\"><div class=\"fusion-text fusion-text-2\"><p>[rvm_map mapid=&#8220;2224&#8243;]<\/p>\n<\/div><div class=\"fusion-clearfix\"><\/div><\/div><\/div><\/div><\/div>\n","protected":false},"excerpt":{"rendered":"","protected":false},"author":1,"featured_media":0,"parent":1898,"menu_order":0,"comment_status":"closed","ping_status":"closed","template":"","meta":{"_monsterinsights_skip_tracking":false,"_monsterinsights_sitenote_active":false,"_monsterinsights_sitenote_note":"","_monsterinsights_sitenote_category":0,"footnotes":""},"class_list":["post-2108","page","type-page","status-publish","hentry"],"yoast_head":"<!-- This site is optimized with the Yoast SEO plugin v27.3 - https:\/\/yoast.com\/product\/yoast-seo-wordpress\/ -->\n<title>Ligurien - LOOKING FOR THE PERFECT FOOD<\/title>\n<meta name=\"robots\" content=\"index, follow, max-snippet:-1, max-image-preview:large, max-video-preview:-1\" \/>\n<link rel=\"canonical\" href=\"https:\/\/lookingfortheperfectfood.eu\/de\/native-olivenoele-extra-aus-italien-mit-geschuetzter-ursprungsbezeichnung-dop-oder-geschuetzter-geografischer-angabe-igp\/ligurien\/\" \/>\n<meta property=\"og:locale\" content=\"de_DE\" \/>\n<meta property=\"og:type\" content=\"article\" \/>\n<meta property=\"og:title\" content=\"Ligurien - LOOKING FOR THE PERFECT FOOD\" \/>\n<meta property=\"og:url\" content=\"https:\/\/lookingfortheperfectfood.eu\/de\/native-olivenoele-extra-aus-italien-mit-geschuetzter-ursprungsbezeichnung-dop-oder-geschuetzter-geografischer-angabe-igp\/ligurien\/\" \/>\n<meta property=\"og:site_name\" content=\"LOOKING FOR THE PERFECT FOOD\" \/>\n<meta property=\"article:modified_time\" content=\"2019-11-05T15:10:15+00:00\" \/>\n<meta name=\"twitter:card\" content=\"summary_large_image\" \/>\n<meta name=\"twitter:label1\" content=\"Gesch\u00e4tzte Lesezeit\" \/>\n\t<meta name=\"twitter:data1\" content=\"2\u00a0Minuten\" \/>\n<script type=\"application\/ld+json\" class=\"yoast-schema-graph\">{\"@context\":\"https:\\\/\\\/schema.org\",\"@graph\":[{\"@type\":\"WebPage\",\"@id\":\"https:\\\/\\\/lookingfortheperfectfood.eu\\\/de\\\/native-olivenoele-extra-aus-italien-mit-geschuetzter-ursprungsbezeichnung-dop-oder-geschuetzter-geografischer-angabe-igp\\\/ligurien\\\/\",\"url\":\"https:\\\/\\\/lookingfortheperfectfood.eu\\\/de\\\/native-olivenoele-extra-aus-italien-mit-geschuetzter-ursprungsbezeichnung-dop-oder-geschuetzter-geografischer-angabe-igp\\\/ligurien\\\/\",\"name\":\"Ligurien - LOOKING FOR THE PERFECT FOOD\",\"isPartOf\":{\"@id\":\"https:\\\/\\\/lookingfortheperfectfood.eu\\\/fr\\\/#website\"},\"datePublished\":\"2019-11-05T13:35:24+00:00\",\"dateModified\":\"2019-11-05T15:10:15+00:00\",\"breadcrumb\":{\"@id\":\"https:\\\/\\\/lookingfortheperfectfood.eu\\\/de\\\/native-olivenoele-extra-aus-italien-mit-geschuetzter-ursprungsbezeichnung-dop-oder-geschuetzter-geografischer-angabe-igp\\\/ligurien\\\/#breadcrumb\"},\"inLanguage\":\"de\",\"potentialAction\":[{\"@type\":\"ReadAction\",\"target\":[\"https:\\\/\\\/lookingfortheperfectfood.eu\\\/de\\\/native-olivenoele-extra-aus-italien-mit-geschuetzter-ursprungsbezeichnung-dop-oder-geschuetzter-geografischer-angabe-igp\\\/ligurien\\\/\"]}]},{\"@type\":\"BreadcrumbList\",\"@id\":\"https:\\\/\\\/lookingfortheperfectfood.eu\\\/de\\\/native-olivenoele-extra-aus-italien-mit-geschuetzter-ursprungsbezeichnung-dop-oder-geschuetzter-geografischer-angabe-igp\\\/ligurien\\\/#breadcrumb\",\"itemListElement\":[{\"@type\":\"ListItem\",\"position\":1,\"name\":\"Home\",\"item\":\"https:\\\/\\\/lookingfortheperfectfood.eu\\\/de\\\/\"},{\"@type\":\"ListItem\",\"position\":2,\"name\":\"Native Oliven\u00f6le extra aus Italien mit gesch\u00fctzter Ursprungsbezeichnung (DOP) oder gesch\u00fctzter geografischer Angabe (IGP)\",\"item\":\"https:\\\/\\\/lookingfortheperfectfood.eu\\\/de\\\/native-olivenoele-extra-aus-italien-mit-geschuetzter-ursprungsbezeichnung-dop-oder-geschuetzter-geografischer-angabe-igp\\\/\"},{\"@type\":\"ListItem\",\"position\":3,\"name\":\"Ligurien\"}]},{\"@type\":\"WebSite\",\"@id\":\"https:\\\/\\\/lookingfortheperfectfood.eu\\\/fr\\\/#website\",\"url\":\"https:\\\/\\\/lookingfortheperfectfood.eu\\\/fr\\\/\",\"name\":\"LOOKING FOR THE PERFECT FOOD\",\"description\":\"OLIO EXTRAVERGINE DI OLIVA EUROPEO UNICO COME LA SUA QUALIT\u00c0\",\"potentialAction\":[{\"@type\":\"SearchAction\",\"target\":{\"@type\":\"EntryPoint\",\"urlTemplate\":\"https:\\\/\\\/lookingfortheperfectfood.eu\\\/fr\\\/?s={search_term_string}\"},\"query-input\":{\"@type\":\"PropertyValueSpecification\",\"valueRequired\":true,\"valueName\":\"search_term_string\"}}],\"inLanguage\":\"de\"}]}<\/script>\n<!-- \/ Yoast SEO plugin. -->","yoast_head_json":{"title":"Ligurien - LOOKING FOR THE PERFECT FOOD","robots":{"index":"index","follow":"follow","max-snippet":"max-snippet:-1","max-image-preview":"max-image-preview:large","max-video-preview":"max-video-preview:-1"},"canonical":"https:\/\/lookingfortheperfectfood.eu\/de\/native-olivenoele-extra-aus-italien-mit-geschuetzter-ursprungsbezeichnung-dop-oder-geschuetzter-geografischer-angabe-igp\/ligurien\/","og_locale":"de_DE","og_type":"article","og_title":"Ligurien - LOOKING FOR THE PERFECT FOOD","og_url":"https:\/\/lookingfortheperfectfood.eu\/de\/native-olivenoele-extra-aus-italien-mit-geschuetzter-ursprungsbezeichnung-dop-oder-geschuetzter-geografischer-angabe-igp\/ligurien\/","og_site_name":"LOOKING FOR THE PERFECT FOOD","article_modified_time":"2019-11-05T15:10:15+00:00","twitter_card":"summary_large_image","twitter_misc":{"Gesch\u00e4tzte Lesezeit":"2\u00a0Minuten"},"schema":{"@context":"https:\/\/schema.org","@graph":[{"@type":"WebPage","@id":"https:\/\/lookingfortheperfectfood.eu\/de\/native-olivenoele-extra-aus-italien-mit-geschuetzter-ursprungsbezeichnung-dop-oder-geschuetzter-geografischer-angabe-igp\/ligurien\/","url":"https:\/\/lookingfortheperfectfood.eu\/de\/native-olivenoele-extra-aus-italien-mit-geschuetzter-ursprungsbezeichnung-dop-oder-geschuetzter-geografischer-angabe-igp\/ligurien\/","name":"Ligurien - LOOKING FOR THE PERFECT FOOD","isPartOf":{"@id":"https:\/\/lookingfortheperfectfood.eu\/fr\/#website"},"datePublished":"2019-11-05T13:35:24+00:00","dateModified":"2019-11-05T15:10:15+00:00","breadcrumb":{"@id":"https:\/\/lookingfortheperfectfood.eu\/de\/native-olivenoele-extra-aus-italien-mit-geschuetzter-ursprungsbezeichnung-dop-oder-geschuetzter-geografischer-angabe-igp\/ligurien\/#breadcrumb"},"inLanguage":"de","potentialAction":[{"@type":"ReadAction","target":["https:\/\/lookingfortheperfectfood.eu\/de\/native-olivenoele-extra-aus-italien-mit-geschuetzter-ursprungsbezeichnung-dop-oder-geschuetzter-geografischer-angabe-igp\/ligurien\/"]}]},{"@type":"BreadcrumbList","@id":"https:\/\/lookingfortheperfectfood.eu\/de\/native-olivenoele-extra-aus-italien-mit-geschuetzter-ursprungsbezeichnung-dop-oder-geschuetzter-geografischer-angabe-igp\/ligurien\/#breadcrumb","itemListElement":[{"@type":"ListItem","position":1,"name":"Home","item":"https:\/\/lookingfortheperfectfood.eu\/de\/"},{"@type":"ListItem","position":2,"name":"Native Oliven\u00f6le extra aus Italien mit gesch\u00fctzter Ursprungsbezeichnung (DOP) oder gesch\u00fctzter geografischer Angabe (IGP)","item":"https:\/\/lookingfortheperfectfood.eu\/de\/native-olivenoele-extra-aus-italien-mit-geschuetzter-ursprungsbezeichnung-dop-oder-geschuetzter-geografischer-angabe-igp\/"},{"@type":"ListItem","position":3,"name":"Ligurien"}]},{"@type":"WebSite","@id":"https:\/\/lookingfortheperfectfood.eu\/fr\/#website","url":"https:\/\/lookingfortheperfectfood.eu\/fr\/","name":"LOOKING FOR THE PERFECT FOOD","description":"OLIO EXTRAVERGINE DI OLIVA EUROPEO UNICO COME LA SUA QUALIT\u00c0","potentialAction":[{"@type":"SearchAction","target":{"@type":"EntryPoint","urlTemplate":"https:\/\/lookingfortheperfectfood.eu\/fr\/?s={search_term_string}"},"query-input":{"@type":"PropertyValueSpecification","valueRequired":true,"valueName":"search_term_string"}}],"inLanguage":"de"}]}},"_links":{"self":[{"href":"https:\/\/lookingfortheperfectfood.eu\/de\/wp-json\/wp\/v2\/pages\/2108","targetHints":{"allow":["GET"]}}],"collection":[{"href":"https:\/\/lookingfortheperfectfood.eu\/de\/wp-json\/wp\/v2\/pages"}],"about":[{"href":"https:\/\/lookingfortheperfectfood.eu\/de\/wp-json\/wp\/v2\/types\/page"}],"author":[{"embeddable":true,"href":"https:\/\/lookingfortheperfectfood.eu\/de\/wp-json\/wp\/v2\/users\/1"}],"replies":[{"embeddable":true,"href":"https:\/\/lookingfortheperfectfood.eu\/de\/wp-json\/wp\/v2\/comments?post=2108"}],"version-history":[{"count":8,"href":"https:\/\/lookingfortheperfectfood.eu\/de\/wp-json\/wp\/v2\/pages\/2108\/revisions"}],"predecessor-version":[{"id":2238,"href":"https:\/\/lookingfortheperfectfood.eu\/de\/wp-json\/wp\/v2\/pages\/2108\/revisions\/2238"}],"up":[{"embeddable":true,"href":"https:\/\/lookingfortheperfectfood.eu\/de\/wp-json\/wp\/v2\/pages\/1898"}],"wp:attachment":[{"href":"https:\/\/lookingfortheperfectfood.eu\/de\/wp-json\/wp\/v2\/media?parent=2108"}],"curies":[{"name":"wp","href":"https:\/\/api.w.org\/{rel}","templated":true}]}}