{"id":191,"date":"2019-06-17T10:02:32","date_gmt":"2019-06-17T10:02:32","guid":{"rendered":"https:\/\/lookingfortheperfectfood.eu\/wp\/?page_id=191"},"modified":"2019-07-04T15:50:57","modified_gmt":"2019-07-04T15:50:57","slug":"europaeische-olivensorten","status":"publish","type":"page","link":"https:\/\/lookingfortheperfectfood.eu\/de\/europaeische-olivensorten\/","title":{"rendered":"Europ\u00e4ische Olivensorten"},"content":{"rendered":"<div class=\"fusion-fullwidth fullwidth-box fusion-builder-row-1 nonhundred-percent-fullwidth non-hundred-percent-height-scrolling\" style=\"--awb-border-radius-top-left:0px;--awb-border-radius-top-right:0px;--awb-border-radius-bottom-right:0px;--awb-border-radius-bottom-left:0px;--awb-margin-top:0px;--awb-flex-wrap:wrap;\" ><div class=\"fusion-builder-row fusion-row\"><div class=\"fusion-layout-column fusion_builder_column fusion-builder-column-0 fusion_builder_column_1_1 1_1 fusion-one-full fusion-column-first fusion-column-last\" style=\"--awb-bg-size:cover;\"><div class=\"fusion-column-wrapper fusion-column-has-shadow fusion-flex-column-wrapper-legacy\"><div class=\"fusion-image-element fusion-image-align-center in-legacy-container\" style=\"text-align:center;--awb-caption-title-font-family:var(--h2_typography-font-family);--awb-caption-title-font-weight:var(--h2_typography-font-weight);--awb-caption-title-font-style:var(--h2_typography-font-style);--awb-caption-title-size:var(--h2_typography-font-size);--awb-caption-title-transform:var(--h2_typography-text-transform);--awb-caption-title-line-height:var(--h2_typography-line-height);--awb-caption-title-letter-spacing:var(--h2_typography-letter-spacing);\"><div class=\"imageframe-align-center\"><span class=\" fusion-imageframe imageframe-none imageframe-1 hover-type-none\"><img decoding=\"async\" width=\"1280\" height=\"782\" title=\"slide-4\" src=\"https:\/\/lookingfortheperfectfood.eu\/wp-content\/uploads\/2019\/06\/slide-4.jpg\" alt class=\"img-responsive wp-image-193\" srcset=\"https:\/\/lookingfortheperfectfood.eu\/wp-content\/uploads\/2019\/06\/slide-4-200x122.jpg 200w, https:\/\/lookingfortheperfectfood.eu\/wp-content\/uploads\/2019\/06\/slide-4-400x244.jpg 400w, https:\/\/lookingfortheperfectfood.eu\/wp-content\/uploads\/2019\/06\/slide-4-600x367.jpg 600w, https:\/\/lookingfortheperfectfood.eu\/wp-content\/uploads\/2019\/06\/slide-4-800x489.jpg 800w, https:\/\/lookingfortheperfectfood.eu\/wp-content\/uploads\/2019\/06\/slide-4-1200x733.jpg 1200w, https:\/\/lookingfortheperfectfood.eu\/wp-content\/uploads\/2019\/06\/slide-4.jpg 1280w\" sizes=\"(max-width: 800px) 100vw, 1280px\" \/><\/span><\/div><\/div><div class=\"fusion-sep-clear\"><\/div><div class=\"fusion-separator fusion-full-width-sep\" style=\"margin-left: auto;margin-right: auto;margin-top:40px;width:100%;\"><\/div><div class=\"fusion-sep-clear\"><\/div><div class=\"fusion-clearfix\"><\/div><\/div><\/div><div class=\"fusion-layout-column fusion_builder_column fusion-builder-column-1 fusion_builder_column_1_2 1_2 fusion-one-half fusion-column-first\" style=\"--awb-bg-size:cover;width:50%;width:calc(50% - ( ( 4% ) * 0.5 ) );margin-right: 4%;\"><div class=\"fusion-column-wrapper fusion-column-has-shadow fusion-flex-column-wrapper-legacy\"><div class=\"fusion-text fusion-text-1\"><p>Der europ\u00e4ische Mittelmeerraum bietet eine enorme Vielfalt an hochwertigen Olivenbaumarten: Die Herkunftsmatrizen sind breit gef\u00e4chert und jede von ihnen spiegelt einzigartige Umwelt-, Klima- und Landschaftsbedingungen wider.<\/p>\n<p>Das Ergebnis dieses Reichtums ist eine au\u00dfergew\u00f6hnliche Biodiversit\u00e4t, zu der jede Region einen Teil beitr\u00e4gt, indem sie verschiedene Olivensorten (&#8222;Cultivar&#8220;) hervorbringt, die unterschiedliche, individuelle organoleptische Eigenschaften besitzen.<\/p>\n<p>Die europ\u00e4ische Olivenproduktion ist daher besonders vielseitig: Die einzelnen Sorten sind das Ergebnis einmaliger territorialer Bedingungen und spezifischer genetischer Strukturen, die sich im Laufe der Zeit entwickelt haben und heute ein unnachahmliches Gut in Bezug auf Geschmack und N\u00e4hrwerte darstellen.<\/p>\n<\/div><div class=\"fusion-clearfix\"><\/div><\/div><\/div><div class=\"fusion-layout-column fusion_builder_column fusion-builder-column-2 fusion_builder_column_1_2 1_2 fusion-one-half fusion-column-last\" style=\"--awb-bg-size:cover;width:50%;width:calc(50% - ( ( 4% ) * 0.5 ) );\"><div class=\"fusion-column-wrapper fusion-column-has-shadow fusion-flex-column-wrapper-legacy\"><div class=\"fusion-text fusion-text-2\"><p>Die Spezifikationen f\u00fcr die Herstellung von g.U.- und g.g.A.-\u00d6len geben genau an, welche Sorten f\u00fcr jedes zertifizierte \u00d6l verwendet werden d\u00fcrfen und in welchem Verh\u00e4ltnis. Die Unterscheidung zwischen den verschiedenen Olivensorten ist der erste wichtige Schritt, um diese hervorragenden Ressourcen der europ\u00e4ischen Landwirtschaft besser sch\u00e4tzen zu lernen.<br \/>\nOliven\u00f6le mit g.U.- oder g.g.A.-G\u00fctezeichen geben dem Verbraucher eine klare Information, mit dem Ziel, die Vielfalt der europ\u00e4ischen Olivensorten, aus denen die \u00d6le hergestellt werden, zu sch\u00fctzen. Wenn der Kunde wei\u00df, aus welcher Gegend die Oliven stammen und welche Olivensorten verwendet werden, kann er davon ausgehen, ein Produkt mit bestimmten organoleptischen Eigenschaften zu erwerben.<\/p>\n<p>Auch bei nativen Oliven\u00f6len extra aus kontrolliert biologischem Anbau (Bio-Oliven\u00f6l) ist der Ursprung der Rohmaterialien von grundlegender Bedeutung. Um die EU-Bio-Zertifizierung zu erhalten, muss das \u00d6l aus Oliven gesicherter und r\u00fcckverfolgbarer Herkunft hergestellt werden.<\/p>\n<p>Italien ist das Land mit der h\u00f6chsten Biodiversit\u00e4t an Oliven. \u00dcber die Jahrhunderte haben sich in Italien \u00fcber 600 autochthone Sorten entwickelt: ein absoluter Weltrekord.<\/p>\n<\/div><div class=\"fusion-clearfix\"><\/div><\/div><\/div><\/div><\/div>\n","protected":false},"excerpt":{"rendered":"","protected":false},"author":1,"featured_media":0,"parent":0,"menu_order":19,"comment_status":"closed","ping_status":"closed","template":"100-width.php","meta":{"_monsterinsights_skip_tracking":false,"_monsterinsights_sitenote_active":false,"_monsterinsights_sitenote_note":"","_monsterinsights_sitenote_category":0,"footnotes":""},"class_list":["post-191","page","type-page","status-publish","hentry"],"yoast_head":"<!-- This site is optimized with the Yoast SEO plugin v27.3 - https:\/\/yoast.com\/product\/yoast-seo-wordpress\/ -->\n<title>Europ\u00e4ische Olivensorten - LOOKING FOR THE PERFECT FOOD<\/title>\n<meta name=\"robots\" content=\"index, follow, max-snippet:-1, max-image-preview:large, max-video-preview:-1\" \/>\n<link rel=\"canonical\" href=\"https:\/\/lookingfortheperfectfood.eu\/de\/europaeische-olivensorten\/\" \/>\n<meta property=\"og:locale\" content=\"de_DE\" \/>\n<meta property=\"og:type\" content=\"article\" \/>\n<meta property=\"og:title\" content=\"Europ\u00e4ische Olivensorten - LOOKING FOR THE PERFECT FOOD\" \/>\n<meta property=\"og:url\" content=\"https:\/\/lookingfortheperfectfood.eu\/de\/europaeische-olivensorten\/\" \/>\n<meta property=\"og:site_name\" content=\"LOOKING FOR THE PERFECT FOOD\" \/>\n<meta property=\"article:modified_time\" content=\"2019-07-04T15:50:57+00:00\" \/>\n<meta name=\"twitter:card\" content=\"summary_large_image\" \/>\n<meta name=\"twitter:label1\" content=\"Gesch\u00e4tzte Lesezeit\" \/>\n\t<meta name=\"twitter:data1\" content=\"4\u00a0Minuten\" \/>\n<script type=\"application\/ld+json\" class=\"yoast-schema-graph\">{\"@context\":\"https:\\\/\\\/schema.org\",\"@graph\":[{\"@type\":\"WebPage\",\"@id\":\"https:\\\/\\\/lookingfortheperfectfood.eu\\\/de\\\/europaeische-olivensorten\\\/\",\"url\":\"https:\\\/\\\/lookingfortheperfectfood.eu\\\/de\\\/europaeische-olivensorten\\\/\",\"name\":\"Europ\u00e4ische Olivensorten - LOOKING FOR THE PERFECT FOOD\",\"isPartOf\":{\"@id\":\"https:\\\/\\\/lookingfortheperfectfood.eu\\\/fr\\\/#website\"},\"datePublished\":\"2019-06-17T10:02:32+00:00\",\"dateModified\":\"2019-07-04T15:50:57+00:00\",\"breadcrumb\":{\"@id\":\"https:\\\/\\\/lookingfortheperfectfood.eu\\\/de\\\/europaeische-olivensorten\\\/#breadcrumb\"},\"inLanguage\":\"de\",\"potentialAction\":[{\"@type\":\"ReadAction\",\"target\":[\"https:\\\/\\\/lookingfortheperfectfood.eu\\\/de\\\/europaeische-olivensorten\\\/\"]}]},{\"@type\":\"BreadcrumbList\",\"@id\":\"https:\\\/\\\/lookingfortheperfectfood.eu\\\/de\\\/europaeische-olivensorten\\\/#breadcrumb\",\"itemListElement\":[{\"@type\":\"ListItem\",\"position\":1,\"name\":\"Home\",\"item\":\"https:\\\/\\\/lookingfortheperfectfood.eu\\\/de\\\/\"},{\"@type\":\"ListItem\",\"position\":2,\"name\":\"Europ\u00e4ische Olivensorten\"}]},{\"@type\":\"WebSite\",\"@id\":\"https:\\\/\\\/lookingfortheperfectfood.eu\\\/fr\\\/#website\",\"url\":\"https:\\\/\\\/lookingfortheperfectfood.eu\\\/fr\\\/\",\"name\":\"LOOKING FOR THE PERFECT FOOD\",\"description\":\"OLIO EXTRAVERGINE DI OLIVA EUROPEO UNICO COME LA SUA QUALIT\u00c0\",\"potentialAction\":[{\"@type\":\"SearchAction\",\"target\":{\"@type\":\"EntryPoint\",\"urlTemplate\":\"https:\\\/\\\/lookingfortheperfectfood.eu\\\/fr\\\/?s={search_term_string}\"},\"query-input\":{\"@type\":\"PropertyValueSpecification\",\"valueRequired\":true,\"valueName\":\"search_term_string\"}}],\"inLanguage\":\"de\"}]}<\/script>\n<!-- \/ Yoast SEO plugin. -->","yoast_head_json":{"title":"Europ\u00e4ische Olivensorten - LOOKING FOR THE PERFECT FOOD","robots":{"index":"index","follow":"follow","max-snippet":"max-snippet:-1","max-image-preview":"max-image-preview:large","max-video-preview":"max-video-preview:-1"},"canonical":"https:\/\/lookingfortheperfectfood.eu\/de\/europaeische-olivensorten\/","og_locale":"de_DE","og_type":"article","og_title":"Europ\u00e4ische Olivensorten - LOOKING FOR THE PERFECT FOOD","og_url":"https:\/\/lookingfortheperfectfood.eu\/de\/europaeische-olivensorten\/","og_site_name":"LOOKING FOR THE PERFECT FOOD","article_modified_time":"2019-07-04T15:50:57+00:00","twitter_card":"summary_large_image","twitter_misc":{"Gesch\u00e4tzte Lesezeit":"4\u00a0Minuten"},"schema":{"@context":"https:\/\/schema.org","@graph":[{"@type":"WebPage","@id":"https:\/\/lookingfortheperfectfood.eu\/de\/europaeische-olivensorten\/","url":"https:\/\/lookingfortheperfectfood.eu\/de\/europaeische-olivensorten\/","name":"Europ\u00e4ische Olivensorten - LOOKING FOR THE PERFECT FOOD","isPartOf":{"@id":"https:\/\/lookingfortheperfectfood.eu\/fr\/#website"},"datePublished":"2019-06-17T10:02:32+00:00","dateModified":"2019-07-04T15:50:57+00:00","breadcrumb":{"@id":"https:\/\/lookingfortheperfectfood.eu\/de\/europaeische-olivensorten\/#breadcrumb"},"inLanguage":"de","potentialAction":[{"@type":"ReadAction","target":["https:\/\/lookingfortheperfectfood.eu\/de\/europaeische-olivensorten\/"]}]},{"@type":"BreadcrumbList","@id":"https:\/\/lookingfortheperfectfood.eu\/de\/europaeische-olivensorten\/#breadcrumb","itemListElement":[{"@type":"ListItem","position":1,"name":"Home","item":"https:\/\/lookingfortheperfectfood.eu\/de\/"},{"@type":"ListItem","position":2,"name":"Europ\u00e4ische Olivensorten"}]},{"@type":"WebSite","@id":"https:\/\/lookingfortheperfectfood.eu\/fr\/#website","url":"https:\/\/lookingfortheperfectfood.eu\/fr\/","name":"LOOKING FOR THE PERFECT FOOD","description":"OLIO EXTRAVERGINE DI OLIVA EUROPEO UNICO COME LA SUA QUALIT\u00c0","potentialAction":[{"@type":"SearchAction","target":{"@type":"EntryPoint","urlTemplate":"https:\/\/lookingfortheperfectfood.eu\/fr\/?s={search_term_string}"},"query-input":{"@type":"PropertyValueSpecification","valueRequired":true,"valueName":"search_term_string"}}],"inLanguage":"de"}]}},"_links":{"self":[{"href":"https:\/\/lookingfortheperfectfood.eu\/de\/wp-json\/wp\/v2\/pages\/191","targetHints":{"allow":["GET"]}}],"collection":[{"href":"https:\/\/lookingfortheperfectfood.eu\/de\/wp-json\/wp\/v2\/pages"}],"about":[{"href":"https:\/\/lookingfortheperfectfood.eu\/de\/wp-json\/wp\/v2\/types\/page"}],"author":[{"embeddable":true,"href":"https:\/\/lookingfortheperfectfood.eu\/de\/wp-json\/wp\/v2\/users\/1"}],"replies":[{"embeddable":true,"href":"https:\/\/lookingfortheperfectfood.eu\/de\/wp-json\/wp\/v2\/comments?post=191"}],"version-history":[{"count":3,"href":"https:\/\/lookingfortheperfectfood.eu\/de\/wp-json\/wp\/v2\/pages\/191\/revisions"}],"predecessor-version":[{"id":384,"href":"https:\/\/lookingfortheperfectfood.eu\/de\/wp-json\/wp\/v2\/pages\/191\/revisions\/384"}],"wp:attachment":[{"href":"https:\/\/lookingfortheperfectfood.eu\/de\/wp-json\/wp\/v2\/media?parent=191"}],"curies":[{"name":"wp","href":"https:\/\/api.w.org\/{rel}","templated":true}]}}