{"id":173,"date":"2019-06-17T09:49:56","date_gmt":"2019-06-17T09:49:56","guid":{"rendered":"https:\/\/lookingfortheperfectfood.eu\/wp\/?page_id=173"},"modified":"2019-07-30T15:44:54","modified_gmt":"2019-07-30T15:44:54","slug":"projekt","status":"publish","type":"page","link":"https:\/\/lookingfortheperfectfood.eu\/de\/projekt\/","title":{"rendered":"PROJEKT"},"content":{"rendered":"<div class=\"fusion-fullwidth fullwidth-box fusion-builder-row-1 nonhundred-percent-fullwidth non-hundred-percent-height-scrolling\" style=\"--awb-border-radius-top-left:0px;--awb-border-radius-top-right:0px;--awb-border-radius-bottom-right:0px;--awb-border-radius-bottom-left:0px;--awb-margin-top:0px;--awb-flex-wrap:wrap;\" ><div class=\"fusion-builder-row fusion-row\"><div class=\"fusion-layout-column fusion_builder_column fusion-builder-column-0 fusion_builder_column_1_1 1_1 fusion-one-full fusion-column-first fusion-column-last\" style=\"--awb-bg-size:cover;\"><div class=\"fusion-column-wrapper fusion-column-has-shadow fusion-flex-column-wrapper-legacy\"><div class=\"fusion-image-element fusion-image-align-center in-legacy-container\" style=\"text-align:center;--awb-caption-title-font-family:var(--h2_typography-font-family);--awb-caption-title-font-weight:var(--h2_typography-font-weight);--awb-caption-title-font-style:var(--h2_typography-font-style);--awb-caption-title-size:var(--h2_typography-font-size);--awb-caption-title-transform:var(--h2_typography-text-transform);--awb-caption-title-line-height:var(--h2_typography-line-height);--awb-caption-title-letter-spacing:var(--h2_typography-letter-spacing);\"><div class=\"imageframe-align-center\"><span class=\" fusion-imageframe imageframe-none imageframe-1 hover-type-none\"><img decoding=\"async\" width=\"1280\" height=\"782\" title=\"slide2\" src=\"https:\/\/lookingfortheperfectfood.eu\/wp\/wp-content\/uploads\/2019\/06\/slide2.jpg\" alt class=\"img-responsive wp-image-175\" srcset=\"https:\/\/lookingfortheperfectfood.eu\/wp-content\/uploads\/2019\/06\/slide2-200x122.jpg 200w, https:\/\/lookingfortheperfectfood.eu\/wp-content\/uploads\/2019\/06\/slide2-400x244.jpg 400w, https:\/\/lookingfortheperfectfood.eu\/wp-content\/uploads\/2019\/06\/slide2-600x367.jpg 600w, https:\/\/lookingfortheperfectfood.eu\/wp-content\/uploads\/2019\/06\/slide2-800x489.jpg 800w, https:\/\/lookingfortheperfectfood.eu\/wp-content\/uploads\/2019\/06\/slide2-1200x733.jpg 1200w, https:\/\/lookingfortheperfectfood.eu\/wp-content\/uploads\/2019\/06\/slide2.jpg 1280w\" sizes=\"(max-width: 800px) 100vw, 1280px\" \/><\/span><\/div><\/div><div class=\"fusion-sep-clear\"><\/div><div class=\"fusion-separator fusion-full-width-sep\" style=\"margin-left: auto;margin-right: auto;margin-top:40px;width:100%;\"><\/div><div class=\"fusion-sep-clear\"><\/div><div class=\"fusion-clearfix\"><\/div><\/div><\/div><div class=\"fusion-layout-column fusion_builder_column fusion-builder-column-1 fusion_builder_column_1_2 1_2 fusion-one-half fusion-column-first\" style=\"--awb-bg-size:cover;width:50%;width:calc(50% - ( ( 4% ) * 0.5 ) );margin-right: 4%;\"><div class=\"fusion-column-wrapper fusion-column-has-shadow fusion-flex-column-wrapper-legacy\"><div class=\"fusion-text fusion-text-1\"><p>Das von Unaprol und France Olive gef\u00f6rderte und von der Europ\u00e4ischen Union finanzierte Projekt \u201eEcceOlio\u201c zielt darauf ab, den Markt und die Verbraucher f\u00fcr die einzigartigen Eigenschaften des nativen Oliven\u00f6ls extra aus EU-L\u00e4ndern zu sensibilisieren und \u00fcber die EU-Herkunftszeichen \u201eg.U.\u201c und \u201eg.g.A.\u201c sowie \u00fcber da europ\u00e4ische Bio-Siegel zu informieren.<span class=\"Apple-converted-space\">\u00a0<\/span><\/p>\n<p>Das Projekt l\u00e4uft bis Dezember 2021 und umfasst drei verschiedene Ziell\u00e4nder: Italien, Frankreich und Deutschland. Die zertifizierten nativen Oliven\u00f6le extra aus EU-L\u00e4ndern zeichnen sich durch ihre au\u00dfergew\u00f6hnliche Geschmacksvielfalt, wissenschaftlich nachgewiesene N\u00e4hrwertqualit\u00e4t und garantierte R\u00fcckverfolgbarkeit aus. Native Oliven\u00f6le extra mit den Herkunftszeichen \u201eg.U.\u201c oder \u201eg.g.A.\u201c bzw. dem europ\u00e4ischen Bio-Siegel geh\u00f6ren zu den Spitzenprodukten der Branche.<span class=\"Apple-converted-space\">\u00a0<\/span><\/p>\n<p>Herausragende Qualit\u00e4t, die von spezifischen EU-Vorschriften untermauert wird, mit strengen Kontrollen vom Anbau bis zum Verbrauchertisch, gew\u00e4hrleisten f\u00fcr die Konsumenten sichere und unverf\u00e4lschte Produkte und einzigartige N\u00e4hrwerteigenschaften.<\/p>\n<\/div><div class=\"fusion-clearfix\"><\/div><\/div><\/div><div class=\"fusion-layout-column fusion_builder_column fusion-builder-column-2 fusion_builder_column_1_2 1_2 fusion-one-half fusion-column-last\" style=\"--awb-bg-size:cover;width:50%;width:calc(50% - ( ( 4% ) * 0.5 ) );\"><div class=\"fusion-column-wrapper fusion-column-has-shadow fusion-flex-column-wrapper-legacy\"><div class=\"fusion-text fusion-text-2\"><p>Zertifiziertes natives Oliven\u00f6l extra aus der EU ist nicht nur besonders n\u00fctzlich bei der Regulierung des Blutfettwertes und aufgrund seiner antioxidativen Eigenschaften, wie es in ma\u00dfgeblichen internationalen wissenschaftlichen Studien best\u00e4tigt wurde, es ist auch \u00e4u\u00dferst vielseitig einsetzbar, sowohl in der traditionellen Mittelmeerdi\u00e4t als auch in der innovativen kreativen K\u00fcche.<\/p>\n<p>Zur wirksamen F\u00f6rderung dieses Exzellenzproduktes beabsichtigt dieses Projekt, das Bewusstsein der Verbraucher zu sch\u00e4rfen, damit sie informierte und verantwortungsbewusste Kauf- und Konsumentscheidungen treffen k\u00f6nnen.<\/p>\n<p>Das Problem der Produktf\u00e4lschung sowie die oft komplizierten Angaben auf dem Etikett sind in der Tat Faktoren, die es in einem globalen Markt manchmal erschweren, die unverwechselbaren Eigenschaften von Lebensmitteln zu erkennen und wertzusch\u00e4tzen<\/p>\n<\/div><div class=\"fusion-clearfix\"><\/div><\/div><\/div><\/div><\/div>\n","protected":false},"excerpt":{"rendered":"","protected":false},"author":1,"featured_media":0,"parent":0,"menu_order":20,"comment_status":"closed","ping_status":"closed","template":"100-width.php","meta":{"_monsterinsights_skip_tracking":false,"_monsterinsights_sitenote_active":false,"_monsterinsights_sitenote_note":"","_monsterinsights_sitenote_category":0,"footnotes":""},"class_list":["post-173","page","type-page","status-publish","hentry"],"yoast_head":"<!-- This site is optimized with the Yoast SEO plugin v27.3 - https:\/\/yoast.com\/product\/yoast-seo-wordpress\/ -->\n<title>PROJEKT - LOOKING FOR THE PERFECT FOOD<\/title>\n<meta name=\"robots\" content=\"index, follow, max-snippet:-1, max-image-preview:large, max-video-preview:-1\" \/>\n<link rel=\"canonical\" href=\"https:\/\/lookingfortheperfectfood.eu\/de\/projekt\/\" \/>\n<meta property=\"og:locale\" content=\"de_DE\" \/>\n<meta property=\"og:type\" content=\"article\" \/>\n<meta property=\"og:title\" content=\"PROJEKT - LOOKING FOR THE PERFECT FOOD\" \/>\n<meta property=\"og:url\" content=\"https:\/\/lookingfortheperfectfood.eu\/de\/projekt\/\" \/>\n<meta property=\"og:site_name\" content=\"LOOKING FOR THE PERFECT FOOD\" \/>\n<meta property=\"article:modified_time\" content=\"2019-07-30T15:44:54+00:00\" \/>\n<meta name=\"twitter:card\" content=\"summary_large_image\" \/>\n<meta name=\"twitter:label1\" content=\"Gesch\u00e4tzte Lesezeit\" \/>\n\t<meta name=\"twitter:data1\" content=\"4\u00a0Minuten\" \/>\n<script type=\"application\/ld+json\" class=\"yoast-schema-graph\">{\"@context\":\"https:\\\/\\\/schema.org\",\"@graph\":[{\"@type\":\"WebPage\",\"@id\":\"https:\\\/\\\/lookingfortheperfectfood.eu\\\/de\\\/projekt\\\/\",\"url\":\"https:\\\/\\\/lookingfortheperfectfood.eu\\\/de\\\/projekt\\\/\",\"name\":\"PROJEKT - LOOKING FOR THE PERFECT FOOD\",\"isPartOf\":{\"@id\":\"https:\\\/\\\/lookingfortheperfectfood.eu\\\/fr\\\/#website\"},\"datePublished\":\"2019-06-17T09:49:56+00:00\",\"dateModified\":\"2019-07-30T15:44:54+00:00\",\"breadcrumb\":{\"@id\":\"https:\\\/\\\/lookingfortheperfectfood.eu\\\/de\\\/projekt\\\/#breadcrumb\"},\"inLanguage\":\"de\",\"potentialAction\":[{\"@type\":\"ReadAction\",\"target\":[\"https:\\\/\\\/lookingfortheperfectfood.eu\\\/de\\\/projekt\\\/\"]}]},{\"@type\":\"BreadcrumbList\",\"@id\":\"https:\\\/\\\/lookingfortheperfectfood.eu\\\/de\\\/projekt\\\/#breadcrumb\",\"itemListElement\":[{\"@type\":\"ListItem\",\"position\":1,\"name\":\"Home\",\"item\":\"https:\\\/\\\/lookingfortheperfectfood.eu\\\/de\\\/\"},{\"@type\":\"ListItem\",\"position\":2,\"name\":\"PROJEKT\"}]},{\"@type\":\"WebSite\",\"@id\":\"https:\\\/\\\/lookingfortheperfectfood.eu\\\/fr\\\/#website\",\"url\":\"https:\\\/\\\/lookingfortheperfectfood.eu\\\/fr\\\/\",\"name\":\"LOOKING FOR THE PERFECT FOOD\",\"description\":\"OLIO EXTRAVERGINE DI OLIVA EUROPEO UNICO COME LA SUA QUALIT\u00c0\",\"potentialAction\":[{\"@type\":\"SearchAction\",\"target\":{\"@type\":\"EntryPoint\",\"urlTemplate\":\"https:\\\/\\\/lookingfortheperfectfood.eu\\\/fr\\\/?s={search_term_string}\"},\"query-input\":{\"@type\":\"PropertyValueSpecification\",\"valueRequired\":true,\"valueName\":\"search_term_string\"}}],\"inLanguage\":\"de\"}]}<\/script>\n<!-- \/ Yoast SEO plugin. -->","yoast_head_json":{"title":"PROJEKT - LOOKING FOR THE PERFECT FOOD","robots":{"index":"index","follow":"follow","max-snippet":"max-snippet:-1","max-image-preview":"max-image-preview:large","max-video-preview":"max-video-preview:-1"},"canonical":"https:\/\/lookingfortheperfectfood.eu\/de\/projekt\/","og_locale":"de_DE","og_type":"article","og_title":"PROJEKT - LOOKING FOR THE PERFECT FOOD","og_url":"https:\/\/lookingfortheperfectfood.eu\/de\/projekt\/","og_site_name":"LOOKING FOR THE PERFECT FOOD","article_modified_time":"2019-07-30T15:44:54+00:00","twitter_card":"summary_large_image","twitter_misc":{"Gesch\u00e4tzte Lesezeit":"4\u00a0Minuten"},"schema":{"@context":"https:\/\/schema.org","@graph":[{"@type":"WebPage","@id":"https:\/\/lookingfortheperfectfood.eu\/de\/projekt\/","url":"https:\/\/lookingfortheperfectfood.eu\/de\/projekt\/","name":"PROJEKT - LOOKING FOR THE PERFECT FOOD","isPartOf":{"@id":"https:\/\/lookingfortheperfectfood.eu\/fr\/#website"},"datePublished":"2019-06-17T09:49:56+00:00","dateModified":"2019-07-30T15:44:54+00:00","breadcrumb":{"@id":"https:\/\/lookingfortheperfectfood.eu\/de\/projekt\/#breadcrumb"},"inLanguage":"de","potentialAction":[{"@type":"ReadAction","target":["https:\/\/lookingfortheperfectfood.eu\/de\/projekt\/"]}]},{"@type":"BreadcrumbList","@id":"https:\/\/lookingfortheperfectfood.eu\/de\/projekt\/#breadcrumb","itemListElement":[{"@type":"ListItem","position":1,"name":"Home","item":"https:\/\/lookingfortheperfectfood.eu\/de\/"},{"@type":"ListItem","position":2,"name":"PROJEKT"}]},{"@type":"WebSite","@id":"https:\/\/lookingfortheperfectfood.eu\/fr\/#website","url":"https:\/\/lookingfortheperfectfood.eu\/fr\/","name":"LOOKING FOR THE PERFECT FOOD","description":"OLIO EXTRAVERGINE DI OLIVA EUROPEO UNICO COME LA SUA QUALIT\u00c0","potentialAction":[{"@type":"SearchAction","target":{"@type":"EntryPoint","urlTemplate":"https:\/\/lookingfortheperfectfood.eu\/fr\/?s={search_term_string}"},"query-input":{"@type":"PropertyValueSpecification","valueRequired":true,"valueName":"search_term_string"}}],"inLanguage":"de"}]}},"_links":{"self":[{"href":"https:\/\/lookingfortheperfectfood.eu\/de\/wp-json\/wp\/v2\/pages\/173","targetHints":{"allow":["GET"]}}],"collection":[{"href":"https:\/\/lookingfortheperfectfood.eu\/de\/wp-json\/wp\/v2\/pages"}],"about":[{"href":"https:\/\/lookingfortheperfectfood.eu\/de\/wp-json\/wp\/v2\/types\/page"}],"author":[{"embeddable":true,"href":"https:\/\/lookingfortheperfectfood.eu\/de\/wp-json\/wp\/v2\/users\/1"}],"replies":[{"embeddable":true,"href":"https:\/\/lookingfortheperfectfood.eu\/de\/wp-json\/wp\/v2\/comments?post=173"}],"version-history":[{"count":4,"href":"https:\/\/lookingfortheperfectfood.eu\/de\/wp-json\/wp\/v2\/pages\/173\/revisions"}],"predecessor-version":[{"id":986,"href":"https:\/\/lookingfortheperfectfood.eu\/de\/wp-json\/wp\/v2\/pages\/173\/revisions\/986"}],"wp:attachment":[{"href":"https:\/\/lookingfortheperfectfood.eu\/de\/wp-json\/wp\/v2\/media?parent=173"}],"curies":[{"name":"wp","href":"https:\/\/api.w.org\/{rel}","templated":true}]}}