{"id":1534,"date":"2019-10-28T12:25:45","date_gmt":"2019-10-28T12:25:45","guid":{"rendered":"https:\/\/lookingfortheperfectfood.eu\/?page_id=1534"},"modified":"2019-10-28T12:25:45","modified_gmt":"2019-10-28T12:25:45","slug":"tipps-und-tricks-fuer-die-kueche","status":"publish","type":"page","link":"https:\/\/lookingfortheperfectfood.eu\/de\/tipps-und-tricks-fuer-die-kueche\/","title":{"rendered":"Tipps und Tricks f\u00fcr die K\u00fcche"},"content":{"rendered":"<div class=\"fusion-fullwidth fullwidth-box fusion-builder-row-1 nonhundred-percent-fullwidth non-hundred-percent-height-scrolling\" style=\"--awb-border-radius-top-left:0px;--awb-border-radius-top-right:0px;--awb-border-radius-bottom-right:0px;--awb-border-radius-bottom-left:0px;--awb-flex-wrap:wrap;\" ><div class=\"fusion-builder-row fusion-row\"><div class=\"fusion-layout-column fusion_builder_column fusion-builder-column-0 fusion_builder_column_1_1 1_1 fusion-one-full fusion-column-first fusion-column-last\" style=\"--awb-bg-size:cover;\"><div class=\"fusion-column-wrapper fusion-column-has-shadow fusion-flex-column-wrapper-legacy\"><div class=\"fusion-text fusion-text-1\"><p><strong>Tipps und Tricks f\u00fcr die K\u00fcche<\/strong><\/p>\n<p>Oliven\u00f6l ist eine unerl\u00e4ssliche Zutat f\u00fcr viele Gerichte, die man unbedingt im Schrank haben sollte. Dank ihrer Vielseitigkeit passen die nativen Oliven\u00f6le extra mit den EU-G\u00fctesiegeln g.U, g.g.A.und Bio genauso gut zu kalten wie auch zu warm servierten Speisen.<\/p>\n<p>&#8211; <strong>Zum W\u00fcrzen<\/strong>: Das Oliven\u00f6l kann man direkt \u00fcber den Salat oder ein Carpaccio tr\u00e4ufeln. Au\u00dferdem kann man damit eine Vinaigrette mit Senf, Salz, Pfeffer und Essig zubereiten. Nat\u00fcrlich k\u00f6nnen Sie den Essig auch durch Zitrone ersetzen. Oliven\u00f6l passt perfekt zu vielerlei frischen Kr\u00e4utern, vor allem aber zu Basilikum.<\/p>\n<p>&#8211; <strong>Zum Kochen<\/strong>: Oliven\u00f6l kann man bedenkenlos bis zu einer Temperatur von 210 \u00b0C erhitzen. Man kann es daher f\u00fcr Zubereitungen in der Pfanne und im Ofen, f\u00fcr Speisen, die in Pergamentpapier oder Alufolie gegart werden, oder zum W\u00fcrzen von Schmorgerichten verwenden. Oliven\u00f6l kann man sogar zum Frittieren verwenden, dann sollte man aber besser zu einem \u00d6l mit leichtem, eher mildem Eigengeschmack greifen.<\/p>\n<p>&#8211; <strong>Marinade<\/strong>: Marinieren Sie Fleisch oder Fisch in nativem Oliven\u00f6l extra (ca. 40 Minuten), um die Zartheit und den Geschmack des Fleisches zu verbessern.<\/p>\n<p>F\u00fcr noch mehr Geschmack geben Sie zu dem \u00d6l noch aromatische Kr\u00e4uter, Pfeffer, Paprika, Zitrone, Knoblauch, Zwiebeln oder Gew\u00fcrze usw. hinzu.<\/p>\n<p>&#8211; <strong>B\u00e9chamelsauce<\/strong>: Ersetzen Sie die Butter in der Sauce durch<span class=\"Apple-converted-space\">\u00a0 <\/span>natives Oliven\u00f6l extra, damit sie noch s\u00e4miger wird und besser duftet.<\/p>\n<p>&#8211; <strong>Tartines<\/strong>: F\u00fcllen Sie ein Gef\u00e4\u00df mit Oliven\u00f6l und stellen Sie es in das Gefrierfach, bis das \u00d6l fest und streichbar wie Butter wird. Nehmen Sie es erst im letzten Moment heraus, um damit die Tartines f\u00fcr den Aperitif zu bestreichen.<\/p>\n<p>&#8211; <strong>Erdbeeren<\/strong>: Tr\u00e4ufeln Sie ein wenig Oliven\u00f6l auf gezuckerte Erdbeeren und geben Sie einige Basilikumbl\u00e4tter hinzu.<\/p>\n<p>&#8211; <strong>Eier<\/strong>: Greifen Sie zu Oliven\u00f6l, um Spiegeleier zu braten &#8211; 4-Sterne-Eier garantiert!<\/p>\n<p>&#8211; <strong>Fisch<\/strong>: Schneiden Sie den Fisch ein und gie\u00dfen Sie ein wenig natives Oliven\u00f6l extra (zum Beispiel der Sorte Aglandau) dar\u00fcber, bevor Sie den Fisch im Ofen zubereiten. So trocknet er nicht aus und bekommt den typischen Mittelmeergeschmack.<\/p>\n<p>&#8211; <strong>Pasta<\/strong>: Geben Sie ein paar Tropfen Oliven\u00f6l in das Kochwasser f\u00fcr die Nudeln (oder auch f\u00fcr Reis), damit sie nicht zusammenkleben.<\/p>\n<p>&#8211; <strong>Zwiebeln<\/strong>: Weichen Sie die kleinen wei\u00dfen Zwiebeln f\u00fcr den Salat in nativem Oliven\u00f6l extra ein, damit ihr Geschmack etwas gemildert wird.<\/p>\n<p>&#8211; <strong>Ziegenk\u00e4se<\/strong>: Geben Sie einen etwas bereits zu trockenen Ziegenk\u00e4se<span class=\"Apple-converted-space\">\u00a0 <\/span>mit<span class=\"Apple-converted-space\">\u00a0 <\/span>etwas Bohnenkraut, gr\u00fcnen Pfeffer, Wacholder, Thymian und\/oder Lorbeer in ein Gef\u00e4\u00df und decken Sie alles mit Oliven\u00f6l ab. Einen Monat lang ziehen lassen und dann erst verkosten.<\/p>\n<p>&#8211; <strong>Sandteig<\/strong>: Ersetzen Sie das Backfett durch natives Oliven\u00f6l extra. So erreichen Sie eine goldgelbe Farbe, eine optimale Knusprigkeit und einen Geschmack, der perfekt zu Obst oder Gem\u00fcse passt, je nachdem womit Sie den Teig belegen.<\/p>\n<p>&#8211; <strong>Radieschen<\/strong>: Um den Geschmack von<span class=\"Apple-converted-space\">\u00a0 <\/span>Radieschen zu verbessern, schneiden Sie diese in runde Scheiben, legen Sie sie in ein Gef\u00e4\u00df oder auf einen Teller und geben Sie 3 Essl\u00f6ffel Oliven\u00f6l, 1 Essl\u00f6ffel Essig und etwas gehackte Petersilie hinzu.<\/p>\n<p>&#8211; <strong>Ged\u00e4mpftes Gem\u00fcse<\/strong>: Geben Sie einige Tropfen Oliven\u00f6l direkt vor dem Servieren \u00fcber das ged\u00e4mpfte Gem\u00fcse (Kartoffeln, Brokkoli, Blumenkohl, Artischockenherzen, Spargel, &#8230;), um den Geschmack der verschiedenen Gem\u00fcsearten zu betonen.<\/p>\n<p>&#8211; <strong>Bohnen<\/strong>: Damit Bohnen, die Sie zum Beispiel zu Braten oder gegrillten Toulouser W\u00fcrstchen reichen, noch bek\u00f6mmlicher werden, tr\u00e4ufeln Sie direkt vor dem Servieren ein wenig Oliven\u00f6l dar\u00fcber.<\/p>\n<p>&#8211; <strong>Helles gebratenes Fleisch<\/strong>: Pinseln Sie die gesamte Oberfl\u00e4che des Fleischst\u00fccks (Kalb, Gefl\u00fcgel oder Hasenr\u00fccken, &#8230;) mit Oliven\u00f6l ein, um den Eigengeschmack des Fleischs zu verst\u00e4rken.<\/p>\n<p>&#8211; Mayonnaise: Ersetzen Sie bei der Zubereitung der Mayonnaise Sonnenblumen\u00f6l durch Oliven\u00f6l. So erh\u00e4lt die Mayonnaise einen sch\u00f6nen Duft und eine sonnengelbe Farbe!<\/p>\n<p>&#8211; Aromatisiertes Oliven\u00f6l: Geben Sie einige Zweige aromatischer Kr\u00e4uter<span class=\"Apple-converted-space\">\u00a0 <\/span>(Dill, Basilikum, Estragon, Fenchel, Lorbeer, Rosmarin, Thymian, Bohnenkraut, &#8230;) in Ihre Oliven\u00f6lflasche und bewahren Sie sie vor Licht gesch\u00fctzt 3 Wochen lang auf, damit die Kr\u00e4uter ausreichend Zeit haben ihre Aromastoffe an das Oliven\u00f6l abzugeben.<\/p>\n<p>Zum Genie\u00dfen mit Pasta, Kartoffeln, Gem\u00fcse oder Salat.<\/p>\n<\/div><div class=\"fusion-clearfix\"><\/div><\/div><\/div><\/div><\/div>\n","protected":false},"excerpt":{"rendered":"","protected":false},"author":1,"featured_media":0,"parent":0,"menu_order":23,"comment_status":"closed","ping_status":"closed","template":"","meta":{"_monsterinsights_skip_tracking":false,"_monsterinsights_sitenote_active":false,"_monsterinsights_sitenote_note":"","_monsterinsights_sitenote_category":0,"footnotes":""},"class_list":["post-1534","page","type-page","status-publish","hentry"],"yoast_head":"<!-- This site is optimized with the Yoast SEO plugin v27.3 - https:\/\/yoast.com\/product\/yoast-seo-wordpress\/ -->\n<title>Tipps und Tricks f\u00fcr die K\u00fcche - LOOKING FOR THE PERFECT FOOD<\/title>\n<meta name=\"robots\" content=\"index, follow, max-snippet:-1, max-image-preview:large, max-video-preview:-1\" \/>\n<link rel=\"canonical\" href=\"https:\/\/lookingfortheperfectfood.eu\/de\/tipps-und-tricks-fuer-die-kueche\/\" \/>\n<meta property=\"og:locale\" content=\"de_DE\" \/>\n<meta property=\"og:type\" content=\"article\" \/>\n<meta property=\"og:title\" content=\"Tipps und Tricks f\u00fcr die K\u00fcche - LOOKING FOR THE PERFECT FOOD\" \/>\n<meta property=\"og:url\" content=\"https:\/\/lookingfortheperfectfood.eu\/de\/tipps-und-tricks-fuer-die-kueche\/\" \/>\n<meta property=\"og:site_name\" content=\"LOOKING FOR THE PERFECT FOOD\" \/>\n<meta name=\"twitter:card\" content=\"summary_large_image\" \/>\n<meta name=\"twitter:label1\" content=\"Gesch\u00e4tzte Lesezeit\" \/>\n\t<meta name=\"twitter:data1\" content=\"5\u00a0Minuten\" \/>\n<script type=\"application\/ld+json\" class=\"yoast-schema-graph\">{\"@context\":\"https:\\\/\\\/schema.org\",\"@graph\":[{\"@type\":\"WebPage\",\"@id\":\"https:\\\/\\\/lookingfortheperfectfood.eu\\\/de\\\/tipps-und-tricks-fuer-die-kueche\\\/\",\"url\":\"https:\\\/\\\/lookingfortheperfectfood.eu\\\/de\\\/tipps-und-tricks-fuer-die-kueche\\\/\",\"name\":\"Tipps und Tricks f\u00fcr die K\u00fcche - LOOKING FOR THE PERFECT FOOD\",\"isPartOf\":{\"@id\":\"https:\\\/\\\/lookingfortheperfectfood.eu\\\/fr\\\/#website\"},\"datePublished\":\"2019-10-28T12:25:45+00:00\",\"breadcrumb\":{\"@id\":\"https:\\\/\\\/lookingfortheperfectfood.eu\\\/de\\\/tipps-und-tricks-fuer-die-kueche\\\/#breadcrumb\"},\"inLanguage\":\"de\",\"potentialAction\":[{\"@type\":\"ReadAction\",\"target\":[\"https:\\\/\\\/lookingfortheperfectfood.eu\\\/de\\\/tipps-und-tricks-fuer-die-kueche\\\/\"]}]},{\"@type\":\"BreadcrumbList\",\"@id\":\"https:\\\/\\\/lookingfortheperfectfood.eu\\\/de\\\/tipps-und-tricks-fuer-die-kueche\\\/#breadcrumb\",\"itemListElement\":[{\"@type\":\"ListItem\",\"position\":1,\"name\":\"Home\",\"item\":\"https:\\\/\\\/lookingfortheperfectfood.eu\\\/de\\\/\"},{\"@type\":\"ListItem\",\"position\":2,\"name\":\"Tipps und Tricks f\u00fcr die K\u00fcche\"}]},{\"@type\":\"WebSite\",\"@id\":\"https:\\\/\\\/lookingfortheperfectfood.eu\\\/fr\\\/#website\",\"url\":\"https:\\\/\\\/lookingfortheperfectfood.eu\\\/fr\\\/\",\"name\":\"LOOKING FOR THE PERFECT FOOD\",\"description\":\"OLIO EXTRAVERGINE DI OLIVA EUROPEO UNICO COME LA SUA QUALIT\u00c0\",\"potentialAction\":[{\"@type\":\"SearchAction\",\"target\":{\"@type\":\"EntryPoint\",\"urlTemplate\":\"https:\\\/\\\/lookingfortheperfectfood.eu\\\/fr\\\/?s={search_term_string}\"},\"query-input\":{\"@type\":\"PropertyValueSpecification\",\"valueRequired\":true,\"valueName\":\"search_term_string\"}}],\"inLanguage\":\"de\"}]}<\/script>\n<!-- \/ Yoast SEO plugin. -->","yoast_head_json":{"title":"Tipps und Tricks f\u00fcr die K\u00fcche - LOOKING FOR THE PERFECT FOOD","robots":{"index":"index","follow":"follow","max-snippet":"max-snippet:-1","max-image-preview":"max-image-preview:large","max-video-preview":"max-video-preview:-1"},"canonical":"https:\/\/lookingfortheperfectfood.eu\/de\/tipps-und-tricks-fuer-die-kueche\/","og_locale":"de_DE","og_type":"article","og_title":"Tipps und Tricks f\u00fcr die K\u00fcche - LOOKING FOR THE PERFECT FOOD","og_url":"https:\/\/lookingfortheperfectfood.eu\/de\/tipps-und-tricks-fuer-die-kueche\/","og_site_name":"LOOKING FOR THE PERFECT FOOD","twitter_card":"summary_large_image","twitter_misc":{"Gesch\u00e4tzte Lesezeit":"5\u00a0Minuten"},"schema":{"@context":"https:\/\/schema.org","@graph":[{"@type":"WebPage","@id":"https:\/\/lookingfortheperfectfood.eu\/de\/tipps-und-tricks-fuer-die-kueche\/","url":"https:\/\/lookingfortheperfectfood.eu\/de\/tipps-und-tricks-fuer-die-kueche\/","name":"Tipps und Tricks f\u00fcr die K\u00fcche - LOOKING FOR THE PERFECT FOOD","isPartOf":{"@id":"https:\/\/lookingfortheperfectfood.eu\/fr\/#website"},"datePublished":"2019-10-28T12:25:45+00:00","breadcrumb":{"@id":"https:\/\/lookingfortheperfectfood.eu\/de\/tipps-und-tricks-fuer-die-kueche\/#breadcrumb"},"inLanguage":"de","potentialAction":[{"@type":"ReadAction","target":["https:\/\/lookingfortheperfectfood.eu\/de\/tipps-und-tricks-fuer-die-kueche\/"]}]},{"@type":"BreadcrumbList","@id":"https:\/\/lookingfortheperfectfood.eu\/de\/tipps-und-tricks-fuer-die-kueche\/#breadcrumb","itemListElement":[{"@type":"ListItem","position":1,"name":"Home","item":"https:\/\/lookingfortheperfectfood.eu\/de\/"},{"@type":"ListItem","position":2,"name":"Tipps und Tricks f\u00fcr die K\u00fcche"}]},{"@type":"WebSite","@id":"https:\/\/lookingfortheperfectfood.eu\/fr\/#website","url":"https:\/\/lookingfortheperfectfood.eu\/fr\/","name":"LOOKING FOR THE PERFECT FOOD","description":"OLIO EXTRAVERGINE DI OLIVA EUROPEO UNICO COME LA SUA QUALIT\u00c0","potentialAction":[{"@type":"SearchAction","target":{"@type":"EntryPoint","urlTemplate":"https:\/\/lookingfortheperfectfood.eu\/fr\/?s={search_term_string}"},"query-input":{"@type":"PropertyValueSpecification","valueRequired":true,"valueName":"search_term_string"}}],"inLanguage":"de"}]}},"_links":{"self":[{"href":"https:\/\/lookingfortheperfectfood.eu\/de\/wp-json\/wp\/v2\/pages\/1534","targetHints":{"allow":["GET"]}}],"collection":[{"href":"https:\/\/lookingfortheperfectfood.eu\/de\/wp-json\/wp\/v2\/pages"}],"about":[{"href":"https:\/\/lookingfortheperfectfood.eu\/de\/wp-json\/wp\/v2\/types\/page"}],"author":[{"embeddable":true,"href":"https:\/\/lookingfortheperfectfood.eu\/de\/wp-json\/wp\/v2\/users\/1"}],"replies":[{"embeddable":true,"href":"https:\/\/lookingfortheperfectfood.eu\/de\/wp-json\/wp\/v2\/comments?post=1534"}],"version-history":[{"count":1,"href":"https:\/\/lookingfortheperfectfood.eu\/de\/wp-json\/wp\/v2\/pages\/1534\/revisions"}],"predecessor-version":[{"id":1535,"href":"https:\/\/lookingfortheperfectfood.eu\/de\/wp-json\/wp\/v2\/pages\/1534\/revisions\/1535"}],"wp:attachment":[{"href":"https:\/\/lookingfortheperfectfood.eu\/de\/wp-json\/wp\/v2\/media?parent=1534"}],"curies":[{"name":"wp","href":"https:\/\/api.w.org\/{rel}","templated":true}]}}